{"id":5579,"date":"2021-11-17T13:55:24","date_gmt":"2021-11-17T13:55:24","guid":{"rendered":"https:\/\/www.kimstones.com\/?post_type=product&#038;p=5579"},"modified":"2021-11-17T14:40:38","modified_gmt":"2021-11-17T14:40:38","slug":"disco-rasta-orgone-con-cristalli","status":"publish","type":"product","link":"https:\/\/www.kimstones.com\/it\/prodotto\/disco-rasta-orgone-con-cristalli\/","title":{"rendered":"disco rasta orgone con cristalli"},"content":{"rendered":"<h2>Cristalli nel disco orgonico:<\/h2>\n<ul>\n<li>La calcite \u00e8 un cristallo fondamentale che rimuove le energie negative e riempie lo spazio di energia cristallina che purifica tutti i chakra. Si trova in tutte le orgoniti e potenzia fortemente il potere di altri cristalli purificanti. Si connette con la coscienza superiore ed \u00e8 usato nelle proiezioni astrali e nel connettere l&#8217;intelletto con le emozioni. Stimola il funzionamento della mente.<\/li>\n<li>Lo smeraldo \u00e8 una pietra preziosa per la felicit\u00e0 nell&#8217;amore e nella fedelt\u00e0. Porta benessere in casa, guarisce le ferite emotive e rafforza le amicizie. Attiva il chakra del cuore e ci aiuta a trovare la verit\u00e0 e l&#8217;equilibrio tra pensieri e cuore.<\/li>\n<li>La pietra del sole \u00e8 la pietra dell&#8217;identit\u00e0, della libert\u00e0 e della felicit\u00e0. Pulisce e attiva tutti i chakra e ci aiuta a svolgere compiti di leadership. Aiuta coloro che hanno difficolt\u00e0 a dire di no o vogliono una migliore immagine di s\u00e9. \u00c8 una pietra di auto-potenziamento e auto-guarigione, piena di ottimismo e zelo.<\/li>\n<li>Il turchese \u00e8 una pietra protettiva che attiva il chakra del cuore, la gola e il terzo occhio. Ha la capacit\u00e0 di assorbire le energie spiacevoli e crea un biocampo sicuro e sicuro. Rafforza l&#8217;amicizia e l&#8217;amore romantico.<\/li>\n<\/ul>\n<p><em>Un disco o piedistallo orgonico pulisce lo spazio e lo riempie di energia orgonica, una sottile energia vitale di cui abbiamo bisogno pi\u00f9 che mai in questi giorni. Le basi di orgonite multistrato riempiono l&#8217;ambiente circostante con alte vibrazioni positive ed energia vitale. Pu\u00f2 essere usato come piedistallo per i nostri cibi e bevande. Puoi sederti sopra, metterlo sotto i piedi, sulla scrivania o appoggiarlo sul fondo di una vasca idromassaggio.<\/em><\/p>\n<h2>Effetti dei dischi di orgonite:<\/h2>\n<ul>\n<li>Armonizzano l&#8217;energia degli oggetti e l&#8217;ambiente in cui li collochiamo,<\/li>\n<li>bloccare gli effetti nocivi dei dispositivi elettrici nell&#8217;ambiente,<\/li>\n<li>migliorare il sonno ed eliminare i problemi di insonnia cronica,<\/li>\n<li>aumentare il potere della meditazione,<\/li>\n<li>rafforzare il legame con i conduttori,<\/li>\n<li>avere un effetto benefico su piante e animali,<\/li>\n<li>migliorare la produttivit\u00e0 e la concentrazione,<\/li>\n<li>fornire cellule sane alle nostre cellule con energia orgonica.<\/li>\n<\/ul>\n<h2>Utilizzo di dischi orgone<\/h2>\n<ul>\n<li>Usiamo le basi orgonica in casa e le usiamo per pulire le vibrazioni nel nostro cibo e bevande. Possiamo posizionarli sul posto di lavoro, sotto il letto, le piante o il luogo dove riposano i nostri animali. Con loro possiamo pulire i cristalli, metterci sopra telefoni, chiavi o altri oggetti che vogliamo informare.<\/li>\n<li>Cos&#8217;hanno di speciale le nostre orgoniti?<\/li>\n<li>Fatto a mano in Europa<\/li>\n<li>Solo vere pietre semipreziose e preziose<\/li>\n<li>Consigli sull&#8217;uso delle orgoniti<\/li>\n<li>Ogni prodotto viene energicamente pulito e programmato con l&#8217;ausilio di griglie di cristallo e orgoniti pi\u00f9 grandi.<\/li>\n<li>Contattaci se stai cercando orgonite su misura secondo il tuo tema natale.<\/li>\n<\/ul>\n<h2>Come utilizziamo le orgoniti?<\/h2>\n<ul>\n<li>Orgoniti pi\u00f9 grandi possono essere distribuiti intorno alla nostra casa.<\/li>\n<li>Possiamo installare una specifica orgonite in camera da letto, studio, cucina o camera dei bambini.<\/li>\n<li>L&#8217;orgonite pu\u00f2 essere indossata al collo, in tasca, in borsa o in macchina.<\/li>\n<li>Se abbiamo bisogno di pi\u00f9 energia possiamo sederci o salire su un disco o piedistallo orgone.<\/li>\n<li>Pulisci e informa cibo, acqua, gioielli puliti su di loro.<\/li>\n<li>Mettili vicino ad animali, piante o in giardino.<\/li>\n<li>Adagiateli accanto a frutta o verdura fresca.<\/li>\n<li>Oppure mettili tra noi e i dispositivi elettronici.<\/li>\n<\/ul>\n","protected":false},"excerpt":{"rendered":"<p>Disco Orgone per connettersi con antenati, abbondanza e amore. Viene utilizzato in meditazioni o cerimonie, sul posto di lavoro e a letto. La base nella stanza armonizza il campo orgonico e crea una piacevole sensazione di vita. Diametro: 180 mm.<\/p>\n","protected":false},"featured_media":5583,"comment_status":"open","ping_status":"closed","template":"","meta":{"_monsterinsights_skip_tracking":false,"_monsterinsights_sitenote_active":false,"_monsterinsights_sitenote_note":"","_monsterinsights_sitenote_category":0},"product_brand":[],"product_cat":[162,56],"product_tag":[236,237,235],"class_list":{"0":"post-5579","1":"product","2":"type-product","3":"status-publish","4":"has-post-thumbnail","6":"product_cat-orgonite-dischi-it","7":"product_cat-orgoniti-it","8":"product_tag-abbondanza","9":"product_tag-amore","10":"product_tag-connessione-con-gli-antenati","11":"product_shipping_class-consegna-orgoniti","12":"wcpa_has_options","14":"first","15":"instock","16":"sale","17":"shipping-taxable","18":"purchasable","19":"product-type-simple"},"_links":{"self":[{"href":"https:\/\/www.kimstones.com\/it\/wp-json\/wp\/v2\/product\/5579","targetHints":{"allow":["GET"]}}],"collection":[{"href":"https:\/\/www.kimstones.com\/it\/wp-json\/wp\/v2\/product"}],"about":[{"href":"https:\/\/www.kimstones.com\/it\/wp-json\/wp\/v2\/types\/product"}],"replies":[{"embeddable":true,"href":"https:\/\/www.kimstones.com\/it\/wp-json\/wp\/v2\/comments?post=5579"}],"wp:featuredmedia":[{"embeddable":true,"href":"https:\/\/www.kimstones.com\/it\/wp-json\/wp\/v2\/media\/5583"}],"wp:attachment":[{"href":"https:\/\/www.kimstones.com\/it\/wp-json\/wp\/v2\/media?parent=5579"}],"wp:term":[{"taxonomy":"product_brand","embeddable":true,"href":"https:\/\/www.kimstones.com\/it\/wp-json\/wp\/v2\/product_brand?post=5579"},{"taxonomy":"product_cat","embeddable":true,"href":"https:\/\/www.kimstones.com\/it\/wp-json\/wp\/v2\/product_cat?post=5579"},{"taxonomy":"product_tag","embeddable":true,"href":"https:\/\/www.kimstones.com\/it\/wp-json\/wp\/v2\/product_tag?post=5579"}],"curies":[{"name":"wp","href":"https:\/\/api.w.org\/{rel}","templated":true}]}}