{"id":5559,"date":"2021-11-17T11:15:27","date_gmt":"2021-11-17T11:15:27","guid":{"rendered":"https:\/\/www.kimstones.com\/?post_type=product&#038;p=5559"},"modified":"2021-11-17T13:51:37","modified_gmt":"2021-11-17T13:51:37","slug":"disco-orgone-per-la-protezione-e-la-crescita-personale","status":"publish","type":"product","link":"https:\/\/www.kimstones.com\/it\/prodotto\/disco-orgone-per-la-protezione-e-la-crescita-personale\/","title":{"rendered":"Disco Orgone per la protezione e la crescita personale"},"content":{"rendered":"<h2>Cristalli nel disco orgonico:<\/h2>\n<ul>\n<li>L&#8217;ametista \u00e8 una potente pietra protettiva a tutti i livelli e ci connette a livelli pi\u00f9 alti. Aumenta la consapevolezza di noi stessi e della nostra nobilt\u00e0. Incoraggia l&#8217;intuizione, il terzo occhio e la connessione spirituale. Aiuta a guarire il corpo, la mente e l&#8217;anima e la trasformazione personale. Regola i processi vitali e ci supporta nella comunicazione.L&#8217;avventurina verde porta prosperit\u00e0 e abbondanza e rafforza le capacit\u00e0 di leadership e l&#8217;empatia. Porta felicit\u00e0, aumenta la creativit\u00e0 e la concentrazione. Supporta il sistema nervoso e riequilibra il sistema immunitario.<\/li>\n<li>Il rubino \u00e8 un cristallo di protezione, integrit\u00e0, felicit\u00e0, guarigione, coraggio, abbondanza, forza e generosit\u00e0. Attivando il primo chakra e il chakra del cuore, stimola la passione e aumenta la voglia di vivere. Supporta l&#8217;attivazione del terzo occhio e la rimozione dei blocchi sul percorso spirituale. Aiuta a purificare il corpo, la respirazione cellulare e aiuta con l&#8217;equilibrio ormonale.<\/li>\n<li>L&#8217;occhio di tigre protegge il nostro corpo energetico e fisico e porta pensieri puri. \u00c8 una pietra di protezione, felicit\u00e0, concentrazione, manifestazione. \u00c8 radicato, incoraggia l&#8217;ingegno e offre una visione obiettiva delle sfide. Protegge da esplosioni psicosomatiche e pensieri pesanti.<\/li>\n<li>Il turchese \u00e8 una pietra protettiva che attiva il chakra del cuore, la gola e il terzo occhio. Ha la capacit\u00e0 di assorbire le energie spiacevoli e crea un biocampo sicuro e sicuro.<\/li>\n<li>Rafforza l&#8217;amicizia e l&#8217;amore romantico.<br \/>\nL&#8217;Amazzonia verde \u00e8 una pietra di pace, comprensione, fiducia, chiaroveggenza e profezia. Apre i chakra del cuore e della gola, mostra entrambi i lati della medaglia e aiuta a risolvere le sfide pi\u00f9 difficili della vita. Aiuta con i blocchi nel sistema nervoso.<\/li>\n<li>Il granato \u00e8 la pietra dei saggi e delle manifestazioni. Pulisce e attiva tutti i chakra e aiuta a dirigere l&#8217;energia sessuale. Aumenta la fiducia in se stessi e accelera il progresso personale.<\/li>\n<li>Il diaspro di fiume \u00e8 una pietra protettiva che protegge da paure e incubi. Si connette con la terra e la riempie di coraggio. Come un fiume d&#8217;amore trasforma e purifica le ferite del passato.<\/li>\n<li>Il diaspro dalmata \u00e8 usato per radicare e distruggere le illusioni. Ci aiuta a vedere i difetti e le virt\u00f9. Evoca compassione, lealt\u00e0, rafforza la lealt\u00e0 e le relazioni d&#8217;amore.<\/li>\n<li>L&#8217;agata \u00e8 una pietra di abbondanza, amore, felicit\u00e0 e longevit\u00e0. Armonizza il nostro corpo, mente e spirito e quindi migliora la concentrazione, la presenza e la capacit\u00e0 di analisi. Consigliato per le donne in gravidanza. Calma la rabbia interiore e l&#8217;aggressivit\u00e0 e calma. Esistono diversi tipi di agate che bilanciano diversi chakra. Migliora solo l&#8217;immagine, equilibra le nostre emozioni e ci protegge dagli attacchi di energia.<\/li>\n<li>Il diaspro del paesaggio ci riconnette alla terra e ci permette di purificare le nostre emozioni. Rimuove paure, blocchi e incoraggia la creativit\u00e0.<\/li>\n<li>Il diaspro verde porta pace, saggezza e compassione alla vita. Si equilibra sul primo chakra e sul chakra del cuore, si riempie e guarisce con amore. Collega entrambi i nostri poli e rafforza il senso dell&#8217;amore incondizionato.<\/li>\n<li>La calcite rimuove le energie negative e riempie lo spazio di energia cristallina che purifica tutti i chakra. La calcite potenzia il potere di altri cristalli detergenti. Si connette con la coscienza superiore, lo usiamo nelle proiezioni astrali e nel connettere l&#8217;intelletto con le emozioni. Stimola il funzionamento della mente.<\/li>\n<li>La corniola abbellisce la vita con la creativit\u00e0 e attiva il primo e il secondo chakra. \u00c8 una pietra di vitalit\u00e0, creativit\u00e0, armonia, amore, autostima, fertilit\u00e0 e coraggio. Aiuta a guarire le ferite e a viaggiare nelle vite passate.<\/li>\n<li>Il quarzo \u00e8 il cristallo curativo fondamentale di tutte le orgoniti e potenzia l&#8217;azione di tutti gli altri cristalli. Funziona in modo olistico e soprattutto sul settimo chakra.<\/li>\n<li>Il quarzo fragola \u00e8 una pietra di puro amore e guarigione. Ci mette al centro del cuore e bilancia l&#8217;euforia dell&#8217;infatuazione. Rafforza le connessioni energetiche e la comunicazione non verbale.<\/li>\n<li>Il crisoprasio porta protezione alle guide, apre e purifica il chakra del cuore, equilibra il nostro genere maschile-femminile e ci infonde la voglia di vivere. Ci connette al nostro bambino interiore e aumenta la compassione per l&#8217;intero universo. Cura le ferite del cuore e si nutre con ottimismo. Apre la porta a una connessione con la coscienza universale e in pienezza con la giovinezza.<\/li>\n<li>La pietra di luna porta gioia, felicit\u00e0, cura, amore materno, umanitarismo, altruismo e possibilit\u00e0 di nuovi inizi. D\u00e0 una sensazione di abbondanza, lenisce, aumenta l&#8217;intuizione e purifica le ghiandole cerebrali. Con tutta la sua tenerezza riequilibra il terzo chakra, calma i pensieri turbolenti e i nostri organi interni.<\/li>\n<li>L&#8217;opale ardente \u00e8 una pietra di sensi ed emozioni. Libera, promuove l&#8217;indipendenza e libera i pensieri e apre il cuore. Incoraggia la creativit\u00e0, rafforza la memoria e la spontaneit\u00e0. Lo abbiamo vicino alla nascita e durante la sindrome premestruale. \u00c8 un cristallo di amore, lealt\u00e0 e pace.<\/li>\n<li>Lo smeraldo \u00e8 una pietra preziosa per la felicit\u00e0 nell&#8217;amore e nella fedelt\u00e0. Porta benessere in casa, guarisce le ferite emotive e rafforza le amicizie. Attiva il chakra del cuore e ci aiuta a trovare la verit\u00e0 e l&#8217;equilibrio tra pensieri e cuore.<\/li>\n<li>Unakit regola le emozioni ed \u00e8 una pietra di visioni. Protegge e incoraggia nella creazione di una famiglia. Porta una gravidanza felice. Rinvigorisce il cuore e lo apre ad accettare te stesso, il tuo passato e i tuoi antenati, e ti permette di radicarti in viaggi spirituali.<\/li>\n<li>L&#8217;onice dona forza, resistenza, fiducia in se stessi. Aumenta la nostra resistenza, costanza e fermezza nei momenti difficili. Elimina il dolore e il lutto. Aiuta a mantenerele nostre decisioni e facilita i cambiamenti di vita.<\/li>\n<li>La pietra del sole \u00e8 la pietra dell&#8217;identit\u00e0, della libert\u00e0 e della felicit\u00e0. Pulisce e attiva tutti i chakra e ci aiuta a svolgere compiti di leadership. Aiuta coloro che hanno difficolt\u00e0 a dire di no o vogliono una migliore immagine di s\u00e9. \u00c8 una pietra di auto-potenziamento e auto-guarigione, piena di ottimismo e zelo.<\/li>\n<li>Il diaspro giallo atterra e attiva il terzo chakra. Calma le emozioni e gli organi nella cavit\u00e0 addominale. Rigenera il corpo e ci riempie di voglia di vivere nelle situazioni pi\u00f9 impegnative.<\/li>\n<li>La calcite gialla blocca le energie sgradevoli e purifica i chakra. Ha un effetto positivo sull&#8217;autostima, aumenta la fiducia in se stessi e ci infonde forza di volont\u00e0. Supporta la funzione gastrointestinale, riduce l&#8217;affaticamento.<\/li>\n<li>Labradorite trasforma e protegge l&#8217;aura. Apre il terzo occhio, ci connette con il divino, guardiani e guide. Aiuta con grandi cambiamenti di vita su te stesso o nella tua carriera. Risolve l&#8217;irrisolvibile in precedenza e rimuove i blocchi. Rafforza l&#8217;intuizione e attiva la concentrazione. Rilassa il sistema nervoso e mantiene l&#8217;armonia ormonale e metabolica.<\/li>\n<li>Charoite \u00e8 un cristallo di trasformazione. Apre il cuore e ci connette con l&#8217;amore incondizionato. Si apre alla ricezione del divino. Attiva il terzo occhio e facilita l&#8217;autoriflessione in quanto calma e riduce le preoccupazioni. Supporta cuore, nervi, fegato e pancreas.<\/li>\n<\/ul>\n<p><em>Un disco o piedistallo orgonico pulisce lo spazio e lo riempie di energia orgonica, una sottile energia vitale di cui abbiamo bisogno pi\u00f9 che mai in questi giorni. Le basi di orgonite multistrato riempiono l&#8217;ambiente circostante con alte vibrazioni positive ed energia vitale. Pu\u00f2 essere usato come piedistallo per i nostri cibi e bevande. Puoi sederti sopra, metterlo sotto i piedi, sulla scrivania o appoggiarlo sul fondo di una vasca idromassaggio.<\/em><\/p>\n<h2>Effetti dei dischi di orgonite:<\/h2>\n<ul>\n<li>Armonizzano l&#8217;energia degli oggetti e l&#8217;ambiente in cui li collochiamo,<\/li>\n<li>bloccare gli effetti nocivi dei dispositivi elettrici nell&#8217;ambiente,<\/li>\n<li>migliorare il sonno ed eliminare i problemi di insonnia cronica,<\/li>\n<li>aumentare il potere della meditazione,<\/li>\n<li>rafforzare il legame con i conduttori,<\/li>\n<li>avere un effetto benefico su piante e animali,<\/li>\n<li>migliorare la produttivit\u00e0 e la concentrazione,<\/li>\n<li>fornire cellule sane alle nostre cellule con energia orgonica.<\/li>\n<\/ul>\n<h2>Utilizzo di dischi orgone<\/h2>\n<ul>\n<li>Usiamo le basi orgonica in casa e le usiamo per pulire le vibrazioni nel nostro cibo e bevande. Possiamo posizionarli sul posto di lavoro, sotto il letto, le piante o il luogo dove riposano i nostri animali. Con loro possiamo pulire i cristalli, metterci sopra telefoni, chiavi o altri oggetti che vogliamo informare.<\/li>\n<li>Cos&#8217;hanno di speciale le nostre orgoniti?<\/li>\n<li>Fatto a mano in Europa<\/li>\n<li>Solo vere pietre semipreziose e preziose<\/li>\n<li>Consigli sull&#8217;uso delle orgoniti<\/li>\n<li>Ogni prodotto viene energicamente pulito e programmato con l&#8217;ausilio di griglie di cristallo e orgoniti pi\u00f9 grandi.<\/li>\n<li>Contattaci se stai cercando orgonite su misura secondo il tuo tema natale.<\/li>\n<\/ul>\n<h2>Come utilizziamo le orgoniti?<\/h2>\n<ul>\n<li>Orgoniti pi\u00f9 grandi possono essere distribuiti intorno alla nostra casa.<\/li>\n<li>Possiamo installare una specifica orgonite in camera da letto, studio, cucina o camera dei bambini.<\/li>\n<li>L&#8217;orgonite pu\u00f2 essere indossata al collo, in tasca, in borsa o in macchina.<\/li>\n<li>Se abbiamo bisogno di pi\u00f9 energia possiamo sederci o salire su un disco o piedistallo orgone.<\/li>\n<li>Pulisci e informa cibo, acqua, gioielli puliti su di loro.<\/li>\n<li>Mettili vicino ad animali, piante o in giardino.<\/li>\n<li>Adagiateli accanto a frutta o verdura fresca.<\/li>\n<li>Oppure mettili tra noi e i dispositivi elettronici.<\/li>\n<\/ul>\n","protected":false},"excerpt":{"rendered":"<p>Il disco orgonico estremamente potente per la protezione dei biocampi contiene varie griglie di cristallo\u00a0per la protezione, la rimozione dei blocchi e la connessione con le guide spirituali. L&#8217;orgonite ci permetter\u00e0 di crescere e progredire rapidamente a tutti i livelli della vita e di stare lontani dalle energie indesiderate. Possiamo sederci sopra, metterci in piedi, appoggiarci sopra cibo o altri oggetti. Diametro: 180 mm.<\/p>\n","protected":false},"featured_media":5563,"comment_status":"open","ping_status":"closed","template":"","meta":{"_monsterinsights_skip_tracking":false,"_monsterinsights_sitenote_active":false,"_monsterinsights_sitenote_note":"","_monsterinsights_sitenote_category":0},"product_brand":[],"product_cat":[162,56],"product_tag":[225,227,223,224,226],"class_list":{"0":"post-5559","1":"product","2":"type-product","3":"status-publish","4":"has-post-thumbnail","6":"product_cat-orgonite-dischi-it","7":"product_cat-orgoniti-it","8":"product_tag-collegamento-con-le-guide","9":"product_tag-crescita-personale","10":"product_tag-protezzione","11":"product_tag-pulizia","12":"product_tag-terzo-occhio","13":"product_shipping_class-consegna-orgoniti","14":"wcpa_has_options","16":"first","17":"instock","18":"sale","19":"shipping-taxable","20":"purchasable","21":"product-type-simple"},"_links":{"self":[{"href":"https:\/\/www.kimstones.com\/it\/wp-json\/wp\/v2\/product\/5559","targetHints":{"allow":["GET"]}}],"collection":[{"href":"https:\/\/www.kimstones.com\/it\/wp-json\/wp\/v2\/product"}],"about":[{"href":"https:\/\/www.kimstones.com\/it\/wp-json\/wp\/v2\/types\/product"}],"replies":[{"embeddable":true,"href":"https:\/\/www.kimstones.com\/it\/wp-json\/wp\/v2\/comments?post=5559"}],"wp:featuredmedia":[{"embeddable":true,"href":"https:\/\/www.kimstones.com\/it\/wp-json\/wp\/v2\/media\/5563"}],"wp:attachment":[{"href":"https:\/\/www.kimstones.com\/it\/wp-json\/wp\/v2\/media?parent=5559"}],"wp:term":[{"taxonomy":"product_brand","embeddable":true,"href":"https:\/\/www.kimstones.com\/it\/wp-json\/wp\/v2\/product_brand?post=5559"},{"taxonomy":"product_cat","embeddable":true,"href":"https:\/\/www.kimstones.com\/it\/wp-json\/wp\/v2\/product_cat?post=5559"},{"taxonomy":"product_tag","embeddable":true,"href":"https:\/\/www.kimstones.com\/it\/wp-json\/wp\/v2\/product_tag?post=5559"}],"curies":[{"name":"wp","href":"https:\/\/api.w.org\/{rel}","templated":true}]}}