{"id":5536,"date":"2021-10-21T15:48:05","date_gmt":"2021-10-21T15:48:05","guid":{"rendered":"https:\/\/www.kimstones.com\/izdelek\/piedistallo-in-orgonite-con-un-fiore-della-vita-e-una-collana-di-cristalli\/"},"modified":"2021-10-21T15:48:05","modified_gmt":"2021-10-21T15:48:05","slug":"piedistallo-in-orgonite-con-un-fiore-della-vita-e-una-collana-di-cristalli","status":"publish","type":"product","link":"https:\/\/www.kimstones.com\/it\/prodotto\/piedistallo-in-orgonite-con-un-fiore-della-vita-e-una-collana-di-cristalli\/","title":{"rendered":"Piedistallo in orgonite con un fiore della vita e una collana di cristalli"},"content":{"rendered":"<h1>Cristalli in una base orgonica:<\/h1>\n<ul>\n<li>Il diaspro di fiume \u00e8 una pietra protettiva che protegge da paure e incubi. Si connette con la terra e la riempie di coraggio. Come un fiume d&#8217;amore trasforma e purifica le ferite del passato.<\/li>\n<li>La corniola abbellisce la vita con la creativit\u00e0 e attiva il primo e il secondo chakra. \u00c8 una pietra di vitalit\u00e0, creativit\u00e0, armonia, amore, autostima, fertilit\u00e0 e coraggio. Aiuta a guarire le ferite e a viaggiare nelle vite passate.<\/li>\n<li>La calcite gialla blocca le energie sgradevoli e purifica i chakra. Ha un effetto positivo sull&#8217;autostima, aumenta la fiducia in se stessi e ci infonde forza di volont\u00e0. Supporta la funzione gastrointestinale, riduce l&#8217;affaticamento.<\/li>\n<li>Il diaspro verde porta pace, saggezza e compassione alla vita. Si equilibra sul primo chakra e sul chakra del cuore, si riempie e guarisce con amore. Collega entrambi i nostri poli e rafforza il senso dell&#8217;amore incondizionato.<\/li>\n<li>L&#8217;angelite si connette con vibrazioni pi\u00f9 elevate, espande la coscienza, incoraggia la creativit\u00e0, porta intuizioni, chiarimenti. Attiva i tre chakra superiori e apre la porta ai viaggi astrali e spirituali. Ha la capacit\u00e0 di incanalare l&#8217;energia ed \u00e8 popolare tra guaritori, artisti, architetti, ingegneri e inventori.<\/li>\n<li>La sodalite \u00e8 la pietra dei cercatori di verit\u00e0, dei logici, dei pensatori, dei cantanti e degli oratori. Attiva il chakra del terzo occhio e della gola e stimola e collega l&#8217;intuizione con il pensiero razionale. Porta pace, obiettivit\u00e0 e sostegno emotivo alla mente. Trasforma l&#8217;elettrosmog, riduce lo stress e favorisce l&#8217;assorbimento dei liquidi.<\/li>\n<li>L&#8217;ametista \u00e8 una potente pietra protettiva a tutti i livelli. Aumenta la consapevolezza di noi stessi e della nostra nobilt\u00e0. Incoraggia l&#8217;intuizione, il terzo occhio e la connessione spirituale. Aiuta a guarire il corpo, la mente e l&#8217;anima e la trasformazione personale. Regola i processi vitali e ci supporta nella comunicazione.<\/li>\n<li>Un disco o piedistallo orgonico pulisce lo spazio e lo riempie di energia orgonica, una sottile energia vitale di cui abbiamo bisogno pi\u00f9 che mai in questi giorni. Le basi multistrato di orgonite riempiono l&#8217;ambiente circostante con elevate vibrazioni positive. Pu\u00f2 essere utilizzato come piedistallo su cui informare cibi e bevande. Ci si pu\u00f2 sedere sopra, metterlo sotto i piedi per proteggersi dagli effetti dell&#8217;elettrosmog, oppure appoggiarlo sul fondo di una vasca idromassaggio.<\/li>\n<\/ul>\n<h2>Effetti delle basi organiche:<\/h2>\n<ul>\n<li>Armonizzano l&#8217;energia degli oggetti e l&#8217;ambiente in cui li collochiamo<\/li>\n<li>Bloccano gli effetti dannosi dei dispositivi elettrici nell&#8217;ambiente<\/li>\n<li>Migliorano il sonno ed eliminano i problemi di insonnia cronica<\/li>\n<li>Aumentano il potere della meditazione<\/li>\n<li>Rafforzano la connessione con i conduttori<\/li>\n<li>Hanno un effetto benefico su piante e animali<\/li>\n<li>Aumentano la produttivit\u00e0 e la concentrazione<\/li>\n<li>Forniscono alle nostre cellule energia orgonica<\/li>\n<\/ul>\n<h2>Uso di basi orgonica<\/h2>\n<p>Usiamo le basi orgonica in casa e le usiamo per pulire le vibrazioni nel nostro cibo e bevande. Possiamo posizionarli sul posto di lavoro, sotto il letto, le piante o il luogo dove riposano i nostri animali. Con loro possiamo pulire i cristalli, metterci sopra telefoni, chiavi o altri oggetti che vogliamo informare.<\/p>\n<h2>Cos&#8217;hanno di speciale le nostre orgoniti?<\/h2>\n<ul>\n<li>L&#8217;orgonite pu\u00f2 essere realizzata secondo il tuo tema natale.<\/li>\n<li>Lavoro manuale<\/li>\n<li>Solo vere pietre semipreziose e preziose<\/li>\n<li>Consigli sull&#8217;uso delle orgoniti<\/li>\n<li>Ogni prodotto \u00e8 energeticamente purificato e programmato con l&#8217;ausilio di griglie di cristallo e orgoniti pi\u00f9 grandi.<\/li>\n<\/ul>\n","protected":false},"excerpt":{"rendered":"<p>Piedistallo orgonico per pulire lo spazio, tutti i nostri chakra, cibo, acqua e oggetti. Aumenta l&#8217;espressione, la comunicazione, protegge dai pensieri malvagi e aumenta la vibrazione delle nostre cellule. Diametro: 180 mm.<\/p>\n","protected":false},"featured_media":5476,"comment_status":"open","ping_status":"closed","template":"","meta":{"_monsterinsights_skip_tracking":false,"_monsterinsights_sitenote_active":false,"_monsterinsights_sitenote_note":"","_monsterinsights_sitenote_category":0},"product_brand":[],"product_cat":[162,56],"product_tag":[223,224],"class_list":{"0":"post-5536","1":"product","2":"type-product","3":"status-publish","4":"has-post-thumbnail","6":"product_cat-orgonite-dischi-it","7":"product_cat-orgoniti-it","8":"product_tag-protezzione","9":"product_tag-pulizia","10":"product_shipping_class-consegna-orgoniti","11":"wcpa_has_options","13":"first","14":"instock","15":"sale","16":"shipping-taxable","17":"purchasable","18":"product-type-simple"},"_links":{"self":[{"href":"https:\/\/www.kimstones.com\/it\/wp-json\/wp\/v2\/product\/5536","targetHints":{"allow":["GET"]}}],"collection":[{"href":"https:\/\/www.kimstones.com\/it\/wp-json\/wp\/v2\/product"}],"about":[{"href":"https:\/\/www.kimstones.com\/it\/wp-json\/wp\/v2\/types\/product"}],"replies":[{"embeddable":true,"href":"https:\/\/www.kimstones.com\/it\/wp-json\/wp\/v2\/comments?post=5536"}],"wp:featuredmedia":[{"embeddable":true,"href":"https:\/\/www.kimstones.com\/it\/wp-json\/wp\/v2\/media\/5476"}],"wp:attachment":[{"href":"https:\/\/www.kimstones.com\/it\/wp-json\/wp\/v2\/media?parent=5536"}],"wp:term":[{"taxonomy":"product_brand","embeddable":true,"href":"https:\/\/www.kimstones.com\/it\/wp-json\/wp\/v2\/product_brand?post=5536"},{"taxonomy":"product_cat","embeddable":true,"href":"https:\/\/www.kimstones.com\/it\/wp-json\/wp\/v2\/product_cat?post=5536"},{"taxonomy":"product_tag","embeddable":true,"href":"https:\/\/www.kimstones.com\/it\/wp-json\/wp\/v2\/product_tag?post=5536"}],"curies":[{"name":"wp","href":"https:\/\/api.w.org\/{rel}","templated":true}]}}