{"id":3520,"date":"2020-11-11T20:34:58","date_gmt":"2020-11-11T20:34:58","guid":{"rendered":"https:\/\/www.kimstones.com\/izdelek\/ciondolo-citrino-2\/"},"modified":"2020-11-11T20:34:58","modified_gmt":"2020-11-11T20:34:58","slug":"ciondolo-citrino-2","status":"publish","type":"product","link":"https:\/\/www.kimstones.com\/it\/prodotto\/ciondolo-citrino-2\/","title":{"rendered":"Ciondolo citrino"},"content":{"rendered":"","protected":false},"excerpt":{"rendered":"<p><span style=\"font-weight: 400;\">Pietra citrino in argento 925 di alta qualit\u00e0.<\/span><\/p>\n<p>&nbsp;<\/p>\n<p><span style=\"font-weight: 400;\">Il citrino \u00e8 una pietra di successo e abbondanza. Una bella pietra che attrae la ricchezza e ci riempie di energia! Il citrino \u00e8 una pietra naturale apprezzata per il suo colore giallo solare. Il nome citrino deriva dalla parola latina citrus, che significa \u201climone\u201d. Le antiche civilt\u00e0 consideravano il citrino un dono del sole, poich\u00e9 credevano che avrebbe portato all&#8217;utente un senso di pace e gioia. Successivamente \u00e8 stato associato alla prosperit\u00e0, soprattutto nel mondo degli affari. I commercianti mettevano il citrino nel registratore di cassa, quindi \u00e8 stato soprannominato la &#8220;pietra dei commercianti&#8221;. Recentemente, il citrino \u00e8 diventato noto come la &#8220;pietra del successo&#8221;. Aiuta a trovare fornitori, clienti, partner commerciali e migliora le vendite. Ci insegna il successo materiale e l&#8217;ascesa. Attira l&#8217;abbondanza nella nostra vita e ci aiuta anche a mantenerla. Aiuta a risolvere problemi legati al denaro come cause legali, contenziosi, eredit\u00e0, ecc. Viene anche usato per alleviare la depressione, la paura e le tendenze suicide. Porta nuova speranza, ottimismo e risveglia gioia e felicit\u00e0 in noi. Ci riempie di energia e porta la pace interiore. Il citrino \u00e8 uno dei cristalli che scompone l&#8217;energia negativa e non la attrae, quindi non ha bisogno di essere purificata. \u00c8 anche una potente pietra protettiva che protegge l&#8217;aura. Durante il suo effetto disintossicante, il citrino rafforza il sistema immunitario e il metabolismo. Il citrino serve a chi lo indossa come una sorta di pietra purificante. Rafforza le persone sensibili nella loro espressione, su un nuovo percorso di illuminazione ci protegge dai problemi e dal suicidio. Aiuta le persone persistenti e determinate a creare una carriera e superare gli esami con successo.<\/span><\/p>\n","protected":false},"featured_media":3290,"comment_status":"open","ping_status":"closed","template":"","meta":{"_monsterinsights_skip_tracking":false,"_monsterinsights_sitenote_active":false,"_monsterinsights_sitenote_note":"","_monsterinsights_sitenote_category":0},"product_brand":[],"product_cat":[42],"product_tag":[],"class_list":{"0":"post-3520","1":"product","2":"type-product","3":"status-publish","4":"has-post-thumbnail","6":"product_cat-nekategorizirano","8":"first","9":"instock","10":"sale","11":"shipping-taxable","12":"purchasable","13":"product-type-simple"},"_links":{"self":[{"href":"https:\/\/www.kimstones.com\/it\/wp-json\/wp\/v2\/product\/3520","targetHints":{"allow":["GET"]}}],"collection":[{"href":"https:\/\/www.kimstones.com\/it\/wp-json\/wp\/v2\/product"}],"about":[{"href":"https:\/\/www.kimstones.com\/it\/wp-json\/wp\/v2\/types\/product"}],"replies":[{"embeddable":true,"href":"https:\/\/www.kimstones.com\/it\/wp-json\/wp\/v2\/comments?post=3520"}],"wp:featuredmedia":[{"embeddable":true,"href":"https:\/\/www.kimstones.com\/it\/wp-json\/wp\/v2\/media\/3290"}],"wp:attachment":[{"href":"https:\/\/www.kimstones.com\/it\/wp-json\/wp\/v2\/media?parent=3520"}],"wp:term":[{"taxonomy":"product_brand","embeddable":true,"href":"https:\/\/www.kimstones.com\/it\/wp-json\/wp\/v2\/product_brand?post=3520"},{"taxonomy":"product_cat","embeddable":true,"href":"https:\/\/www.kimstones.com\/it\/wp-json\/wp\/v2\/product_cat?post=3520"},{"taxonomy":"product_tag","embeddable":true,"href":"https:\/\/www.kimstones.com\/it\/wp-json\/wp\/v2\/product_tag?post=3520"}],"curies":[{"name":"wp","href":"https:\/\/api.w.org\/{rel}","templated":true}]}}