{"id":3518,"date":"2020-11-11T19:13:13","date_gmt":"2020-11-11T19:13:13","guid":{"rendered":"https:\/\/www.kimstones.com\/izdelek\/ciondolo-zaffiro-giallo-arancione-e-verde-2\/"},"modified":"2020-11-11T19:13:13","modified_gmt":"2020-11-11T19:13:13","slug":"ciondolo-zaffiro-giallo-arancione-e-verde-2","status":"publish","type":"product","link":"https:\/\/www.kimstones.com\/it\/prodotto\/ciondolo-zaffiro-giallo-arancione-e-verde-2\/","title":{"rendered":"ciondolo zaffiro giallo arancione e verde"},"content":{"rendered":"","protected":false},"excerpt":{"rendered":"<p>Zaffiro giallo<\/p>\n<p>\ud83c\udf3c Protegge l\u2019utente dalla cattiva energia e garantisce felicit\u00e0 e soddisfazione coniugale soprattutto alle donne.<\/p>\n<p>\ud83c\udf3cSe l\u2019utente \u00e8 una donna, le fornisce uno sposo amorevole e di successo, amore, soddisfazione coniugale, eredi e felicit\u00e0 nella vita coniugale.<\/p>\n<p>\ud83c\udf3c Rafforza la capacit\u00e0 dell\u2019individuo di far fronte a situazioni ambigue. Consente loro di prendere le giuste decisioni, disciplina, fissare obiettivi di vita e ottenere il massimo successo.<\/p>\n<p>\ud83c\udf3c \u00c8 noto per fornire poteri curativi nelle malattie dei reni, della bocca, dei reumatismi, della tosse e della febbre.<\/p>\n<p>\ud83c\udf3c I poteri dello zaffiro giallo proteggono chi lo usa dalla morte accidentale.<\/p>\n<p>\ud83c\udf3cOffre tranquillit\u00e0, coraggio e felicit\u00e0.<\/p>\n<p>\ud83c\udf3c Lo zaffiro giallo riduce la tendenza all\u2019ira.<\/p>\n<p>\ud83c\udf3c L\u2019utente sperimenta rare gioie della vita come successo, intelligenza e forti amicizie.<\/p>\n<p>\ud83c\udf3c Giove \u00e8 un pianeta di saggezza e giudizio, che lo rende ideale per accademici, autori, commercianti e artisti<\/p>\n<p>\ud83c\udf3cRiduce il grasso corporeo e cura le malattie della pelle e della gola.<\/p>\n<p>\ud83c\udf3c \u00c8 noto per accelerare la guarigione della congestione e regolare la circolazione sanguigna.<\/p>\n<p>&nbsp;<\/p>\n<p>Zaffiro arancione<\/p>\n<p>\ud83c\udf38Zaffiro arancione \u00e8 un cristallo molto potente per scrittori, cantanti e artisti o chiunque desideri esprimere i propri sentimenti, pensieri e verit\u00e0 pi\u00f9 profondi nel modo pi\u00f9 creativo.<\/p>\n<p>\ud83c\udf38 Lo zaffiro arancione irradier\u00e0 vitalit\u00e0, che aumenter\u00e0 anche la tua energia e il tuo desiderio sessuale, il che aumenter\u00e0 notevolmente la tua fertilit\u00e0.<\/p>\n<p>\ud83c\udf38Questo cristallo \u00e8 molto calmante per il cuore e la mente. Rilascer\u00e0 i tuoi pensieri indesiderati e qualsiasi tensione mentale.<\/p>\n<p>\ud83c\udf38 Stimoler\u00e0 anche la tua mente ad essere aperta alle bellezze e alle meraviglie della vita, porter\u00e0 leggerezza e felicit\u00e0 e ristabilir\u00e0 l\u2019equilibrio nel corpo.<\/p>\n<p>\ud83c\udf38 \u00e8 un ottimo cristallo di supporto che approfondir\u00e0 la tua consapevolezza del mondo che ti circonda.<\/p>\n<p>\ud83c\udf38Stimoler\u00e0 la tua mente e ti aiuter\u00e0 ad acquisire saggezza e conoscenza. Ci\u00f2 aumenter\u00e0 il tuo livello di discernimento e incoragger\u00e0 il buon giudizio.<\/p>\n<p>\ud83c\udf38 \u00c8 anche un buon cristallo per coloro che sono impegnati negli affari e vogliono avere successo in tutti i loro sforzi senza compromettere i loro principi.<\/p>\n<p>\ud83c\udf38Questo cristallo \u00e8 utile per coloro che hanno bisogno di aiuto con idee e impulso extra per completare i progetti.<\/p>\n<p>\ud83c\udf38 Lo zaffiro arancione attiver\u00e0 e purificher\u00e0 il tuo secondo chakra. Controller\u00e0 il flusso di energia e il flusso di informazioni dal tuo corpo alla tua mente e dalla tua mente al tuo corpo.<\/p>\n<p>\ud83c\udf38\u00c8 un cristallo di entusiasmo, felicit\u00e0 e resa. Rafforzer\u00e0 la visione superiore e aprir\u00e0 la tua mente all\u2019ispirazione, che migliorer\u00e0 la tua esperienza e comunicazione.<\/p>\n<p>\ud83c\udf38Si assicurer\u00e0 che la tua espressione creativa sia in armonia con il cuore e che le tue manifestazioni serviranno solo il bene supremo.<\/p>\n<p>\ud83c\udf38 Lo zaffiro arancione porter\u00e0 l\u2019energia della gioia, della felicit\u00e0 e dell\u2019amicizia. Porter\u00e0 pi\u00f9 piacere nell\u2019amore e nel romanticismo, oltre alla socializzazione familiare.<\/p>\n<p>\ud83c\udf38\u00c8 un cristallo che rafforzer\u00e0 anche il tuo senso di appartenenza e il senso di casa.<\/p>\n","protected":false},"featured_media":3240,"comment_status":"open","ping_status":"closed","template":"","meta":{"_monsterinsights_skip_tracking":false,"_monsterinsights_sitenote_active":false,"_monsterinsights_sitenote_note":"","_monsterinsights_sitenote_category":0},"product_brand":[],"product_cat":[42],"product_tag":[],"class_list":{"0":"post-3518","1":"product","2":"type-product","3":"status-publish","4":"has-post-thumbnail","6":"product_cat-nekategorizirano","8":"first","9":"instock","10":"sale","11":"shipping-taxable","12":"purchasable","13":"product-type-simple"},"_links":{"self":[{"href":"https:\/\/www.kimstones.com\/it\/wp-json\/wp\/v2\/product\/3518","targetHints":{"allow":["GET"]}}],"collection":[{"href":"https:\/\/www.kimstones.com\/it\/wp-json\/wp\/v2\/product"}],"about":[{"href":"https:\/\/www.kimstones.com\/it\/wp-json\/wp\/v2\/types\/product"}],"replies":[{"embeddable":true,"href":"https:\/\/www.kimstones.com\/it\/wp-json\/wp\/v2\/comments?post=3518"}],"wp:featuredmedia":[{"embeddable":true,"href":"https:\/\/www.kimstones.com\/it\/wp-json\/wp\/v2\/media\/3240"}],"wp:attachment":[{"href":"https:\/\/www.kimstones.com\/it\/wp-json\/wp\/v2\/media?parent=3518"}],"wp:term":[{"taxonomy":"product_brand","embeddable":true,"href":"https:\/\/www.kimstones.com\/it\/wp-json\/wp\/v2\/product_brand?post=3518"},{"taxonomy":"product_cat","embeddable":true,"href":"https:\/\/www.kimstones.com\/it\/wp-json\/wp\/v2\/product_cat?post=3518"},{"taxonomy":"product_tag","embeddable":true,"href":"https:\/\/www.kimstones.com\/it\/wp-json\/wp\/v2\/product_tag?post=3518"}],"curies":[{"name":"wp","href":"https:\/\/api.w.org\/{rel}","templated":true}]}}