{"id":3359,"date":"2020-11-11T17:25:13","date_gmt":"2020-11-11T17:25:13","guid":{"rendered":"https:\/\/www.kimstones.com\/izdelek\/ciondolo-topazio-blu-rossa\/"},"modified":"2020-11-11T17:25:13","modified_gmt":"2020-11-11T17:25:13","slug":"ciondolo-topazio-blu-rossa","status":"publish","type":"product","link":"https:\/\/www.kimstones.com\/it\/prodotto\/ciondolo-topazio-blu-rossa\/","title":{"rendered":"Ciondolo Topazio blu rosa e arcobaleno"},"content":{"rendered":"","protected":false},"excerpt":{"rendered":"<p><span style=\"font-weight: 400;\">Topazio ciondolo in argento 925 di alta qualit\u00e0<\/span><\/p>\n<p><span style=\"font-weight: 400;\">\ud83c\udf38Blue Topaz aumenter\u00e0 la tua capacit\u00e0 di comunicare meglio ed esprimerti in modo significativo, sia mentre parli che mentre scrivi.<\/span><\/p>\n<p><span style=\"font-weight: 400;\">\u201cTi aiuter\u00e0 a parlare chiaramente ea comunicare ci\u00f2 che viene dallo spirito in un modo che gli altri possano capire chiaramente.<\/span><\/p>\n<p><span style=\"font-weight: 400;\">\ud83c\udf38Questa \u00e8 una pietra utile in caso di problemi con il parlare in pubblico. Pu\u00f2 anche aiutarti a pensare meglio e concentrarti sul compito che stai svolgendo.<\/span><\/p>\n<p><span style=\"font-weight: 400;\">\ud83c\udf38 \u00c8 una pietra molto utile soprattutto se hai blocchi di scrittura o hai bisogno di ravvivare la tua ispirazione o aumentare la tua creativit\u00e0.<\/span><\/p>\n<p><span style=\"font-weight: 400;\">\ud83c\udf38Ti aiuter\u00e0 anche a decidere quale tipo di lavoro sarebbe pi\u00f9 adatto a te.<\/span><\/p>\n<p><span style=\"font-weight: 400;\">\ud83c\udf38 Ti aiuta a discutere il tuo percorso di vita con i tuoi cari in quanto ti aiuta a esprimere chiaramente le tue speranze e i desideri. Aiuta a scoprire i desideri sinceri.<\/span><\/p>\n<p><span style=\"font-weight: 400;\">\ud83c\udf38Ti permette di compiere tutte le tue azioni per il massimo bene. Ci\u00f2 include l&#8217;espressione scritta.<\/span><\/p>\n<p><span style=\"font-weight: 400;\">\ud83c\udf38 Viene utilizzato dai cristalloterapisti nelle posture del corpo in quanto ha forti propriet\u00e0 curative che aiutano nella rigenerazione del corpo fisico.<\/span><\/p>\n<p><span style=\"font-weight: 400;\">\ud83c\udf38Quando si alleviano i problemi nel chakra della gola, il topazio blu allevia la sua azione iperattiva. Aiuter\u00e0 nel recupero del mal di gola e contribuir\u00e0 alla salute generale del collo e della gola.<\/span><\/p>\n<p><span style=\"font-weight: 400;\">\ud83c\udf38 Aiuta a una migliore comprensione della vita e della crescita spirituale<\/span><\/p>\n<p><span style=\"font-weight: 400;\">\ud83c\udf38 Aiuta a comunicare con le anime.<\/span><\/p>\n<p>&nbsp;<\/p>\n<p>&nbsp;<\/p>\n<p><span style=\"font-weight: 400;\">Topazio arcobaleno<\/span><\/p>\n<p><span style=\"font-weight: 400;\">\ud83c\udf38 Aiuta fisicamente ad assorbire i minerali vitali del corpo, ripristina le cellule del sangue nel midollo osseo e aiuta a rafforzare il sistema immunitario.<\/span><\/p>\n<p><span style=\"font-weight: 400;\">\ud83c\udf38 Rafforza la fiducia in se stessi dell&#8217;utente per creare un&#8217;immagine di s\u00e9.<\/span><\/p>\n<p><span style=\"font-weight: 400;\">\ud83c\udf38 \u00c8 noto per essere associato ai chakra (radici), al cuore, al plesso solare e al chakra del terzo occhio, che trasmette stabilit\u00e0 emotiva e mentale.<\/span><\/p>\n<p><span style=\"font-weight: 400;\">\ud83c\udf38 Dovrebbe essere un talismano di potere oltre che di protezione.<\/span><\/p>\n<p><span style=\"font-weight: 400;\">\ud83c\udf38A causa del bagliore blu, \u00e8 una pietra motivazionale che incoraggia l&#8217;ambizione dell&#8217;individuo, poich\u00e9 il colore blu \u00e8 associato principalmente al chakra della gola.<\/span><\/p>\n","protected":false},"featured_media":3180,"comment_status":"open","ping_status":"closed","template":"","meta":{"_monsterinsights_skip_tracking":false,"_monsterinsights_sitenote_active":false,"_monsterinsights_sitenote_note":"","_monsterinsights_sitenote_category":0},"product_brand":[],"product_cat":[42],"product_tag":[],"class_list":{"0":"post-3359","1":"product","2":"type-product","3":"status-publish","4":"has-post-thumbnail","6":"product_cat-nekategorizirano","8":"first","9":"instock","10":"sale","11":"shipping-taxable","12":"purchasable","13":"product-type-simple"},"_links":{"self":[{"href":"https:\/\/www.kimstones.com\/it\/wp-json\/wp\/v2\/product\/3359","targetHints":{"allow":["GET"]}}],"collection":[{"href":"https:\/\/www.kimstones.com\/it\/wp-json\/wp\/v2\/product"}],"about":[{"href":"https:\/\/www.kimstones.com\/it\/wp-json\/wp\/v2\/types\/product"}],"replies":[{"embeddable":true,"href":"https:\/\/www.kimstones.com\/it\/wp-json\/wp\/v2\/comments?post=3359"}],"wp:featuredmedia":[{"embeddable":true,"href":"https:\/\/www.kimstones.com\/it\/wp-json\/wp\/v2\/media\/3180"}],"wp:attachment":[{"href":"https:\/\/www.kimstones.com\/it\/wp-json\/wp\/v2\/media?parent=3359"}],"wp:term":[{"taxonomy":"product_brand","embeddable":true,"href":"https:\/\/www.kimstones.com\/it\/wp-json\/wp\/v2\/product_brand?post=3359"},{"taxonomy":"product_cat","embeddable":true,"href":"https:\/\/www.kimstones.com\/it\/wp-json\/wp\/v2\/product_cat?post=3359"},{"taxonomy":"product_tag","embeddable":true,"href":"https:\/\/www.kimstones.com\/it\/wp-json\/wp\/v2\/product_tag?post=3359"}],"curies":[{"name":"wp","href":"https:\/\/api.w.org\/{rel}","templated":true}]}}