{"id":3351,"date":"2020-11-11T21:14:05","date_gmt":"2020-11-11T21:14:05","guid":{"rendered":"https:\/\/www.kimstones.com\/izdelek\/ciondolo-rubino-con-il-fiore-di-perla\/"},"modified":"2020-11-11T21:14:05","modified_gmt":"2020-11-11T21:14:05","slug":"ciondolo-rubino-con-il-fiore-di-perla","status":"publish","type":"product","link":"https:\/\/www.kimstones.com\/it\/prodotto\/ciondolo-rubino-con-il-fiore-di-perla\/","title":{"rendered":"Ciondolo Rubino con il fiore di perla"},"content":{"rendered":"","protected":false},"excerpt":{"rendered":"<p>Ciondolo unico con pietre selezionate \u2013 RUBINO, realizzato in argento 925 di alta qualit\u00e0.<\/p>\n<p>ALCUNE CARATTERISTICHE DI RUBINO: La parola Rubin deriva dalla parola latina Ruber \u2013 che significa rosso. \u00c8 un drago raro che si trova solo in alcune parti del mondo. Il rubino \u00e8 una pietra protettiva \/ gioiello di casa, propriet\u00e0, bambini e un protettore psicologico, e lo protegge anche da incidenti e incendi. Ci aiuta a ricordare i nostri sogni. Per molto tempo il rubino \u00e8 stato anche una pietra che ha aumentato la passione e il romanticismo nell\u2019amore e nella vita. \u00c8 generalmente una pietra con effetti positivi, uno strumento potente che riduce incubi, ansia e dubbi, poich\u00e9 ti porta sulla retta via. Il rubino \u00e8 una grande pietra per l\u2019energia, aumenta la vitalit\u00e0 della vita, elimina lo sfinimento e la letargia, calma l\u2019iperattivit\u00e0. Questa \u00e8 una pietra sociale che attrae il sesso opposto. Il rubino promuove la passione per la vita, ma mai in se stesso in modo distruttivo. Migliora la motivazione e la determinazione degli obiettivi realistici. Stimola il chakra del cuore e regola il cuore. La pietra \u00e8 un potente scudo contro attacchi psicologici e un vampiro cardiaco. L\u2019effetto protettivo di questa pietra \u00e8 che tu sei verbalmente pi\u00f9 forte nei conflitti o nelle controversie. Il rubino promuove sogni positivi e una visualizzazione chiara, stimola l\u2019epifisi. Questa pietra rossa \u00e8 un simbolo di vita. Riduce anche i problemi della menopausa e la pressione bassa, elimina l\u2019affaticamento, rafforza il sistema immunitario, \u2026 aiuta con l\u2019anemia. Infezioni, milza, leucemia, stimolano il metabolismo e regolano la digestione. Rallenta le mestruazioni sanguinanti e dolorose, il rubino rafforza i sensi, d\u00e0 forza e restituisce la volont\u00e0 alla vita di ogni individuo. Ha anche un impatto positivo nelle relazioni amorose. I pi\u00f9 importanti giacimenti di rubini sono Myanmar, Sri Lanka e Thailandia.<\/p>\n","protected":false},"featured_media":3304,"comment_status":"open","ping_status":"closed","template":"","meta":{"_monsterinsights_skip_tracking":false,"_monsterinsights_sitenote_active":false,"_monsterinsights_sitenote_note":"","_monsterinsights_sitenote_category":0},"product_brand":[],"product_cat":[42],"product_tag":[],"class_list":{"0":"post-3351","1":"product","2":"type-product","3":"status-publish","4":"has-post-thumbnail","6":"product_cat-nekategorizirano","8":"first","9":"instock","10":"sale","11":"shipping-taxable","12":"purchasable","13":"product-type-simple"},"_links":{"self":[{"href":"https:\/\/www.kimstones.com\/it\/wp-json\/wp\/v2\/product\/3351","targetHints":{"allow":["GET"]}}],"collection":[{"href":"https:\/\/www.kimstones.com\/it\/wp-json\/wp\/v2\/product"}],"about":[{"href":"https:\/\/www.kimstones.com\/it\/wp-json\/wp\/v2\/types\/product"}],"replies":[{"embeddable":true,"href":"https:\/\/www.kimstones.com\/it\/wp-json\/wp\/v2\/comments?post=3351"}],"wp:featuredmedia":[{"embeddable":true,"href":"https:\/\/www.kimstones.com\/it\/wp-json\/wp\/v2\/media\/3304"}],"wp:attachment":[{"href":"https:\/\/www.kimstones.com\/it\/wp-json\/wp\/v2\/media?parent=3351"}],"wp:term":[{"taxonomy":"product_brand","embeddable":true,"href":"https:\/\/www.kimstones.com\/it\/wp-json\/wp\/v2\/product_brand?post=3351"},{"taxonomy":"product_cat","embeddable":true,"href":"https:\/\/www.kimstones.com\/it\/wp-json\/wp\/v2\/product_cat?post=3351"},{"taxonomy":"product_tag","embeddable":true,"href":"https:\/\/www.kimstones.com\/it\/wp-json\/wp\/v2\/product_tag?post=3351"}],"curies":[{"name":"wp","href":"https:\/\/api.w.org\/{rel}","templated":true}]}}