{"id":3347,"date":"2020-06-22T13:10:03","date_gmt":"2020-06-22T13:10:03","guid":{"rendered":"https:\/\/www.kimstones.com\/izdelek\/ciondolo-tanzanite\/"},"modified":"2020-06-22T13:10:03","modified_gmt":"2020-06-22T13:10:03","slug":"ciondolo-tanzanite","status":"publish","type":"product","link":"https:\/\/www.kimstones.com\/it\/prodotto\/ciondolo-tanzanite\/","title":{"rendered":"Ciondolo  Tanzanite"},"content":{"rendered":"","protected":false},"excerpt":{"rendered":"<p><span style=\"font-weight: 400;\">\ud83c\udf38I cristalli di tanzanite sono riconoscibili dal loro colore blu intenso e viola. Sono minerali di Zoisite e hanno una vibrazione abbastanza elevata e sono conosciuti come pietre di trasformazione.<\/span><\/p>\n<p>&nbsp;<\/p>\n<p><span style=\"font-weight: 400;\">\ud83c\udf38\u00c8 una pietra che pu\u00f2 essere utilizzata per accelerare la crescita spirituale poich\u00e9 porta la tua mente in diretta armonia con l&#8217;energia del chakra del cuore.<\/span><\/p>\n<p>&nbsp;<\/p>\n<p><span style=\"font-weight: 400;\">\ud83c\udf38 Il significato del nome della gemma di tanzanite si riferisce alla posizione dell&#8217;unico luogo al mondo in cui si trova, precisamente nella Tanzania africana.<\/span><\/p>\n<p>&nbsp;<\/p>\n<p><span style=\"font-weight: 400;\">\ud83c\udf38La tanzanite \u00e8 un membro della famiglia dei cristalli Zoisite ed \u00e8 anche un tipo di epidoto.<\/span><\/p>\n<p>&nbsp;<\/p>\n<p><span style=\"font-weight: 400;\">\ud83c\udf38Queste belle pietre viola-blu attivano principalmente il chakra del cuore, che si collega al sesto chakra tramite il chakra della gola.Questa connessione dei tre chakra \u00e8 una forte vibrazione che ti aprir\u00e0 a un modo completamente nuovo di guardare il mondo.<\/span><\/p>\n<p>&nbsp;<\/p>\n<p><span style=\"font-weight: 400;\">\ud83c\udf38I cristalli di tanzanite creeranno una connessione dentro di te con il chakra del cuore superiore. \u00c8 noto per evocare in molte persone un incredibile senso di amore divino.<\/span><\/p>\n<p>&nbsp;<\/p>\n<p><span style=\"font-weight: 400;\">\ud83c\udf38E poich\u00e9 anche il chakra della gola partecipa al processo, questo aprir\u00e0 le tue capacit\u00e0 di comunicazione.<\/span><\/p>\n<p>&nbsp;<\/p>\n<p><span style=\"font-weight: 400;\">\ud83c\udf38Quando usi questa pietra viola in meditazione, puoi usare una fiamma viola per migliorare la tua guarigione.<\/span><\/p>\n<p>&nbsp;<\/p>\n<p><span style=\"font-weight: 400;\">\ud83c\udf38Questa meravigliosa e potente energia porta il potere della mente divina e il processo di illuminazione spirituale. Questi attributi spirituali danno al cristallo viola un forte vantaggio per la crescita spirituale.<\/span><\/p>\n<p>&nbsp;<\/p>\n<p><span style=\"font-weight: 400;\">\ud83c\udf38\u00c8 una pietra forte che aiuta a entrare in contatto con la tua guida.<\/span><\/p>\n<p>&nbsp;<\/p>\n<p><span style=\"font-weight: 400;\">\ud83c\udf38La sua energia ha un effetto positivo nell&#8217;aumentare le varie abilit\u00e0 cerebrali basate sul linguaggio o sulla matematica.<\/span><\/p>\n<p>&nbsp;<\/p>\n<p><span style=\"font-weight: 400;\">\ud83c\udf38 Nel caso in cui lo si scelga come compagnio durante la meditazione, si consiglia di indossarlo tutto il giorno. \u00c8 anche utile tenerlo vicino a te mentre dormi.<\/span><\/p>\n<p>&nbsp;<\/p>\n<p><span style=\"font-weight: 400;\">\ud83c\udf38La sua potente energia ti aiuter\u00e0 ad aprire il terzo occhio e sosterr\u00e0 il tuo risveglio spirituale. Appartiene al gruppo delle pietre forti con energia cristallina e pu\u00f2 essere utilizzato con altri di questo gruppo.<\/span><\/p>\n<p>&nbsp;<\/p>\n<p><span style=\"font-weight: 400;\">\ud83c\udf38Questa pietra \u00e8 un potente strumento di trasformazione che ti aiuter\u00e0 a curare problemi karmici di cui potresti non essere a conoscenza. \ud83c\udf38La tanzanite \u00e8 una pietra cos\u00ec forte che dovresti sempre usare pietre di messa a terra quando lavori con essa.<\/span><\/p>\n<p>&nbsp;<\/p>\n<p><span style=\"font-weight: 400;\">\ud83c\udf38 Se vuoi sperimentare una grande trasformazione nella tua vita, devi iniziare a un certo punto. Tutto pu\u00f2 iniziare con l&#8217;uso di questo bel cristallo.<\/span><\/p>\n","protected":false},"featured_media":2915,"comment_status":"open","ping_status":"closed","template":"","meta":{"_monsterinsights_skip_tracking":false,"_monsterinsights_sitenote_active":false,"_monsterinsights_sitenote_note":"","_monsterinsights_sitenote_category":0},"product_brand":[],"product_cat":[42],"product_tag":[],"class_list":{"0":"post-3347","1":"product","2":"type-product","3":"status-publish","4":"has-post-thumbnail","6":"product_cat-nekategorizirano","8":"first","9":"instock","10":"sale","11":"shipping-taxable","12":"purchasable","13":"product-type-simple"},"_links":{"self":[{"href":"https:\/\/www.kimstones.com\/it\/wp-json\/wp\/v2\/product\/3347","targetHints":{"allow":["GET"]}}],"collection":[{"href":"https:\/\/www.kimstones.com\/it\/wp-json\/wp\/v2\/product"}],"about":[{"href":"https:\/\/www.kimstones.com\/it\/wp-json\/wp\/v2\/types\/product"}],"replies":[{"embeddable":true,"href":"https:\/\/www.kimstones.com\/it\/wp-json\/wp\/v2\/comments?post=3347"}],"wp:featuredmedia":[{"embeddable":true,"href":"https:\/\/www.kimstones.com\/it\/wp-json\/wp\/v2\/media\/2915"}],"wp:attachment":[{"href":"https:\/\/www.kimstones.com\/it\/wp-json\/wp\/v2\/media?parent=3347"}],"wp:term":[{"taxonomy":"product_brand","embeddable":true,"href":"https:\/\/www.kimstones.com\/it\/wp-json\/wp\/v2\/product_brand?post=3347"},{"taxonomy":"product_cat","embeddable":true,"href":"https:\/\/www.kimstones.com\/it\/wp-json\/wp\/v2\/product_cat?post=3347"},{"taxonomy":"product_tag","embeddable":true,"href":"https:\/\/www.kimstones.com\/it\/wp-json\/wp\/v2\/product_tag?post=3347"}],"curies":[{"name":"wp","href":"https:\/\/api.w.org\/{rel}","templated":true}]}}