{"id":3342,"date":"2020-11-11T08:31:11","date_gmt":"2020-11-11T08:31:11","guid":{"rendered":"https:\/\/www.kimstones.com\/izdelek\/ciondolo-turchese-2\/"},"modified":"2020-11-11T08:31:11","modified_gmt":"2020-11-11T08:31:11","slug":"ciondolo-turchese-2","status":"publish","type":"product","link":"https:\/\/www.kimstones.com\/it\/prodotto\/ciondolo-turchese-2\/","title":{"rendered":"Ciondolo turchese"},"content":{"rendered":"","protected":false},"excerpt":{"rendered":"<p><span style=\"font-weight: 400;\">\ud83c\udf38Il turchese \u00e8 considerato una pietra di orientamento spirituale e aiuta a comunicare in modo molto efficace. Aiuta anche a bilanciare gli aspetti maschili e femminili.<\/span><\/p>\n<p>&nbsp;<\/p>\n<p><span style=\"font-weight: 400;\">\ud83c\udf38Queste pietre blu sono in uso da mille anni e sono le prime da cui sono stati realizzati gioielli. L&#8217;energia naturale di queste pietre aiuta a comunicare senza bugie e colpi di scena. Consentono la conversazione con apertura e capacit\u00e0 di empatia.<\/span><\/p>\n<p>&nbsp;<\/p>\n<p><span style=\"font-weight: 400;\">\ud83c\udf38 Hanno un forte effetto sul chakra della gola e possono aiutare a esprimere le capacit\u00e0 di chiaroveggenza. I turchesi danno accesso alla conoscenza del passato.<\/span><\/p>\n<p>&nbsp;<\/p>\n<p><span style=\"font-weight: 400;\">\ud83c\udf38La loro energia aiuta e ti aiuta a sentirti calmo e rilassato quando ti esibisci in pubblico.<\/span><\/p>\n<p>&nbsp;<\/p>\n<p><span style=\"font-weight: 400;\">\ud83c\udf38 Se sei una persona timida, pu\u00f2 aiutarti ad avere una conversazione pi\u00f9 attiva ed essere consapevole di quando \u00e8 utile dire una certa cosa.<\/span><\/p>\n<p>&nbsp;<\/p>\n<p><span style=\"font-weight: 400;\">\ud83c\udf38Durante la meditazione, \u00e8 bene posizionarlo sul 6 \u00b0 chakra, poich\u00e9 aiuta con le capacit\u00e0 di chiaroveggenza.<\/span><\/p>\n<p>&nbsp;<\/p>\n<p><span style=\"font-weight: 400;\">\ud83c\udf38 L&#8217;energia delle pietre turchesi ti consente anche di iniziare a sviluppare la tua intuizione a un livello molto pi\u00f9 forte.<\/span><\/p>\n<p>&nbsp;<\/p>\n<p><span style=\"font-weight: 400;\">\ud83c\udf38 A differenza di molte pietre che possono essere utilizzate nel chakra del terzo occhio, rimarrai abbastanza a terra durante il loro utilizzo. Nascondono l&#8217;energia benefica per il radicamento spirituale.<\/span><\/p>\n<p>&nbsp;<\/p>\n<p><span style=\"font-weight: 400;\">\ud83c\udf38 Porta una sensazione di profonda calma in tutto il corpo e pu\u00f2 aiutare a trattare i problemi emotivi, lo stress e prevenire gli sbalzi d&#8217;umore.<\/span><\/p>\n<p><span style=\"font-weight: 400;\">\ud83c\udf38 Sin dai tempi antichi, sono state conosciute come forti pietre protettive e le loro vibrazioni protettive psichiche sono molto calmanti.<\/span><\/p>\n<p>&nbsp;<\/p>\n<p><span style=\"font-weight: 400;\">\ud83c\udf38 Consente una pi\u00f9 profonda consapevolezza del flusso dalla vita alla vita. Aiuta a determinare qual \u00e8 il tuo scopo attuale in una determinata situazione.<\/span><\/p>\n<p>&nbsp;<\/p>\n<p><span style=\"font-weight: 400;\">\ud83c\udf38Durante la meditazione, aiuta positivamente ad esplorare le vite passate e a creare maggiore chiarezza nella mente.<\/span><\/p>\n<p>&nbsp;<\/p>\n<p><span style=\"font-weight: 400;\">\ud83c\udf38La vibrazione di questa pietra \u00e8 forte all&#8217;interno del chakra del cuore in quanto assicura che l&#8217;energia dell&#8217;amore fluisca attraverso tutto ci\u00f2 che fai.<\/span><\/p>\n<p>&nbsp;<\/p>\n<p><span style=\"font-weight: 400;\">\ud83c\udf38Nell&#8217;antichit\u00e0, gli uomini costruivano amuleti protettivi con la pietra, poich\u00e9 erano noti per avere forti propriet\u00e0 protettive.<\/span><\/p>\n<p>&nbsp;<\/p>\n<p><span style=\"font-weight: 400;\">\ud83c\udf38Shamani li hanno usati in tutte le et\u00e0 poich\u00e9 le loro vibrazioni pronunciate erano note per essere molto protettive e molto forti.<\/span><\/p>\n<p>&nbsp;<\/p>\n<p><span style=\"font-weight: 400;\">\ud83c\udf38Le pietre turchesi sono ottimi cristalli curativi che sono stati utilizzati per questo scopo sin dai tempi antichi. Sono noti per consentire al corpo di curare molte malattie diverse.<\/span><\/p>\n<p>&nbsp;<\/p>\n<p><span style=\"font-weight: 400;\">\ud83c\udf38Nell&#8217;antichit\u00e0 si diceva che fosse usato per trattare problemi agli occhi, inclusa la cataratta. Indossare gioielli turchesi sul corpo aiuta ad armonizzare e rivitalizzare il corpo.\u00a0<\/span><\/p>\n<p>&nbsp;<\/p>\n<p><span style=\"font-weight: 400;\">\ud83c\udf38Questo \u00e8 perch\u00e9 incarnano l&#8217;energia che aiuta positivamente con la fatica o l&#8217;esaurimento.<\/span><\/p>\n<p>&nbsp;<\/p>\n<p><span style=\"font-weight: 400;\">\ud83c\udf38Ha un&#8217;energia efficace all&#8217;interno del chakra sacrale, attraverso la quale puoi migliorare la tua creativit\u00e0 e aiutare nella risoluzione creativa dei problemi.<\/span><\/p>\n<p>&nbsp;<\/p>\n<p><span style=\"font-weight: 400;\">\ud83c\udf38Pu\u00f2 aiutare a un migliore assorbimento dei nutrienti che consumi e inoltre dovrebbe aiutare a proteggere dall&#8217;inquinamento atmosferico, quindi pu\u00f2 essere utile nei periodi in cui l&#8217;aria non \u00e8 cos\u00ec pulita.<\/span><\/p>\n","protected":false},"featured_media":3108,"comment_status":"open","ping_status":"closed","template":"","meta":{"_monsterinsights_skip_tracking":false,"_monsterinsights_sitenote_active":false,"_monsterinsights_sitenote_note":"","_monsterinsights_sitenote_category":0},"product_brand":[],"product_cat":[42],"product_tag":[],"class_list":{"0":"post-3342","1":"product","2":"type-product","3":"status-publish","4":"has-post-thumbnail","6":"product_cat-nekategorizirano","8":"first","9":"instock","10":"sale","11":"shipping-taxable","12":"purchasable","13":"product-type-simple"},"_links":{"self":[{"href":"https:\/\/www.kimstones.com\/it\/wp-json\/wp\/v2\/product\/3342","targetHints":{"allow":["GET"]}}],"collection":[{"href":"https:\/\/www.kimstones.com\/it\/wp-json\/wp\/v2\/product"}],"about":[{"href":"https:\/\/www.kimstones.com\/it\/wp-json\/wp\/v2\/types\/product"}],"replies":[{"embeddable":true,"href":"https:\/\/www.kimstones.com\/it\/wp-json\/wp\/v2\/comments?post=3342"}],"wp:featuredmedia":[{"embeddable":true,"href":"https:\/\/www.kimstones.com\/it\/wp-json\/wp\/v2\/media\/3108"}],"wp:attachment":[{"href":"https:\/\/www.kimstones.com\/it\/wp-json\/wp\/v2\/media?parent=3342"}],"wp:term":[{"taxonomy":"product_brand","embeddable":true,"href":"https:\/\/www.kimstones.com\/it\/wp-json\/wp\/v2\/product_brand?post=3342"},{"taxonomy":"product_cat","embeddable":true,"href":"https:\/\/www.kimstones.com\/it\/wp-json\/wp\/v2\/product_cat?post=3342"},{"taxonomy":"product_tag","embeddable":true,"href":"https:\/\/www.kimstones.com\/it\/wp-json\/wp\/v2\/product_tag?post=3342"}],"curies":[{"name":"wp","href":"https:\/\/api.w.org\/{rel}","templated":true}]}}