{"id":3334,"date":"2020-06-22T14:01:49","date_gmt":"2020-06-22T14:01:49","guid":{"rendered":"https:\/\/www.kimstones.com\/izdelek\/piramidi-di-orgonite\/"},"modified":"2020-06-22T14:01:49","modified_gmt":"2020-06-22T14:01:49","slug":"piramidi-di-orgonite","status":"publish","type":"product","link":"https:\/\/www.kimstones.com\/it\/prodotto\/piramidi-di-orgonite\/","title":{"rendered":"Piramidi di orgonite"},"content":{"rendered":"","protected":false},"excerpt":{"rendered":"<p><span style=\"font-weight: 400;\">\ud83c\udf3cOrgon \u00e8 per definizione un altro nome per la nostra energia vitale conosciuta come chi, prana o etere. Le piramidi di orgonite sono potenti e di bellissime forme, note per la loro capacit\u00e0 di convertire l&#8217;energia negativa in energia positiva che bilancia i corpi spirituale, emotivo e fisico. L&#8217;orgonite \u00e8 una sostanza composta da resina, metalli, cristalli curativi e quarzo che regola e coordina la nostra bioenergia.<\/span><\/p>\n<p><span style=\"font-weight: 400;\">\ud83c\udf3cL&#8217;orgonite \u00e8 un materiale progettato specificamente per catturare, purificare e rilasciare energia orgonica. \u00c8 una combinazione di quarzo puro e particelle metalliche fini unite insieme dalla resina. L&#8217;orgonite pu\u00f2 essere modellata in qualsiasi forma. Possono anche essere indossati su se stessi sotto forma di collane o ciondoli. \u00c8 inteso per uso personale e per l&#8217;uso in spazi abitativi (casa, ufficio, ecc.).<\/span><\/p>\n<p><span style=\"font-weight: 400;\">\ud83c\udf3cOrgoniti &#8211; EFFETTI:<\/span><\/p>\n<p><span style=\"font-weight: 400;\">\ud83d\udc49\ud83c\udffb aiutarti a sentirti meglio, sia fisicamente che spiritualmente,<\/span><\/p>\n<p><span style=\"font-weight: 400;\">\ud83d\udc49\ud83c\udffb proteggere il corpo dagli effetti dannosi delle radiazioni elettromagnetiche dei dispositivi elettrici (TV, cellulare, computer, &#8230;)<\/span><\/p>\n<p><span style=\"font-weight: 400;\">\ud83d\udc49\ud83c\udffb aiuta a rimuovere i blocchi energetici<\/span><\/p>\n<p><span style=\"font-weight: 400;\">\ud83d\udc49\ud83c\udffb migliorare le relazioni interpersonali sia a casa con la famiglia che al lavoro con i colleghi<\/span><\/p>\n<p><span style=\"font-weight: 400;\">\ud83d\udc49\ud83c\udffb promuovere un sonno migliore e sogni lucidi<\/span><\/p>\n<p><span style=\"font-weight: 400;\">\ud83d\udc49\ud83c\udffb Aiutano anche le persone con insonnia cronica<\/span><\/p>\n<p><span style=\"font-weight: 400;\">\ud83d\udc49\ud83c\udffb Aiutano nella crescita spirituale aumentando le vibrazioni energetiche<\/span><\/p>\n<p><span style=\"font-weight: 400;\">\ud83d\udc49\ud83c\udffb promuovere la crescita delle piante e purificare l&#8217;acqua<\/span><\/p>\n<p>&nbsp;<\/p>\n<p><span style=\"font-weight: 400;\">Posso programmare la orgonite per un&#8217;altra propriet\u00e0 di tua scelta.<\/span><\/p>\n","protected":false},"featured_media":2943,"comment_status":"open","ping_status":"closed","template":"","meta":{"_monsterinsights_skip_tracking":false,"_monsterinsights_sitenote_active":false,"_monsterinsights_sitenote_note":"","_monsterinsights_sitenote_category":0},"product_brand":[],"product_cat":[56],"product_tag":[],"class_list":{"0":"post-3334","1":"product","2":"type-product","3":"status-publish","4":"has-post-thumbnail","6":"product_cat-orgoniti-it","7":"wcpa_has_options","9":"first","10":"instock","11":"sale","12":"shipping-taxable","13":"purchasable","14":"product-type-simple"},"_links":{"self":[{"href":"https:\/\/www.kimstones.com\/it\/wp-json\/wp\/v2\/product\/3334","targetHints":{"allow":["GET"]}}],"collection":[{"href":"https:\/\/www.kimstones.com\/it\/wp-json\/wp\/v2\/product"}],"about":[{"href":"https:\/\/www.kimstones.com\/it\/wp-json\/wp\/v2\/types\/product"}],"replies":[{"embeddable":true,"href":"https:\/\/www.kimstones.com\/it\/wp-json\/wp\/v2\/comments?post=3334"}],"wp:featuredmedia":[{"embeddable":true,"href":"https:\/\/www.kimstones.com\/it\/wp-json\/wp\/v2\/media\/2943"}],"wp:attachment":[{"href":"https:\/\/www.kimstones.com\/it\/wp-json\/wp\/v2\/media?parent=3334"}],"wp:term":[{"taxonomy":"product_brand","embeddable":true,"href":"https:\/\/www.kimstones.com\/it\/wp-json\/wp\/v2\/product_brand?post=3334"},{"taxonomy":"product_cat","embeddable":true,"href":"https:\/\/www.kimstones.com\/it\/wp-json\/wp\/v2\/product_cat?post=3334"},{"taxonomy":"product_tag","embeddable":true,"href":"https:\/\/www.kimstones.com\/it\/wp-json\/wp\/v2\/product_tag?post=3334"}],"curies":[{"name":"wp","href":"https:\/\/api.w.org\/{rel}","templated":true}]}}