{"id":3333,"date":"2020-06-23T08:15:06","date_gmt":"2020-06-23T08:15:06","guid":{"rendered":"https:\/\/www.kimstones.com\/izdelek\/ciondolo-zaffiro-blu-stella\/"},"modified":"2020-06-23T08:15:06","modified_gmt":"2020-06-23T08:15:06","slug":"ciondolo-zaffiro-blu-stella","status":"publish","type":"product","link":"https:\/\/www.kimstones.com\/it\/prodotto\/ciondolo-zaffiro-blu-stella\/","title":{"rendered":"ciondolo zaffiro blu stella"},"content":{"rendered":"","protected":false},"excerpt":{"rendered":"<p><span style=\"font-weight: 400;\">\ud83c\udf38Lo zaffiro \u00e8 una pietra di saggezza. Rafforza la memoria, stimola il desiderio di conoscenza e d\u00e0 ispirazione.<\/span><\/p>\n<p>&nbsp;<\/p>\n<p><span style=\"font-weight: 400;\">\ud83c\udf38Queste pietre hanno un buon effetto curativo nel chakra della gola e sono particolarmente note per aiutare con i problemi alla tiroide.<\/span><\/p>\n<p>&nbsp;<\/p>\n<p><span style=\"font-weight: 400;\">\ud83c\udf38In generale, aiutano il sistema ghiandolare e, se necessario, calmano le funzioni corporee iperattive. Aiutano a guarire gli occhi e l&#8217;ipovisione.<\/span><\/p>\n<p>&nbsp;<\/p>\n<p><span style=\"font-weight: 400;\">\ud83c\udf38Queste pietre blu possono aiutare con problemi legati al cervello, inclusa la dislessia.<\/span><\/p>\n<p><span style=\"font-weight: 400;\">Hanno anche una forte energia che aiuta con la guarigione emotiva.Aiutano con l&#8217;apprendimento con una migliore memoria e perseveranza.<\/span><\/p>\n<p>&nbsp;<\/p>\n<p><span style=\"font-weight: 400;\">\ud83c\udf38 Hanno un&#8217;energia calmante che promuove sentimenti allegri, porta la pace della mente e aiuta ad alleviare lo stress.<\/span><\/p>\n<p>&nbsp;<\/p>\n<p><span style=\"font-weight: 400;\">\ud83c\udf38 Hanno un buon effetto sulla riduzione della depressione, dovrebbero essere utili per il trattamento di alcuni tipi di malattie mentali.<\/span><\/p>\n<p>&nbsp;<\/p>\n<p><span style=\"font-weight: 400;\">\ud83c\udf38Quando lo indossiamo vicino al cuore, \u00e8 una protezione molto forte contro le cattive intenzioni; invidia, calunnia e tradimento.<\/span><\/p>\n<p>&nbsp;<\/p>\n<p><span style=\"font-weight: 400;\">\ud83c\udf38Con zaffiro otteniamo un progresso spirituale perch\u00e9 calma la passione del corpo, porta conforto e aiuta l&#8217;anima a purificarsi dal superfluo che il nostro corpo non ama.<\/span><\/p>\n<p>&nbsp;<\/p>\n<p><span style=\"font-weight: 400;\">\ud83c\udf38 Infonde coraggio, determinazione e autodisciplina nei momenti pi\u00f9 difficili della vita.<\/span><\/p>\n<p>&nbsp;<\/p>\n<p><span style=\"font-weight: 400;\">\ud83c\udf38Lo zaffiro attira gli amici e respinge i nemici e porta lealt\u00e0 e pi\u00f9 amore in una partnership. Pertanto, \u00e8 adatto anche come anello di fidanzamento.<\/span><\/p>\n","protected":false},"featured_media":2953,"comment_status":"open","ping_status":"closed","template":"","meta":{"_monsterinsights_skip_tracking":false,"_monsterinsights_sitenote_active":false,"_monsterinsights_sitenote_note":"","_monsterinsights_sitenote_category":0},"product_brand":[],"product_cat":[42],"product_tag":[],"class_list":{"0":"post-3333","1":"product","2":"type-product","3":"status-publish","4":"has-post-thumbnail","6":"product_cat-nekategorizirano","8":"first","9":"instock","10":"sale","11":"shipping-taxable","12":"purchasable","13":"product-type-simple"},"_links":{"self":[{"href":"https:\/\/www.kimstones.com\/it\/wp-json\/wp\/v2\/product\/3333","targetHints":{"allow":["GET"]}}],"collection":[{"href":"https:\/\/www.kimstones.com\/it\/wp-json\/wp\/v2\/product"}],"about":[{"href":"https:\/\/www.kimstones.com\/it\/wp-json\/wp\/v2\/types\/product"}],"replies":[{"embeddable":true,"href":"https:\/\/www.kimstones.com\/it\/wp-json\/wp\/v2\/comments?post=3333"}],"wp:featuredmedia":[{"embeddable":true,"href":"https:\/\/www.kimstones.com\/it\/wp-json\/wp\/v2\/media\/2953"}],"wp:attachment":[{"href":"https:\/\/www.kimstones.com\/it\/wp-json\/wp\/v2\/media?parent=3333"}],"wp:term":[{"taxonomy":"product_brand","embeddable":true,"href":"https:\/\/www.kimstones.com\/it\/wp-json\/wp\/v2\/product_brand?post=3333"},{"taxonomy":"product_cat","embeddable":true,"href":"https:\/\/www.kimstones.com\/it\/wp-json\/wp\/v2\/product_cat?post=3333"},{"taxonomy":"product_tag","embeddable":true,"href":"https:\/\/www.kimstones.com\/it\/wp-json\/wp\/v2\/product_tag?post=3333"}],"curies":[{"name":"wp","href":"https:\/\/api.w.org\/{rel}","templated":true}]}}