{"id":3321,"date":"2020-11-11T20:22:11","date_gmt":"2020-11-11T20:22:11","guid":{"rendered":"https:\/\/www.kimstones.com\/izdelek\/3321\/"},"modified":"2020-11-17T17:10:58","modified_gmt":"2020-11-17T17:10:58","slug":"3321","status":"publish","type":"product","link":"https:\/\/www.kimstones.com\/it\/prodotto\/3321\/","title":{"rendered":"Ciondolo smeraldo"},"content":{"rendered":"","protected":false},"excerpt":{"rendered":"<pre id=\"tw-target-text\" class=\"tw-data-text tw-text-large XcVN5d tw-ta\" dir=\"ltr\" data-placeholder=\"Prevod\"><span lang=\"it\">\ud83c\udf38Lo smeraldo \u00e8 la pietra del cuore perch\u00e9 simboleggia la misericordia, la compassione e l'amore universale. Rappresenta tutte le cose meravigliose di questo mondo e il modo in cui sono tutte legate all'amore.\r\n\r\n\ud83c\udf38 Ti mostrer\u00e0 come puoi rimanere felice e soddisfatto solo stando da solo!\r\n\r\n\ud83c\udf38Verde in Emerald incarna il rispetto che dovremmo avere per la vita e la creazione.\r\n\r\n\ud83c\udf38Questo ti dar\u00e0 un pi\u00f9 forte senso di responsabilit\u00e0 per ottenere solo ci\u00f2 di cui hai bisogno e restituire ci\u00f2 che hai preso in modo che l'equilibrio non sia disturbato.\r\n\r\n\ud83c\udf38Le energie di questa pietra ti ispireranno a vivere una vita pi\u00f9 armoniosa, generosa, premurosa e amorevole.\r\n\r\n\ud83c\udf38Emerald calma le emozioni forti o agitate e crea energie positive che ti aiuteranno a rimuovere i blocchi che ti impediscono di realizzare il tuo potenziale!\r\n\r\n\ud83c\udf38Non solo \u00e8 una grande forma di sollievo dallo stress, lo smeraldo migliorer\u00e0 anche la tua memoria e ti dar\u00e0 lucidit\u00e0 mentale.\r\n\r\n\ud83c\udf38Questa pietra ti dar\u00e0 una migliore comprensione di come funziona la vita e di come vivi la tua vita.\r\n\r\n\ud83c\udf38Questa pietra ti aiuter\u00e0 a concentrarti sulle cose che desideri veramente nella vita e ti aiuter\u00e0 a realizzarle!\r\n\r\n\ud83c\udf38Questa pietra simboleggia anche la giovinezza e il ringiovanimento.\r\n\r\n\ud83c\udf38Emerald \u00e8 anche una pietra che ti protegger\u00e0 dalla negativit\u00e0.\r\n\r\n\ud83c\udf38Anche le persone pi\u00f9 positive non resistono alle energie negative, ma questa pietra pu\u00f2 trattenere la negativit\u00e0!\r\n\r\n\ud83c\udf38Le propriet\u00e0 curative degli smeraldi possono aiutare a regolare la pressione intraoculare e trattare i problemi digestivi. \u00c8 noto anche per essere efficace nell'epilessia e nella sclerosi multipla.\r\n\r\n\ud83c\udf38 Pu\u00f2 aiutare con il morbo di Parkinson, la depressione e la paranoia.\r\n\r\n\ud83c\udf38Le energie smeraldo possono anche proteggere il cuore, regolare la pressione sanguigna, ridurre l'infiammazione e prevenire le infezioni.\r\n\r\n\ud83c\udf38 \u00c8 anche una pietra eccellente che pu\u00f2 aiutare con problemi di fertilit\u00e0.\r\n\r\n\ud83c\udf38Questa pietra promuover\u00e0 l'equilibrio fisico, emotivo, mentale e spirituale. Quando tutto \u00e8 coordinato e armonioso, puoi goderti un'esistenza pi\u00f9 facile e illuminante.\r\n\r\n\ud83c\udf38 Uno smeraldo \u00e8 un cercatore d'amore. \u00c8 anche conosciuto come il Rivelatore della Verit\u00e0.\r\n\r\n\ud83c\udf38 A causa di queste qualit\u00e0 di smeraldo, questa gemma \u00e8 stata a lungo un dono da un amante a un altro come gesto di lealt\u00e0 e devozione immortali.\r\n\r\n\ud83c\udf38 Quando hai energie color smeraldo, sarai ispirato a fare tutto con amore e onest\u00e0.\r\n\r\n\ud83c\udf38 Quando avrai questa bellissima pietra verde nella tua vita, godrai di pi\u00f9 amore, passione e significato in una relazione romantica.\r\n\r\n\ud83c\udf38Emerald aumenter\u00e0 il livello di energia nel corpo e aumenter\u00e0 il flusso di energia tra i chakra inferiori e superiori.<\/span><\/pre>\n","protected":false},"featured_media":3269,"comment_status":"open","ping_status":"closed","template":"","meta":{"_monsterinsights_skip_tracking":false,"_monsterinsights_sitenote_active":false,"_monsterinsights_sitenote_note":"","_monsterinsights_sitenote_category":0},"product_brand":[],"product_cat":[42],"product_tag":[],"class_list":{"0":"post-3321","1":"product","2":"type-product","3":"status-publish","4":"has-post-thumbnail","6":"product_cat-nekategorizirano","8":"first","9":"instock","10":"sale","11":"shipping-taxable","12":"purchasable","13":"product-type-simple"},"_links":{"self":[{"href":"https:\/\/www.kimstones.com\/it\/wp-json\/wp\/v2\/product\/3321","targetHints":{"allow":["GET"]}}],"collection":[{"href":"https:\/\/www.kimstones.com\/it\/wp-json\/wp\/v2\/product"}],"about":[{"href":"https:\/\/www.kimstones.com\/it\/wp-json\/wp\/v2\/types\/product"}],"replies":[{"embeddable":true,"href":"https:\/\/www.kimstones.com\/it\/wp-json\/wp\/v2\/comments?post=3321"}],"wp:featuredmedia":[{"embeddable":true,"href":"https:\/\/www.kimstones.com\/it\/wp-json\/wp\/v2\/media\/3269"}],"wp:attachment":[{"href":"https:\/\/www.kimstones.com\/it\/wp-json\/wp\/v2\/media?parent=3321"}],"wp:term":[{"taxonomy":"product_brand","embeddable":true,"href":"https:\/\/www.kimstones.com\/it\/wp-json\/wp\/v2\/product_brand?post=3321"},{"taxonomy":"product_cat","embeddable":true,"href":"https:\/\/www.kimstones.com\/it\/wp-json\/wp\/v2\/product_cat?post=3321"},{"taxonomy":"product_tag","embeddable":true,"href":"https:\/\/www.kimstones.com\/it\/wp-json\/wp\/v2\/product_tag?post=3321"}],"curies":[{"name":"wp","href":"https:\/\/api.w.org\/{rel}","templated":true}]}}