{"id":2761,"date":"2017-12-11T12:06:00","date_gmt":"2017-12-11T12:06:00","guid":{"rendered":"https:\/\/www.kimstones.com\/izdelek\/2761\/"},"modified":"2020-11-11T17:37:36","modified_gmt":"2020-11-11T17:37:36","slug":"ciondolo-rubino","status":"publish","type":"product","link":"https:\/\/www.kimstones.com\/it\/prodotto\/ciondolo-rubino\/","title":{"rendered":"Ciondolo rubino"},"content":{"rendered":"","protected":false},"excerpt":{"rendered":"<p>Ciondolo unico con pietre selezionate &#8211; RUBINO, realizzato in argento 925 di alta qualit\u00e0.<\/p>\n<p>ALCUNE CARATTERISTICHE DI RUBINO: La parola Rubin deriva dalla parola latina Ruber &#8211; che significa rosso. \u00c8 un drago raro che si trova solo in alcune parti del mondo. Il rubino \u00e8 una pietra protettiva \/ gioiello di casa, propriet\u00e0, bambini e un protettore psicologico, e lo protegge anche da incidenti e incendi. Ci aiuta a ricordare i nostri sogni. Per molto tempo il rubino \u00e8 stato anche una pietra che ha aumentato la passione e il romanticismo nell&#8217;amore e nella vita. \u00c8 generalmente una pietra con effetti positivi, uno strumento potente che riduce incubi, ansia e dubbi, poich\u00e9 ti porta sulla retta via. Il rubino \u00e8 una grande pietra per l&#8217;energia, aumenta la vitalit\u00e0 della vita, elimina lo sfinimento e la letargia, calma l&#8217;iperattivit\u00e0. Questa \u00e8 una pietra sociale che attrae il sesso opposto. Il rubino promuove la passione per la vita, ma mai in se stesso in modo distruttivo. Migliora la motivazione e la determinazione degli obiettivi realistici. Stimola il chakra del cuore e regola il cuore. La pietra \u00e8 un potente scudo contro attacchi psicologici e un vampiro cardiaco. L&#8217;effetto protettivo di questa pietra \u00e8 che tu sei verbalmente pi\u00f9 forte nei conflitti o nelle controversie. Il rubino promuove sogni positivi e una visualizzazione chiara, stimola l&#8217;epifisi. Questa pietra rossa \u00e8 un simbolo di vita. Riduce anche i problemi della menopausa e la pressione bassa, elimina l&#8217;affaticamento, rafforza il sistema immunitario, &#8230; aiuta con l&#8217;anemia. Infezioni, milza, leucemia, stimolano il metabolismo e regolano la digestione. Rallenta le mestruazioni sanguinanti e dolorose, il rubino rafforza i sensi, d\u00e0 forza e restituisce la volont\u00e0 alla vita di ogni individuo. Ha anche un impatto positivo nelle relazioni amorose. I pi\u00f9 importanti giacimenti di rubini sono Myanmar, Sri Lanka e Thailandia.<\/p>\n","protected":false},"featured_media":2936,"comment_status":"open","ping_status":"closed","template":"","meta":{"_monsterinsights_skip_tracking":false,"_monsterinsights_sitenote_active":false,"_monsterinsights_sitenote_note":"","_monsterinsights_sitenote_category":0},"product_brand":[],"product_cat":[42],"product_tag":[],"class_list":{"0":"post-2761","1":"product","2":"type-product","3":"status-publish","4":"has-post-thumbnail","6":"product_cat-nekategorizirano","8":"first","9":"outofstock","10":"sale","11":"shipping-taxable","12":"purchasable","13":"product-type-simple"},"_links":{"self":[{"href":"https:\/\/www.kimstones.com\/it\/wp-json\/wp\/v2\/product\/2761","targetHints":{"allow":["GET"]}}],"collection":[{"href":"https:\/\/www.kimstones.com\/it\/wp-json\/wp\/v2\/product"}],"about":[{"href":"https:\/\/www.kimstones.com\/it\/wp-json\/wp\/v2\/types\/product"}],"replies":[{"embeddable":true,"href":"https:\/\/www.kimstones.com\/it\/wp-json\/wp\/v2\/comments?post=2761"}],"wp:featuredmedia":[{"embeddable":true,"href":"https:\/\/www.kimstones.com\/it\/wp-json\/wp\/v2\/media\/2936"}],"wp:attachment":[{"href":"https:\/\/www.kimstones.com\/it\/wp-json\/wp\/v2\/media?parent=2761"}],"wp:term":[{"taxonomy":"product_brand","embeddable":true,"href":"https:\/\/www.kimstones.com\/it\/wp-json\/wp\/v2\/product_brand?post=2761"},{"taxonomy":"product_cat","embeddable":true,"href":"https:\/\/www.kimstones.com\/it\/wp-json\/wp\/v2\/product_cat?post=2761"},{"taxonomy":"product_tag","embeddable":true,"href":"https:\/\/www.kimstones.com\/it\/wp-json\/wp\/v2\/product_tag?post=2761"}],"curies":[{"name":"wp","href":"https:\/\/api.w.org\/{rel}","templated":true}]}}