{"id":2758,"date":"2017-12-11T12:11:48","date_gmt":"2017-12-11T12:11:48","guid":{"rendered":"https:\/\/www.kimstones.com\/izdelek\/ciondolo-smeraldo\/"},"modified":"2021-01-20T23:33:34","modified_gmt":"2021-01-20T23:33:34","slug":"ciondolo-smeraldo","status":"publish","type":"product","link":"https:\/\/www.kimstones.com\/it\/prodotto\/ciondolo-smeraldo\/","title":{"rendered":"Ciondolo smeraldo"},"content":{"rendered":"","protected":false},"excerpt":{"rendered":"<p>Ciondolo unico con pietra selezionata &#8211; SMERALDO, realizzato in argento 925 di alta qualit\u00e0.<\/p>\n<p>ALCUNE CARATTERISTICHE DI SMERALDO: \u00e8 di colore da verde chiaro a verde scuro e appartiene al gruppo di berillio. Allevia il dolore ed \u00e8 sempre stato usato per ridurre il dolore durante il parto. Sviluppa livelli energetici pi\u00f9 elevati e neutralizza le radiazioni negative. Funziona bene sul sistema respiratorio, allevia attacchi di asma, attacchi di cuore, crampi allo stomaco e allevia l&#8217;influenza virale. Emerald tratta la malattia dei bambini, la pelle sensibile e le bruciature. Aumenta la memoria e la capacit\u00e0 di concentrazione. Tra le relazioni le persone portano armonia. Smaragd \u00e8 un gioiello molto popolare. \u00c8 una forte pietra protettiva, che dovrebbe proteggere i viaggiatori durante il viaggio. Lo smeraldo \u00e8 anche usato nella deviazione del diavolo. Nel mondo degli affari, lo smeraldo \u00e8 usato come incantesimo per aumentare le vendite e aiutare l&#8217;aspetto esteriore dell&#8217;azienda. \u00c8 una pietra classica dell&#8217;amore e del romanticismo, che porta passione e familiarit\u00e0, amore incondizionato, equilibrio nell&#8217;amore e nell&#8217;amicizia. Il cuore spezza e ci mette sulla strada dell&#8217;amore.<\/p>\n","protected":false},"featured_media":3265,"comment_status":"open","ping_status":"closed","template":"","meta":{"_monsterinsights_skip_tracking":false,"_monsterinsights_sitenote_active":false,"_monsterinsights_sitenote_note":"","_monsterinsights_sitenote_category":0},"product_brand":[],"product_cat":[42],"product_tag":[],"class_list":{"0":"post-2758","1":"product","2":"type-product","3":"status-publish","4":"has-post-thumbnail","6":"product_cat-nekategorizirano","7":"wcpa_has_options","9":"first","10":"outofstock","11":"sold-individually","12":"shipping-taxable","13":"product-type-variable"},"_links":{"self":[{"href":"https:\/\/www.kimstones.com\/it\/wp-json\/wp\/v2\/product\/2758","targetHints":{"allow":["GET"]}}],"collection":[{"href":"https:\/\/www.kimstones.com\/it\/wp-json\/wp\/v2\/product"}],"about":[{"href":"https:\/\/www.kimstones.com\/it\/wp-json\/wp\/v2\/types\/product"}],"replies":[{"embeddable":true,"href":"https:\/\/www.kimstones.com\/it\/wp-json\/wp\/v2\/comments?post=2758"}],"wp:featuredmedia":[{"embeddable":true,"href":"https:\/\/www.kimstones.com\/it\/wp-json\/wp\/v2\/media\/3265"}],"wp:attachment":[{"href":"https:\/\/www.kimstones.com\/it\/wp-json\/wp\/v2\/media?parent=2758"}],"wp:term":[{"taxonomy":"product_brand","embeddable":true,"href":"https:\/\/www.kimstones.com\/it\/wp-json\/wp\/v2\/product_brand?post=2758"},{"taxonomy":"product_cat","embeddable":true,"href":"https:\/\/www.kimstones.com\/it\/wp-json\/wp\/v2\/product_cat?post=2758"},{"taxonomy":"product_tag","embeddable":true,"href":"https:\/\/www.kimstones.com\/it\/wp-json\/wp\/v2\/product_tag?post=2758"}],"curies":[{"name":"wp","href":"https:\/\/api.w.org\/{rel}","templated":true}]}}