{"id":2755,"date":"2017-12-11T12:15:08","date_gmt":"2017-12-11T12:15:08","guid":{"rendered":"https:\/\/www.kimstones.com\/izdelek\/ciondolo-tre-pietre-rubino-zaffiro-smeraldo\/"},"modified":"2021-01-20T23:33:34","modified_gmt":"2021-01-20T23:33:34","slug":"ciondolo-tre-pietre-rubino-zaffiro-smeraldo","status":"publish","type":"product","link":"https:\/\/www.kimstones.com\/it\/prodotto\/ciondolo-tre-pietre-rubino-zaffiro-smeraldo\/","title":{"rendered":"Ciondolo tre pietre &#8211; rubino, zaffiro, smeraldo"},"content":{"rendered":"","protected":false},"excerpt":{"rendered":"<p>Ciondolo unico con tre pietre selezionate &#8211; rubino, zaffiro, smeraldo, da argento di alta qualit\u00e0 925.<\/p>\n<p><strong>Prima di ordinare, vi prego di contattarmi per organizzare la combinazione esatta in base allo stock!<\/strong><\/p>\n<p>ALCUNE CARATTERISTICHE DELLE PIETRE:<\/p>\n<p>RUBIN: La parola Rubin deriva dalla parola latina Ruber &#8211; che significa rosso. \u00c8 un drago raro che si trova solo in alcune parti del mondo. Il rubino \u00e8 una pietra protettiva \/ gioiello di casa, propriet\u00e0, bambini e un protettore psicologico, e lo protegge anche da incidenti e incendi. Ci aiuta a ricordare i nostri sogni. Per molto tempo il rubino \u00e8 stato anche una pietra che ha aumentato la passione e il romanticismo nell&#8217;amore e nella vita. \u00c8 generalmente una pietra con effetti positivi, uno strumento potente che riduce incubi, ansia e dubbi, poich\u00e9 ti porta sulla retta via. Il rubino \u00e8 una grande pietra per l&#8217;energia, aumenta la vitalit\u00e0 della vita, elimina lo sfinimento e la letargia, calma l&#8217;iperattivit\u00e0. Questa \u00e8 una pietra sociale che attrae il sesso opposto. Il rubino promuove la passione per la vita, ma mai in se stesso in modo distruttivo. Migliora la motivazione e la determinazione degli obiettivi realistici. Stimola il chakra del cuore e regola il cuore. La pietra \u00e8 un potente scudo contro attacchi psicologici e un vampiro cardiaco. L&#8217;effetto protettivo di questa pietra \u00e8 che tu sei verbalmente pi\u00f9 forte nei conflitti o nelle controversie. Il rubino promuove sogni positivi e una visualizzazione chiara, stimola l&#8217;epifisi. Questa pietra rossa \u00e8 un simbolo di vita. Riduce anche i problemi della menopausa e la pressione bassa, elimina l&#8217;affaticamento, rafforza il sistema immunitario, &#8230; aiuta con l&#8217;anemia. Infezioni, milza, leucemia, stimolano il metabolismo e regolano la digestione. Rallenta periodi sanguinanti e dolorosi. Il rubino rafforza anche i sensi, d\u00e0 potere e restituisce la volont\u00e0 alla vita di ogni individuo. Ha anche un impatto positivo nelle relazioni amorose. I pi\u00f9 importanti giacimenti di rubini sono Myanmar, Sri Lanka e Thailandia.<\/p>\n<p>ZAFFIRO BLUE: Zaffiro \u00e8 la pietra della saggezza. Rafforza la memoria, stimola il desiderio di conoscenza e d\u00e0 ispirazione. Quando lo portiamo vicino al cuore c&#8217;\u00e8 una protezione molto forte da scopi cattivi; invidia, diffamazione e tradimento. Lo zaffiro raggiungere il progresso spirituale, perch\u00e9 calma corporea passione, porta l&#8217;anima conforto e aiuta a purificare indebite che non ti piace il nostro corpo. Porta pace e gioia per l&#8217;utente e la gioia della mente. Nei momenti pi\u00f9 difficili della vita, vengono inflitti coraggio, determinazione e autodisciplina. Safir attrae amici e rifiuta i nemici, e porta in fedelt\u00e0 e pi\u00f9 amore in collaborazione. Pertanto, \u00e8 adatto anche come anello di fidanzamento. Questa bellissima pietra blu, Heart of the Ocean, \u00e8 stata anche indossata da Rose nel film Titanic.<\/p>\n<p>SMERALDO o EMERALDO: \u00e8 di colore da verde chiaro a scuro e appartiene al gruppo di berillio. Allevia il dolore ed \u00e8 sempre stato usato per ridurre il dolore durante il parto. Sviluppa livelli energetici pi\u00f9 elevati e neutralizza le radiazioni negative. Funziona bene sul sistema respiratorio, allevia attacchi di asma, attacchi di cuore, crampi allo stomaco e allevia l&#8217;influenza virale. Emerald tratta la malattia dei bambini, la pelle sensibile e le bruciature. Aumenta la memoria e la capacit\u00e0 di concentrazione. Tra le relazioni le persone portano armonia. Smaragd \u00e8 un gioiello molto popolare. \u00c8 una forte pietra protettiva, che dovrebbe proteggere i viaggiatori durante il viaggio. Lo smeraldo \u00e8 anche usato nella deviazione del diavolo. Nel mondo degli affari, lo smeraldo \u00e8 usato come incantesimo per aumentare le vendite e aiutare l&#8217;aspetto esteriore dell&#8217;azienda. \u00c8 una pietra classica dell&#8217;amore e del romanticismo, che porta passione e familiarit\u00e0, amore incondizionato, equilibrio nell&#8217;amore e nell&#8217;amicizia. Il cuore spezza e ci mette sulla strada dell&#8217;amore innamorato.<\/p>\n","protected":false},"featured_media":2506,"comment_status":"open","ping_status":"closed","template":"","meta":{"_monsterinsights_skip_tracking":false,"_monsterinsights_sitenote_active":false,"_monsterinsights_sitenote_note":"","_monsterinsights_sitenote_category":0},"product_brand":[],"product_cat":[42],"product_tag":[],"class_list":{"0":"post-2755","1":"product","2":"type-product","3":"status-publish","4":"has-post-thumbnail","6":"product_cat-nekategorizirano","8":"first","9":"instock","10":"shipping-taxable","11":"purchasable","12":"product-type-variable"},"_links":{"self":[{"href":"https:\/\/www.kimstones.com\/it\/wp-json\/wp\/v2\/product\/2755","targetHints":{"allow":["GET"]}}],"collection":[{"href":"https:\/\/www.kimstones.com\/it\/wp-json\/wp\/v2\/product"}],"about":[{"href":"https:\/\/www.kimstones.com\/it\/wp-json\/wp\/v2\/types\/product"}],"replies":[{"embeddable":true,"href":"https:\/\/www.kimstones.com\/it\/wp-json\/wp\/v2\/comments?post=2755"}],"wp:featuredmedia":[{"embeddable":true,"href":"https:\/\/www.kimstones.com\/it\/wp-json\/wp\/v2\/media\/2506"}],"wp:attachment":[{"href":"https:\/\/www.kimstones.com\/it\/wp-json\/wp\/v2\/media?parent=2755"}],"wp:term":[{"taxonomy":"product_brand","embeddable":true,"href":"https:\/\/www.kimstones.com\/it\/wp-json\/wp\/v2\/product_brand?post=2755"},{"taxonomy":"product_cat","embeddable":true,"href":"https:\/\/www.kimstones.com\/it\/wp-json\/wp\/v2\/product_cat?post=2755"},{"taxonomy":"product_tag","embeddable":true,"href":"https:\/\/www.kimstones.com\/it\/wp-json\/wp\/v2\/product_tag?post=2755"}],"curies":[{"name":"wp","href":"https:\/\/api.w.org\/{rel}","templated":true}]}}