{"id":2752,"date":"2017-12-11T12:25:54","date_gmt":"2017-12-11T12:25:54","guid":{"rendered":"https:\/\/www.kimstones.com\/izdelek\/ciondolo-blu-zaffiro\/"},"modified":"2021-01-20T23:33:34","modified_gmt":"2021-01-20T23:33:34","slug":"ciondolo-blu-zaffiro","status":"publish","type":"product","link":"https:\/\/www.kimstones.com\/it\/prodotto\/ciondolo-blu-zaffiro\/","title":{"rendered":"Ciondolo blu zaffiro"},"content":{"rendered":"","protected":false},"excerpt":{"rendered":"<p>Ciondolo unico con la pietra scelta &#8211; blu zaffiro, realizzato in argento di alta qualit\u00e0 925.<\/p>\n<p>ALCUNE CARATTERISTICHE DELLA blu zaffiro: Lo zaffiro \u00e8 la pietra della saggezza. Rafforza la memoria, stimola il desiderio di conoscenza e d\u00e0 ispirazione. Quando lo portiamo vicino al cuore c&#8217;\u00e8 una protezione molto forte da scopi cattivi; invidia, diffamazione e tradimento. Lo zaffiro raggiungere il progresso spirituale, perch\u00e9 calma corporea passione, porta l&#8217;anima conforto e aiuta a purificare indebite che non ti piace il nostro corpo. Porta pace e gioia per l&#8217;utente e la gioia della mente. Nei momenti pi\u00f9 difficili della vita, vengono inflitti coraggio, determinazione e autodisciplina. Safir attrae amici e rifiuta i nemici, e porta in fedelt\u00e0 e pi\u00f9 amore in collaborazione. Pertanto, \u00e8 adatto anche come anello di fidanzamento. Questa bellissima pietra blu, Heart of the Ocean, \u00e8 stata anche indossata da Rose nel film Titanic.<\/p>\n","protected":false},"featured_media":2515,"comment_status":"open","ping_status":"closed","template":"","meta":{"_monsterinsights_skip_tracking":false,"_monsterinsights_sitenote_active":false,"_monsterinsights_sitenote_note":"","_monsterinsights_sitenote_category":0},"product_brand":[],"product_cat":[42],"product_tag":[],"class_list":{"0":"post-2752","1":"product","2":"type-product","3":"status-publish","4":"has-post-thumbnail","6":"product_cat-nekategorizirano","8":"first","9":"instock","10":"shipping-taxable","11":"purchasable","12":"product-type-variable"},"_links":{"self":[{"href":"https:\/\/www.kimstones.com\/it\/wp-json\/wp\/v2\/product\/2752","targetHints":{"allow":["GET"]}}],"collection":[{"href":"https:\/\/www.kimstones.com\/it\/wp-json\/wp\/v2\/product"}],"about":[{"href":"https:\/\/www.kimstones.com\/it\/wp-json\/wp\/v2\/types\/product"}],"replies":[{"embeddable":true,"href":"https:\/\/www.kimstones.com\/it\/wp-json\/wp\/v2\/comments?post=2752"}],"wp:featuredmedia":[{"embeddable":true,"href":"https:\/\/www.kimstones.com\/it\/wp-json\/wp\/v2\/media\/2515"}],"wp:attachment":[{"href":"https:\/\/www.kimstones.com\/it\/wp-json\/wp\/v2\/media?parent=2752"}],"wp:term":[{"taxonomy":"product_brand","embeddable":true,"href":"https:\/\/www.kimstones.com\/it\/wp-json\/wp\/v2\/product_brand?post=2752"},{"taxonomy":"product_cat","embeddable":true,"href":"https:\/\/www.kimstones.com\/it\/wp-json\/wp\/v2\/product_cat?post=2752"},{"taxonomy":"product_tag","embeddable":true,"href":"https:\/\/www.kimstones.com\/it\/wp-json\/wp\/v2\/product_tag?post=2752"}],"curies":[{"name":"wp","href":"https:\/\/api.w.org\/{rel}","templated":true}]}}