{"id":2742,"date":"2017-12-11T12:49:45","date_gmt":"2017-12-11T12:49:45","guid":{"rendered":"https:\/\/www.kimstones.com\/izdelek\/collana-per-la-salute\/"},"modified":"2020-03-09T02:37:55","modified_gmt":"2020-03-09T02:37:55","slug":"collana-per-la-salute","status":"publish","type":"product","link":"https:\/\/www.kimstones.com\/it\/prodotto\/collana-per-la-salute\/","title":{"rendered":"Collana per la salute"},"content":{"rendered":"","protected":false},"excerpt":{"rendered":"<p>&#8220;La salute \u00e8 il bene pi\u00f9 grande&#8221; &#8211; Proverbio tedesco Ogni problema nella nostra vita pu\u00f2 essere risolto. Le pietre ci possono aiutare con i loro effetti positivi e curativi. Esistono diverse pietre per ogni malattia o problema. Malattie e problemi derivano da blocchi energetici. Questi blocchi hanno un potenziale energetico, la cui oscillazione pu\u00f2 essere percepita anche nei minerali. Se questi potenziali o oscillazioni hanno il potenziale per ottenere risonanza, possono essere mutualmente eliminati. \u00c8 cos\u00ec che sta procedendo la guarigione miracolosa. Le pietre non sono solo utili per il trattamento della malattia, ma anche per soddisfare i desideri in tutte le aree della nostra vita. La collana di assistenza sanitaria \u00e8 personalizzata in base alla malattia e ai problemi di salute dell&#8217;individuo. Consiste in pietre che coprono gli aspetti sanitari della carta natale e pietre che hanno un impatto positivo sulla fonte di malattie e problemi di salute. I migliori risultati testati sono raggiunti con emicranie, vertigini e il sollievo dei crampi mestruali.<\/p>\n<p>Una collana pu\u00f2 includere pietre per un massimo di quattro problemi di salute che devono essere indicati nell&#8217;ordine.<\/p>\n","protected":false},"featured_media":2539,"comment_status":"open","ping_status":"closed","template":"","meta":{"_monsterinsights_skip_tracking":false,"_monsterinsights_sitenote_active":false,"_monsterinsights_sitenote_note":"","_monsterinsights_sitenote_category":0},"product_brand":[],"product_cat":[42],"product_tag":[],"class_list":{"0":"post-2742","1":"product","2":"type-product","3":"status-publish","4":"has-post-thumbnail","6":"product_cat-nekategorizirano","8":"first","9":"instock","10":"shipping-taxable","11":"purchasable","12":"product-type-variable"},"_links":{"self":[{"href":"https:\/\/www.kimstones.com\/it\/wp-json\/wp\/v2\/product\/2742","targetHints":{"allow":["GET"]}}],"collection":[{"href":"https:\/\/www.kimstones.com\/it\/wp-json\/wp\/v2\/product"}],"about":[{"href":"https:\/\/www.kimstones.com\/it\/wp-json\/wp\/v2\/types\/product"}],"replies":[{"embeddable":true,"href":"https:\/\/www.kimstones.com\/it\/wp-json\/wp\/v2\/comments?post=2742"}],"wp:featuredmedia":[{"embeddable":true,"href":"https:\/\/www.kimstones.com\/it\/wp-json\/wp\/v2\/media\/2539"}],"wp:attachment":[{"href":"https:\/\/www.kimstones.com\/it\/wp-json\/wp\/v2\/media?parent=2742"}],"wp:term":[{"taxonomy":"product_brand","embeddable":true,"href":"https:\/\/www.kimstones.com\/it\/wp-json\/wp\/v2\/product_brand?post=2742"},{"taxonomy":"product_cat","embeddable":true,"href":"https:\/\/www.kimstones.com\/it\/wp-json\/wp\/v2\/product_cat?post=2742"},{"taxonomy":"product_tag","embeddable":true,"href":"https:\/\/www.kimstones.com\/it\/wp-json\/wp\/v2\/product_tag?post=2742"}],"curies":[{"name":"wp","href":"https:\/\/api.w.org\/{rel}","templated":true}]}}