{"id":2731,"date":"2017-12-11T12:51:19","date_gmt":"2017-12-11T12:51:19","guid":{"rendered":"https:\/\/www.kimstones.com\/izdelek\/collana-protettiva\/"},"modified":"2021-01-20T23:33:23","modified_gmt":"2021-01-20T23:33:23","slug":"collana-protettiva","status":"publish","type":"product","link":"https:\/\/www.kimstones.com\/it\/prodotto\/collana-protettiva\/","title":{"rendered":"Collana protettiva"},"content":{"rendered":"","protected":false},"excerpt":{"rendered":"<p>\u00bbD\u00ec &#8220;vai via&#8221;a qualsiasi negativit\u00e0 che si insinua nei tuoi pensieri. Nessuna persona, luogo o oggetto ha potere su di noi, poich\u00e9 tu sei l&#8217;unico pensatore nella tua testa. \u00c8 possibile creare la propria realt\u00e0 e tutto ci\u00f2 che accade in esso.&#8221;<\/p>\n<p>&#8211; Louise L.Hay<\/p>\n<p>Questa collana comprende gli aspetti del tema natale, che si ha pi\u00f9 bisogno di protezione. \u00c8 completato da pietre che proteggono la tua energia e impediscono agli altri di gestirla, bloccando le energie negative e pulendo la tua aura. Come proteggersi dalle persone che ti bevono energia? Una delle soluzioni \u00e8 anche la gioielleria Kimstones. Provato. Perch\u00e9 abbiamo una sola vita qui e ora. Ma lavorare con esso gentile ed economico. Ama te stesso e puoi dare amore agli altri. A volte troviamo vampiri energetici, come si chiamava Jani Pravset, nella nostra vita tra i membri della famiglia, prima e pi\u00f9 spesso. Nella maggior parte dei casi sulla via della vita, sostenersi a vicenda con l&#8217;energia \u00e8 naturale e salutare. In una relazione ben equilibrata, lo scambio di energia \u00e8 reciproco e ogni persona dar\u00e0 e prender\u00e0, se necessario, specialmente in famiglia o nella legge. Tuttavia, le situazioni sfuggono all&#8217;equilibrio, se una persona prende solo e l&#8217;altra d\u00e0 solo. Questo \u00e8 il motivo per cui puoi indossare una collana, e sicuramente la vita della partnership sar\u00e0 pi\u00f9 bella e le relazioni saranno pi\u00f9 autentiche. Ci sono anche i vampiri della vita reale che si arrampicano per le strade, su Internet, persino sul telefono &#8230; quindi la protezione \u00e8 della massima importanza. L&#8217;uso dei cristalli varia da persona a persona.<\/p>\n<p>Crystallotherapeutist da, per esempio, distribuito nel corpo, pu\u00f2 essere posizionato sulla vasca, realizzato come catena pendente o come una roccia a mano in una borsa o in tasca, acqua potabile energizirano cristalli (elisir), etc. La scelta \u00e8 davvero varia.\u00a0 I cristalli sono solo per ulteriore aiuto, anche se in alcuni casi possono essere curati pi\u00f9 rapidamente ed efficacemente da un certo disagio fisico \/ emotivo. Secondo le risposte ed i nostri clienti, che hanno gi\u00e0 braccialetto Kimstones o collana \u00e8 un modo preferito per utilizzare cristalli indossati come gioielli. \u00c8 esteticamente bello, pratico e operativo \u00e8 immediato. Collana di proteggere ornato con pietre come granato, peridoto, rubino, spinello, blu zaffiro, tormalina e altri. Specialit\u00e0 di KimStones collane, c&#8217;\u00e8 ancora questo al vostro bracciale unico &#8211; vale solo per te, perch\u00e9 \u00e8 stato progettato sulla base di tua tema natale.<\/p>\n","protected":false},"featured_media":2536,"comment_status":"open","ping_status":"closed","template":"","meta":{"_monsterinsights_skip_tracking":false,"_monsterinsights_sitenote_active":false,"_monsterinsights_sitenote_note":"","_monsterinsights_sitenote_category":0},"product_brand":[],"product_cat":[42,272],"product_tag":[],"class_list":{"0":"post-2731","1":"product","2":"type-product","3":"status-publish","4":"has-post-thumbnail","6":"product_cat-nekategorizirano","7":"product_cat-non-categorizzato","9":"first","10":"instock","11":"shipping-taxable","12":"purchasable","13":"product-type-variable"},"_links":{"self":[{"href":"https:\/\/www.kimstones.com\/it\/wp-json\/wp\/v2\/product\/2731","targetHints":{"allow":["GET"]}}],"collection":[{"href":"https:\/\/www.kimstones.com\/it\/wp-json\/wp\/v2\/product"}],"about":[{"href":"https:\/\/www.kimstones.com\/it\/wp-json\/wp\/v2\/types\/product"}],"replies":[{"embeddable":true,"href":"https:\/\/www.kimstones.com\/it\/wp-json\/wp\/v2\/comments?post=2731"}],"wp:featuredmedia":[{"embeddable":true,"href":"https:\/\/www.kimstones.com\/it\/wp-json\/wp\/v2\/media\/2536"}],"wp:attachment":[{"href":"https:\/\/www.kimstones.com\/it\/wp-json\/wp\/v2\/media?parent=2731"}],"wp:term":[{"taxonomy":"product_brand","embeddable":true,"href":"https:\/\/www.kimstones.com\/it\/wp-json\/wp\/v2\/product_brand?post=2731"},{"taxonomy":"product_cat","embeddable":true,"href":"https:\/\/www.kimstones.com\/it\/wp-json\/wp\/v2\/product_cat?post=2731"},{"taxonomy":"product_tag","embeddable":true,"href":"https:\/\/www.kimstones.com\/it\/wp-json\/wp\/v2\/product_tag?post=2731"}],"curies":[{"name":"wp","href":"https:\/\/api.w.org\/{rel}","templated":true}]}}