{"id":2659,"date":"2017-12-11T20:10:02","date_gmt":"2017-12-11T20:10:04","guid":{"rendered":"https:\/\/www.kimstones.com\/?post_type=product&#038;p=2659"},"modified":"2021-01-20T23:33:22","modified_gmt":"2021-01-20T23:33:22","slug":"braccialetto-di-perdita-di-peso-con-pietre-preziose-e-semi-preziose","status":"publish","type":"product","link":"https:\/\/www.kimstones.com\/it\/prodotto\/braccialetto-di-perdita-di-peso-con-pietre-preziose-e-semi-preziose\/","title":{"rendered":"Braccialetto di perdita di peso con pietre preziose e semi-preziose"},"content":{"rendered":"","protected":false},"excerpt":{"rendered":"<p>Per il sovrappeso, ci sono innumerevoli motivi. Alcuni hanno problemi con lei per tutta la vita, e alcuni solo in certi periodi. Nel tema natale questo \u00e8 evidente dalle progressioni secondarie e dai transiti che vengono catturati in questo braccialetto. pietre complemento braccialetto di ridurre l&#8217;appetito, migliorare la digestione, dieta sana e pietre per il benessere nella propria pelle e la felicit\u00e0. Quanto pi\u00f9 \u00e8 preziosa la pietra scelta, tanto pi\u00f9 forte \u00e8 il campo di energia che si suppone creer\u00e0 e tanto pi\u00f9 sono attesi gli effetti delle sue radiazioni benefiche sull&#8217;aura dell&#8217;uomo. Tradizionalmente, per ogni problema, dovrebbe esserci una pietra speciale per ogni problema, quindi nel braccialetto che presentiamo si fondono solo le pietre pi\u00f9 belle.<\/p>\n<p>Specialit\u00e0 di KimStones collane, c&#8217;\u00e8 ancora questo al vostro bracciale unico &#8211; vale solo per te, perch\u00e9 \u00e8 stato progettato sulla base di tua tema natale (giorno, mese, anno, ora, minuti e luogo di nascita). Dalle descrizioni del layout dei pianeti, segni zodiacali, case e aspetti, si pu\u00f2 leggere che cosa i vostri qualit\u00e0 che sono a favore di, e quale sarebbe meglio per trasformare, per contro, \u00e8 possibile utilizzare le pietre per cambiare la loro pi\u00f9 grande vantaggio.<\/p>\n<p>Attenzione: i braccialetti sono personalizzati in base alla tua carta natale, quindi possono differire dai braccialetti nella foto.<\/p>\n","protected":false},"featured_media":2848,"comment_status":"open","ping_status":"closed","template":"","meta":{"_monsterinsights_skip_tracking":false,"_monsterinsights_sitenote_active":false,"_monsterinsights_sitenote_note":"","_monsterinsights_sitenote_category":0},"product_brand":[],"product_cat":[44],"product_tag":[],"class_list":{"0":"post-2659","1":"product","2":"type-product","3":"status-publish","4":"has-post-thumbnail","6":"product_cat-bracciali-con-pietre-preziose-e-semi-preziose","7":"wcpa_has_options","9":"first","10":"instock","11":"sale","12":"shipping-taxable","13":"purchasable","14":"product-type-simple"},"_links":{"self":[{"href":"https:\/\/www.kimstones.com\/it\/wp-json\/wp\/v2\/product\/2659","targetHints":{"allow":["GET"]}}],"collection":[{"href":"https:\/\/www.kimstones.com\/it\/wp-json\/wp\/v2\/product"}],"about":[{"href":"https:\/\/www.kimstones.com\/it\/wp-json\/wp\/v2\/types\/product"}],"replies":[{"embeddable":true,"href":"https:\/\/www.kimstones.com\/it\/wp-json\/wp\/v2\/comments?post=2659"}],"wp:featuredmedia":[{"embeddable":true,"href":"https:\/\/www.kimstones.com\/it\/wp-json\/wp\/v2\/media\/2848"}],"wp:attachment":[{"href":"https:\/\/www.kimstones.com\/it\/wp-json\/wp\/v2\/media?parent=2659"}],"wp:term":[{"taxonomy":"product_brand","embeddable":true,"href":"https:\/\/www.kimstones.com\/it\/wp-json\/wp\/v2\/product_brand?post=2659"},{"taxonomy":"product_cat","embeddable":true,"href":"https:\/\/www.kimstones.com\/it\/wp-json\/wp\/v2\/product_cat?post=2659"},{"taxonomy":"product_tag","embeddable":true,"href":"https:\/\/www.kimstones.com\/it\/wp-json\/wp\/v2\/product_tag?post=2659"}],"curies":[{"name":"wp","href":"https:\/\/api.w.org\/{rel}","templated":true}]}}