{"id":1994,"date":"2017-04-25T09:47:39","date_gmt":"2017-04-25T09:47:39","guid":{"rendered":"http:\/\/www.gemstone-astro-jewelry.com\/shop\/zapestnica-dragi-kamni\/"},"modified":"2018-10-03T11:47:48","modified_gmt":"2018-10-03T11:47:48","slug":"bracciale-per-la-salute-con-pietre-preziose-e-semi-preziose","status":"publish","type":"product","link":"https:\/\/www.kimstones.com\/it\/prodotto\/bracciale-per-la-salute-con-pietre-preziose-e-semi-preziose\/","title":{"rendered":"Bracciale per la salute con pietre preziose e semi-preziose"},"content":{"rendered":"","protected":false},"excerpt":{"rendered":"<p>Questo braccialetto \u00e8 personalizzato in base alla malattia e ai problemi di salute dell&#8217;individuo. Consiste in pietre che coprono gli aspetti sanitari della carta natale e pietre che hanno un impatto positivo sulla fonte di malattie e problemi di salute. Un braccialetto pu\u00f2 includere pietre per un massimo di quattro problemi di salute che devono essere indicati su ordinazione. Il bracciale con pietre preziose e semi-preziose contiene pietre prestigiose di qualit\u00e0 superiore &#8211; Smeraldo, Rubino, Zaffiro, Opale, Tanzanite, Topazio e altri. Quanto pi\u00f9 \u00e8 preziosa la pietra scelta, tanto pi\u00f9 forte \u00e8 il campo di energia che si suppone creer\u00e0 e tanto pi\u00f9 sono attesi gli effetti delle sue radiazioni benefiche sull&#8217;aura dell&#8217;uomo. Tradizionalmente, per ogni problema, dovrebbe esserci una pietra speciale per ogni problema, quindi nel braccialetto che presentiamo si fondono solo le pietre pi\u00f9 belle.<\/p>\n<p>Specialit\u00e0 di KimStones collane, c&#8217;\u00e8 ancora questo al vostro bracciale unico &#8211; vale solo per te, perch\u00e9 \u00e8 stato progettato sulla base di tua tema natale (giorno, mese, anno, ora, minuti e luogo di nascita). Dalle descrizioni del layout dei pianeti, segni zodiacali, case e aspetti, si pu\u00f2 leggere che cosa i vostri qualit\u00e0 che sono a favore di, e quale sarebbe meglio per trasformare, per contro, \u00e8 possibile utilizzare le pietre per cambiare la loro pi\u00f9 grande vantaggio.<\/p>\n<p>Attenzione: i braccialetti sono personalizzati in base alla tua carta natale, quindi possono differire dai braccialetti nella foto.<\/p>\n","protected":false},"featured_media":2851,"comment_status":"open","ping_status":"closed","template":"","meta":{"_monsterinsights_skip_tracking":false,"_monsterinsights_sitenote_active":false,"_monsterinsights_sitenote_note":"","_monsterinsights_sitenote_category":0},"product_brand":[],"product_cat":[44],"product_tag":[],"class_list":{"0":"post-1994","1":"product","2":"type-product","3":"status-publish","4":"has-post-thumbnail","6":"product_cat-bracciali-con-pietre-preziose-e-semi-preziose","7":"wcpa_has_options","9":"first","10":"instock","11":"sale","12":"shipping-taxable","13":"purchasable","14":"product-type-simple"},"_links":{"self":[{"href":"https:\/\/www.kimstones.com\/it\/wp-json\/wp\/v2\/product\/1994","targetHints":{"allow":["GET"]}}],"collection":[{"href":"https:\/\/www.kimstones.com\/it\/wp-json\/wp\/v2\/product"}],"about":[{"href":"https:\/\/www.kimstones.com\/it\/wp-json\/wp\/v2\/types\/product"}],"replies":[{"embeddable":true,"href":"https:\/\/www.kimstones.com\/it\/wp-json\/wp\/v2\/comments?post=1994"}],"wp:featuredmedia":[{"embeddable":true,"href":"https:\/\/www.kimstones.com\/it\/wp-json\/wp\/v2\/media\/2851"}],"wp:attachment":[{"href":"https:\/\/www.kimstones.com\/it\/wp-json\/wp\/v2\/media?parent=1994"}],"wp:term":[{"taxonomy":"product_brand","embeddable":true,"href":"https:\/\/www.kimstones.com\/it\/wp-json\/wp\/v2\/product_brand?post=1994"},{"taxonomy":"product_cat","embeddable":true,"href":"https:\/\/www.kimstones.com\/it\/wp-json\/wp\/v2\/product_cat?post=1994"},{"taxonomy":"product_tag","embeddable":true,"href":"https:\/\/www.kimstones.com\/it\/wp-json\/wp\/v2\/product_tag?post=1994"}],"curies":[{"name":"wp","href":"https:\/\/api.w.org\/{rel}","templated":true}]}}