{"id":7174,"date":"2025-06-25T10:53:28","date_gmt":"2025-06-25T10:53:28","guid":{"rendered":"https:\/\/www.kimstones.com\/?page_id=7174"},"modified":"2025-06-25T13:16:41","modified_gmt":"2025-06-25T13:16:41","slug":"kvantno-svetlobna-terapija","status":"publish","type":"page","link":"https:\/\/www.kimstones.com\/it\/kvantno-svetlobna-terapija\/","title":{"rendered":"Kvantno-svetlobna terapija"},"content":{"rendered":"<div class=\"wpb-content-wrapper\"><p>[vc_row][vc_column]<div class=\"title-wrapper  basel-title-color-primary basel-title-style-bordered basel-title-size-large text-center \"><div class=\"liner-continer\"> <span class=\"left-line\"><\/span> <h5 class=\"title\" >Kvantno-svetlobna terapija<span class=\"title-separator\"><span><\/span><\/span><\/h5> <span class=\"right-line\"><\/span> <\/div><\/div>[vc_empty_space height=&#8221;50px&#8221;][vc_row_inner][vc_column_inner width=&#8221;1\/2&#8243;][vc_column_text]Star Magic Healing je globoka in transformativna metoda energijskega zdravljenja, ki zdru\u017euje subtilne energije, kvantno fiziko in mo\u010d usmerjene namere. S pomo\u010djo visokovibracijskih frekvenc, kodiranih z zvezdno energijo, ta pristop omogo\u010da celi\u010dno zdravljenje, globoko \u010dustveno razstrupljanje in \u0161iritev zavesti.<\/p>\n<p>Star Magic vam pomaga prese\u010di omejitve, odkleniti svoj resni\u010dni potencial in stopiti na pot svojega \u017eivljenjskega poslanstva. Pripravite se na nadgradnje na vseh ravneh \u2013 fizi\u010dni, mentalni, \u010dustveni in duhovni. To ni le zdravljenje, ampak mo\u010dan katalizator za globoko preobrazbo.<\/p>\n<p>Usposobljeni Star Magic Facilitator deluje z va\u0161im edinstvenim holografskim zapisom, da aktivira spremembe, ki hitro prinesejo opazne rezultate. Ne glede na to, ali i\u0161\u010dete fizi\u010dno zdravljenje, mentalno jasnost, \u010dustveno ravnovesje ali duhovno rast, Star Magic omogo\u010da hitre premike, ki se odra\u017eajo v vseh vidikih va\u0161ega \u017eivljenja.<\/p>\n<p><a href=\"https:\/\/www.starmagichealing.org\/\" data-type=\"URL\" data-id=\"https:\/\/www.starmagichealing.org\/\">Star magic healing povezava do uradne spletne strani!<\/a> \u2728<\/p>\n<p>&nbsp;<\/p>\n<h3>Cena storitev:<\/h3>\n<p>Terapija na daljavo:\u00a0<strong>111 \u20ac <\/strong>(60 min)<\/p>\n<p>Terapija v \u017eivo:\u00a0<strong>144 \u20ac <\/strong>(60 min)<\/p>\n<p>Odstranjevanje entitet, \u010drne magije, vseh negativnih energij pri osebah:\u00a0<strong>222 \u20ac<\/strong><\/p>\n<p>Energijsko\u00a0<strong>\u010di\u0161\u010denje prostorov <\/strong>(entitete, vode, preusmeritev negativnih energijskih vrtincev in vodnih tokov, \u010drna magija, vudu, negativne energije; (poslovni prostori, hi\u0161a, stanovanje, okolica): <strong>444\u20ac\u00a0<\/strong>(na daljavo, 1 teden);<\/p>\n<p>vsak prejme\u00a0<strong>6 kristalov<\/strong>, ki jih polo\u017ei v in pred hi\u0161o; dopla\u010dilo v primeru, \u010de jih pridemo namestiti fascilitatorji (100 \u20ac + kilometrina).[\/vc_column_text][\/vc_column_inner][vc_column_inner width=&#8221;1\/2&#8243;][vc_single_image image=&#8221;7230&#8243; img_size=&#8221;500&#215;600&#8243; alignment=&#8221;center&#8221;][\/vc_column_inner][\/vc_row_inner][\/vc_column][\/vc_row][vc_row full_width=&#8221;stretch_row&#8221; row_type=&#8221;row&#8221; use_row_as_full_screen_section=&#8221;no&#8221; type=&#8221;grid&#8221; anchor=&#8221;shop&#8221; angled_section=&#8221;no&#8221; text_align=&#8221;left&#8221; background_image_as_pattern=&#8221;without_pattern&#8221; background_color=&#8221;#ffffff&#8221; padding_top=&#8221;60&#8243; padding_bottom=&#8221;50&#8243;][vc_column][vc_empty_space height=&#8221;30px&#8221;]<div class=\"title-wrapper  basel-title-color-primary basel-title-style-bordered basel-title-size-large text-center \"><div class=\"liner-continer\"> <span class=\"left-line\"><\/span> <h5 class=\"title\" >Naro\u010di se na kvantno-svetlobno terapijo<span class=\"title-separator\"><span><\/span><\/span><\/h5> <span class=\"right-line\"><\/span> <\/div><\/div>[vc_empty_space height=&#8221;50px&#8221;]<div class=\"woocommerce columns-2 \"><\/div>[\/vc_column][\/vc_row]<\/p>\n<\/div>","protected":false},"excerpt":{"rendered":"<p>[vc_row][vc_column][vc_empty_space height=&#8221;50px&#8221;][vc_row_inner][vc_column_inner width=&#8221;1\/2&#8243;][vc_column_text]Star Magic Healing je globoka in transformativna metoda energijskega zdravljenja, ki zdru\u017euje subtilne energije, kvantno fiziko in mo\u010d<\/p>\n","protected":false},"author":1,"featured_media":0,"parent":0,"menu_order":0,"comment_status":"closed","ping_status":"closed","template":"","meta":{"_monsterinsights_skip_tracking":false,"_monsterinsights_sitenote_active":false,"_monsterinsights_sitenote_note":"","_monsterinsights_sitenote_category":0,"footnotes":""},"class_list":["post-7174","page","type-page","status-publish","hentry"],"_links":{"self":[{"href":"https:\/\/www.kimstones.com\/it\/wp-json\/wp\/v2\/pages\/7174","targetHints":{"allow":["GET"]}}],"collection":[{"href":"https:\/\/www.kimstones.com\/it\/wp-json\/wp\/v2\/pages"}],"about":[{"href":"https:\/\/www.kimstones.com\/it\/wp-json\/wp\/v2\/types\/page"}],"author":[{"embeddable":true,"href":"https:\/\/www.kimstones.com\/it\/wp-json\/wp\/v2\/users\/1"}],"replies":[{"embeddable":true,"href":"https:\/\/www.kimstones.com\/it\/wp-json\/wp\/v2\/comments?post=7174"}],"version-history":[{"count":4,"href":"https:\/\/www.kimstones.com\/it\/wp-json\/wp\/v2\/pages\/7174\/revisions"}],"predecessor-version":[{"id":7234,"href":"https:\/\/www.kimstones.com\/it\/wp-json\/wp\/v2\/pages\/7174\/revisions\/7234"}],"wp:attachment":[{"href":"https:\/\/www.kimstones.com\/it\/wp-json\/wp\/v2\/media?parent=7174"}],"curies":[{"name":"wp","href":"https:\/\/api.w.org\/{rel}","templated":true}]}}