{"id":4655,"date":"2021-03-14T20:07:19","date_gmt":"2021-03-14T20:07:19","guid":{"rendered":"https:\/\/www.kimstones.com\/?page_id=4655"},"modified":"2021-03-14T23:19:37","modified_gmt":"2021-03-14T23:19:37","slug":"kristaloterapija","status":"publish","type":"page","link":"https:\/\/www.kimstones.com\/it\/kristaloterapija\/","title":{"rendered":"Kristaloterapija"},"content":{"rendered":"<div class=\"wpb-content-wrapper\"><p>[vc_row][vc_column]<div class=\"title-wrapper  basel-title-color-primary basel-title-style-bordered basel-title-size-large text-center \"><div class=\"liner-continer\"> <span class=\"left-line\"><\/span> <h5 class=\"title\" >Kristaloterapija<span class=\"title-separator\"><span><\/span><\/span><\/h5> <span class=\"right-line\"><\/span> <\/div><\/div>[vc_empty_space height=&#8221;50px&#8221;][vc_row_inner][vc_column_inner width=&#8221;1\/2&#8243;][vc_column_text]<\/p>\n<h2>Kaj je kristaloterapija?<\/h2>\n<p>Kristalno zdravljenje je celostna in naravna terapija, ki izkori\u0161\u010da energijsko mo\u010d kristalov in kako vplivajo na telo in duha.<\/p>\n<p>Kristali pomagajo odblokirati, uravnote\u017eiti in usmerjati energijo tja, kjer je najbolj potrebna, ne\u017eno podpirajo telo, medtem ko negativno absorbirajo in jo odstranjujejo.<\/p>\n<h2>Kako izgleda kristaloterapija?<\/h2>\n<p>Seje bodo prilagojene vam in se bodo razlikovale glede na naravo va\u0161e skrbi. Tvoja seja se bo za\u010dela s posvetovanjem. Takrat se z menoj pogovorite o tem, kaj vas je pripeljalo do mene in na kaj upate. (Postavila vam bom \u0161tevilna vpra\u0161anja; kristalno zdravljenje je celostni pristop, kar pomeni, da obravnava vse vidike zdravja (fizi\u010dni, du\u0161evni in duhovni), zato bom \u017eelela dobiti popolno sliko.)<\/p>\n<p>Na popolnoma oble\u010deno osebo ali okoli nje so name\u0161\u010deni razli\u010dni kristali in minerali, ki povzro\u010dajo globoko sprostitev, spro\u0161\u010dajo stres in bole\u010dino ter spodbujajo energijsko ravnovesje v fizi\u010dnem in subtilnem telesu. Zdravljenje traja pribli\u017eno eno uro, kristale pa lahko uporabljamo posamezno ali v vzorcih. Za vsako osebo izberem razli\u010dne kristale, ki jih postavim v kristalno mre\u017eo na vas in okoli vas. Postavljeni so na mesta bole\u010dine, na akupunkturne to\u010dke ali\u00a0 na subtilne vrtince, imenovane \u010dakre.<\/p>\n<p>Kristalno zdravljenje je komplementaren in naraven pristop, kar pomeni, da ga lahko uporabljamo skupaj s tradicionalno medicino in nima negativnih stranskih u\u010dinkov.[\/vc_column_text][\/vc_column_inner][vc_column_inner width=&#8221;1\/2&#8243;][vc_single_image image=&#8221;4717&#8243; img_size=&#8221;500&#215;600&#8243; alignment=&#8221;center&#8221;][\/vc_column_inner][\/vc_row_inner][\/vc_column][\/vc_row][vc_row full_width=&#8221;stretch_row&#8221; row_type=&#8221;row&#8221; use_row_as_full_screen_section=&#8221;no&#8221; type=&#8221;grid&#8221; anchor=&#8221;shop&#8221; angled_section=&#8221;no&#8221; text_align=&#8221;left&#8221; background_image_as_pattern=&#8221;without_pattern&#8221; background_color=&#8221;#ffffff&#8221; padding_top=&#8221;60&#8243; padding_bottom=&#8221;50&#8243;][vc_column][vc_empty_space height=&#8221;30px&#8221;]<div class=\"title-wrapper  basel-title-color-primary basel-title-style-bordered basel-title-size-large text-center \"><div class=\"liner-continer\"> <span class=\"left-line\"><\/span> <h5 class=\"title\" >Naro\u010di se na kristaloterapijo<span class=\"title-separator\"><span><\/span><\/span><\/h5> <span class=\"right-line\"><\/span> <\/div><\/div>[vc_empty_space height=&#8221;50px&#8221;]<div class=\"woocommerce columns-2 \"><\/div>[\/vc_column][\/vc_row]<\/p>\n<\/div>","protected":false},"excerpt":{"rendered":"<p>[vc_row][vc_column][vc_empty_space height=&#8221;50px&#8221;][vc_row_inner][vc_column_inner width=&#8221;1\/2&#8243;][vc_column_text] Kaj je kristaloterapija? Kristalno zdravljenje je celostna in naravna terapija, ki izkori\u0161\u010da energijsko mo\u010d kristalov in kako<\/p>\n","protected":false},"author":1,"featured_media":0,"parent":0,"menu_order":0,"comment_status":"closed","ping_status":"closed","template":"","meta":{"_monsterinsights_skip_tracking":false,"_monsterinsights_sitenote_active":false,"_monsterinsights_sitenote_note":"","_monsterinsights_sitenote_category":0,"footnotes":""},"class_list":["post-4655","page","type-page","status-publish","hentry"],"_links":{"self":[{"href":"https:\/\/www.kimstones.com\/it\/wp-json\/wp\/v2\/pages\/4655","targetHints":{"allow":["GET"]}}],"collection":[{"href":"https:\/\/www.kimstones.com\/it\/wp-json\/wp\/v2\/pages"}],"about":[{"href":"https:\/\/www.kimstones.com\/it\/wp-json\/wp\/v2\/types\/page"}],"author":[{"embeddable":true,"href":"https:\/\/www.kimstones.com\/it\/wp-json\/wp\/v2\/users\/1"}],"replies":[{"embeddable":true,"href":"https:\/\/www.kimstones.com\/it\/wp-json\/wp\/v2\/comments?post=4655"}],"version-history":[{"count":5,"href":"https:\/\/www.kimstones.com\/it\/wp-json\/wp\/v2\/pages\/4655\/revisions"}],"predecessor-version":[{"id":4738,"href":"https:\/\/www.kimstones.com\/it\/wp-json\/wp\/v2\/pages\/4655\/revisions\/4738"}],"wp:attachment":[{"href":"https:\/\/www.kimstones.com\/it\/wp-json\/wp\/v2\/media?parent=4655"}],"curies":[{"name":"wp","href":"https:\/\/api.w.org\/{rel}","templated":true}]}}