{"id":4614,"date":"2021-03-11T19:19:31","date_gmt":"2021-03-11T19:19:31","guid":{"rendered":"https:\/\/www.kimstones.com\/?page_id=4614"},"modified":"2021-03-11T19:20:58","modified_gmt":"2021-03-11T19:20:58","slug":"atlantidska-palica","status":"publish","type":"page","link":"https:\/\/www.kimstones.com\/it\/atlantidska-palica\/","title":{"rendered":"Atlantidska palica"},"content":{"rendered":"<div class=\"wpb-content-wrapper\"><p>[vc_row][vc_column]<div class=\"title-wrapper  basel-title-color-primary basel-title-style-bordered basel-title-size-large text-center \"><div class=\"liner-continer\"> <span class=\"left-line\"><\/span> <h5 class=\"title\" >Atlantidska palica<span class=\"title-separator\"><span><\/span><\/span><\/h5> <span class=\"right-line\"><\/span> <\/div><\/div>[vc_empty_space height=&#8221;50px&#8221;][vc_row_inner][vc_column_inner width=&#8221;2\/3&#8243;][vc_column_text]Atlantidska palica mo\u010di vsebuje samo bistvo starodavne napredne znanosti. Edina stvar, ki se premika skozi energijsko palico, je energija. Deluje v natan\u010dni stopnji mo\u010di in u\u010dinkovitosti, kot jo pozna uporabnik. Takoj, ko je izdelava palice kon\u010dana, za\u010dne delovati v pasivnem na\u010dinu, seva energijo v vse smeri iz kristala. Ko ga operater usmeri z kazanjem in razmi\u0161ljanjem \/ vizualizacijo, modro-beli \u017earek energije odseva v to smer od to\u010dke kristala na koncu. Misel preklopi palico s pasivne sevalne energije na aktivni snop energije. Intenzivnost in razdalja \u017earka sta dolo\u010deni s kombinacijo misli, ki jo oja\u010dajo \u010dustva posameznega operaterja. Ta orodja z kristalno energijo v rokah izku\u0161enega operaterja lahko dose\u017eejo prostor in \u010das, preoblikujejo tako energijo kot snov na subatomskem nivoju. Preoblikovanje radioaktivnih snovi v ne\u0161kodljive elemente je zdaj mogo\u010de, prav tako odstranjevanje drugih \u0161kodljivih snovi, kot so strupene kemikalije, umazani zrak, onesna\u017eena hrana in voda, celo sama Zemlja.Te transmutacije so popolnoma naravni procesi. Zemlja se bo v dolgem \u010dasu razpr\u0161ila, preoblikovala in pre\u010distila; te palice mo\u010di zgolj pospe\u0161ijo normalne procese. Kristalna palica mo\u010di je v resnici miniaturni linearni pospe\u0161evalnik. Njena energija potuje tudi skozi vse materiale: Zemljo, les, kovino, beton in globok prostor.<\/p>\n<p>Na palici je 7 kamnov za vseh 7 \u010daker. Te kamne vam jaz izberem na podlagi va\u0161e natalne karte. Poleg palice prejmete \u0161e videoposnetek, kako se palico uporablja in kaj vse se lahko z njo po\u010dne.[\/vc_column_text][\/vc_column_inner][vc_column_inner width=&#8221;1\/3&#8243;][vc_single_image image=&#8221;4053&#8243; img_size=&#8221;full&#8221; alignment=&#8221;center&#8221;][\/vc_column_inner][\/vc_row_inner][\/vc_column][\/vc_row][vc_row full_width=&#8221;stretch_row&#8221; row_type=&#8221;row&#8221; use_row_as_full_screen_section=&#8221;no&#8221; type=&#8221;grid&#8221; anchor=&#8221;shop&#8221; angled_section=&#8221;no&#8221; text_align=&#8221;left&#8221; background_image_as_pattern=&#8221;without_pattern&#8221; background_color=&#8221;#ffffff&#8221; padding_top=&#8221;60&#8243; padding_bottom=&#8221;50&#8243; el_id=&#8221;nakit&#8221;][vc_column][vc_empty_space height=&#8221;30px&#8221;]<div class=\"title-wrapper  basel-title-color-primary basel-title-style-bordered basel-title-size-large text-center \"><div class=\"liner-continer\"> <span class=\"left-line\"><\/span> <h5 class=\"title\" >Izberi svojo atlantidsko palico<span class=\"title-separator\"><span><\/span><\/span><\/h5> <span class=\"right-line\"><\/span> <\/div><\/div>[vc_empty_space height=&#8221;50px&#8221;]<div class=\"woocommerce columns-2 \"><\/div>[\/vc_column][\/vc_row]<\/p>\n<\/div>","protected":false},"excerpt":{"rendered":"<p>[vc_row][vc_column][vc_empty_space height=&#8221;50px&#8221;][vc_row_inner][vc_column_inner width=&#8221;2\/3&#8243;][vc_column_text]Atlantidska palica mo\u010di vsebuje samo bistvo starodavne napredne znanosti. Edina stvar, ki se premika skozi energijsko palico, je<\/p>\n","protected":false},"author":1,"featured_media":0,"parent":0,"menu_order":0,"comment_status":"closed","ping_status":"closed","template":"","meta":{"_monsterinsights_skip_tracking":false,"_monsterinsights_sitenote_active":false,"_monsterinsights_sitenote_note":"","_monsterinsights_sitenote_category":0,"footnotes":""},"class_list":["post-4614","page","type-page","status-publish","hentry"],"_links":{"self":[{"href":"https:\/\/www.kimstones.com\/it\/wp-json\/wp\/v2\/pages\/4614","targetHints":{"allow":["GET"]}}],"collection":[{"href":"https:\/\/www.kimstones.com\/it\/wp-json\/wp\/v2\/pages"}],"about":[{"href":"https:\/\/www.kimstones.com\/it\/wp-json\/wp\/v2\/types\/page"}],"author":[{"embeddable":true,"href":"https:\/\/www.kimstones.com\/it\/wp-json\/wp\/v2\/users\/1"}],"replies":[{"embeddable":true,"href":"https:\/\/www.kimstones.com\/it\/wp-json\/wp\/v2\/comments?post=4614"}],"version-history":[{"count":3,"href":"https:\/\/www.kimstones.com\/it\/wp-json\/wp\/v2\/pages\/4614\/revisions"}],"predecessor-version":[{"id":4618,"href":"https:\/\/www.kimstones.com\/it\/wp-json\/wp\/v2\/pages\/4614\/revisions\/4618"}],"wp:attachment":[{"href":"https:\/\/www.kimstones.com\/it\/wp-json\/wp\/v2\/media?parent=4614"}],"curies":[{"name":"wp","href":"https:\/\/api.w.org\/{rel}","templated":true}]}}