{"id":2038,"date":"2017-07-16T13:26:05","date_gmt":"2017-07-16T13:26:05","guid":{"rendered":"http:\/\/www.gemstone-astro-jewelry.com\/?page_id=2038\/"},"modified":"2023-08-25T08:51:52","modified_gmt":"2023-08-25T08:51:52","slug":"termini-e-condizioni","status":"publish","type":"page","link":"https:\/\/www.kimstones.com\/it\/termini-e-condizioni\/","title":{"rendered":"Termini e condizioni"},"content":{"rendered":"<div dir=\"auto\">\n<p>Termini generali e condizioni<\/p>\n<p>I. Generale<\/p>\n<p>Le Condizioni Generali di Contratto sono redatte in conformit\u00e0 alla Legge sulla Tutela dei Consumatori (ZVPot), sulla base delle raccomandazioni della Camera di Commercio e dell&#8217;Industria e dei codici internazionali per l&#8217;e-business.<\/p>\n<p>Il sito web, negozio online e piattaforma di prenotazione Kim-Stones.com (di seguito &#8220;sito web&#8221;, &#8220;negozio online&#8221;, &#8220;piattaforma di prenotazione&#8221;) \u00e8 gestito da Dru\u0161tvo osebne rasti Vega \/ Societa per la Crescita Personale-Vega; Fazanska ulica 2, 6320 Portoro\u017e-Portorose, numero di registrazione:2708906, partita IVA: 40224694 (di seguito &#8220;l&#8217;azienda&#8221;).<\/p>\n<p>Le presenti Condizioni Generali definiscono il funzionamento del sito web, del negozio online e della piattaforma di prenotazione, i diritti e i doveri del visitatore\/utente, dell&#8217;acquirente e dell&#8217;ospite, nonch\u00e9 il rapporto commerciale tra l&#8217;azienda e l&#8217;utente, l&#8217;acquirente o l&#8217;ospite.<\/p>\n<p>II. Registrazione sul sito web<\/p>\n<p>Registrandosi sul sito web, il visitatore ottiene un nome utente, uguale al suo indirizzo e-mail, e una password utente, determinata dall&#8217;utente stesso. Il nome utente e la password determinano e associano in modo univoco l&#8217;utente ai dati inseriti. Registrandosi il visitatore conferma e garantisce di essere maggiorenne, pienamente abile a svolgere attivit\u00e0 commerciale. Registrandosi al portale web il visitatore diventa utente, effettuando un acquisto diventa cliente, effettuando una prenotazione diventa ospite.<\/p>\n<p>II. NEGOZIO ONLINE<\/p>\n<p>2.1. Offerta di prodotti<br \/>\nA causa della natura del commercio online, l&#8217;assortimento dei prodotti nel negozio online viene modificato e aggiornato frequentemente e rapidamente, pertanto possono verificarsi anche errori. Fatecelo sapere tramite e-mail: EMAIL. Cercheremo di eliminarli il pi\u00f9 rapidamente possibile.<\/p>\n<p>2.2. Tempi di consegna<br \/>\nTutti i prodotti sono soggetti alla data di consegna specificata nella pagina del prodotto nel negozio online. Ogni prodotto del negozio online \u00e8 disponibile entro un tempo ragionevole.<\/p>\n<p>2.3. Prezzi<br \/>\nTutti i prezzi nel negozio online sono espressi in euro e sono comprensivi di IVA, salvo diversa indicazione esplicita. Tutti i prezzi nel negozio online sono prezzi dei prodotti e non includono le spese di consegna. Tutti i prezzi si applicano solo all&#8217;ordine elettronico dei prodotti tramite il negozio online.<br \/>\nTutti i prezzi sono validi al momento dell&#8217;effettuazione dell&#8217;ordine e non hanno una validit\u00e0 predeterminata, quindi sono validi solo fino a quando non vengono ogni volta modificati. Nonostante gli sforzi dell&#8217;azienda per fornire le informazioni pi\u00f9 aggiornate e precise, pu\u00f2 accadere che le informazioni sui prezzi non siano corrette.<\/p>\n<p>2.4. Modalit\u00e0 di pagamento<br \/>\nIl cliente pu\u00f2 pagare i prodotti e servizi ordinati con carta di credito o di pagamento, tramite PayPal, pre-fattura o contanti al momento del ritiro del pacco.<\/p>\n<p>2.5. Processo di acquisto<br \/>\nDopo aver inviato l&#8217;ordine, l&#8217;acquirente riceve una notifica da parte dell&#8217;azienda via e-mail che l&#8217;ordine \u00e8 stato accettato. Nel suo profilo sul sito web dell&#8217;azienda, il cliente ha sempre accesso a informazioni complete sullo stato e sul contenuto del singolo ordine. Se l&#8217;acquirente non annulla l&#8217;ordine, l&#8217;ordine verr\u00e0 ulteriormente elaborato. Dopo aver ricevuto l&#8217;ordine, l&#8217;azienda lo esamina, verifica la disponibilit\u00e0 dei prodotti ordinati e conferma l&#8217;ordine o lo rifiuta motivandolo. Per verificare i dati o garantire l&#8217;esattezza della consegna, l&#8217;azienda pu\u00f2 anche contattare telefonicamente l&#8217;acquirente nella modalit\u00e0 da lui consentita o al contatto da lui fornito al momento dell&#8217;acquisto. Al momento della conferma dell&#8217;ordine, l&#8217;azienda informa il cliente via e-mail circa la data di consegna prevista. In questa fase il contratto di vendita per l&#8217;acquisto dei prodotti ordinati tra il cliente e la societ\u00e0 \u00e8 irrevocabilmente concluso. L&#8217;azienda prepara e spedisce i prodotti ordinati entro il periodo concordato.<\/p>\n<p>2.6. Contratto di vendita<br \/>\nL&#8217;azienda emette una fattura scritta all&#8217;acquirente che acquista un prodotto dallo shop online, con i costi dettagliati e l&#8217;indicazione del diritto di recedere dall&#8217;acquisto restituendo il prodotto acquistato, se necessario e possibile. Il contratto di vendita sotto forma di ordine d&#8217;acquisto \u00e8 archiviato elettronicamente sul server dell&#8217;azienda ed \u00e8 accessibile al cliente in qualsiasi momento nel suo profilo utente.<br \/>\nDa questo momento tutti i prezzi e le altre condizioni di acquisto sono fissi e si applicano sia all&#8217;azienda che al cliente.<\/p>\n<p>2.7. Il diritto di recedere dall&#8217;acquisto, restituire i prodotti<br \/>\nL&#8217;acquirente ha il diritto di contattare l&#8217;azienda tramite l&#8217;indirizzo email EMAIL entro 14 giorni dalla presa in consegna dei prodotti ordinati e informarla che recede dal contratto di acquisto, senza dover fornire una motivazione per tale decisione. \u00c8 considerata comunicazione di recesso la restituzione all&#8217;azienda dei prodotti acquistati entro il termine previsto per il recesso dal contratto di vendita. L&#8217;unico costo sostenuto dall&#8217;acquirente a seguito del recesso dal contratto di vendita \u00e8 il costo di restituzione dei prodotti alla societ\u00e0.<br \/>\nI prodotti acquistati dovranno essere restituiti all&#8217;azienda immediatamente, o al massimo entro quattordici (14) giorni dalla data di invio della comunicazione.<\/p>\n<p>ce di recesso dal contratto di vendita. I prodotti acquistati dovranno essere restituiti alla societ\u00e0 integri, nella stessa quantit\u00e0, a meno che i prodotti non siano stati distrutti, danneggiati, persi o la loro quantit\u00e0 sia diminuita senza colpa dell&#8217;acquirente.<br \/>\nPer i prodotti restituiti, l&#8217;azienda restituir\u00e0 all&#8217;acquirente l&#8217;importo pagato o il buono regalo utilizzato il prima possibile e comunque entro 14 giorni dal ricevimento della comunicazione di recesso. La societ\u00e0 restituisce all&#8217;acquirente i pagamenti ricevuti con lo stesso mezzo di pagamento utilizzato dall&#8217;acquirente, a meno che l&#8217;acquirente non abbia esplicitamente richiesto l&#8217;utilizzo di un altro metodo di pagamento e di conseguenza l&#8217;acquirente non sopporti alcun costo. Il buono regalo utilizzato viene restituito dall&#8217;azienda sotto forma di credito.<br \/>\nL&#8217;azienda si impegna ad eliminare l&#8217;errore rilevato nel pi\u00f9 breve tempo possibile.<br \/>\nL&#8217;acquirente pu\u00f2 notificare l&#8217;errore all&#8217;azienda tramite e-mail.<br \/>\nSe un errore ha comportato costi ingiustificati, la societ\u00e0 si impegna a cercare di liquidarli nel pi\u00f9 breve tempo possibile.<br \/>\nL&#8217;azienda imballa accuratamente tutti i prodotti in una scatola di consegna prima della spedizione. Tutti i prodotti sono integri, attentamente ispezionati e nella loro confezione originale prima dell&#8217;imballaggio.<br \/>\nSi ritiene che l&#8217;avviso di recesso o il prodotto venga inviato in tempo se la spedizione viene effettuata entro il termine.<br \/>\nIn caso di acquisto a distanza, l&#8217;azienda pu\u00f2 trattenere il rimborso dei pagamenti ricevuti fino al ricevimento della restituzione della merce oppure fino all&#8217;avvenuta dimostrazione da parte dell&#8217;acquirente di aver rispedito la merce, a meno che l&#8217;azienda non offra la possibilit\u00e0 di ritirare i beni ha restituito lui stesso la merce.<br \/>\nL&#8217;acquirente non ha il diritto di recedere da un contratto a distanza per la consegna di beni sigillati che non si prestano ad essere restituiti per motivi di salute o igiene, se l&#8217;acquirente ha aperto il sigillo dopo la consegna.<\/p>\n<p>2.8. Risolvere errori di fatto<br \/>\nL&#8217;errore \u00e8 reale:<br \/>\n&#8211; se il prodotto non possiede le propriet\u00e0 necessarie per il suo normale utilizzo o per la circolazione;<br \/>\n&#8211; se il prodotto non possiede le propriet\u00e0 necessarie per l&#8217;uso particolare per il quale l&#8217;acquirente lo acquista, ma che erano note al venditore o avrebbero dovuto essergli note;<br \/>\n&#8211; se il prodotto non presenta propriet\u00e0 e caratteristiche che sono state espressamente o tacitamente concordate o prescritte;<br \/>\n&#8211; se il venditore ha consegnato una cosa che non corrisponde al campione o al modello, a meno che il campione o il modello non sia stato mostrato solo a scopo di notifica.<br \/>\nL&#8217;acquirente dovr\u00e0 avvisare l&#8217;azienda e fornire una descrizione dettagliata dell&#8217;errore via EMAIL entro e non oltre due (2) mesi dal giorno in cui l&#8217;errore \u00e8 stato scoperto. L&#8217;azienda non \u00e8 responsabile per difetti che si verificano dopo due (2) anni dall&#8217;acquisto. Il cliente deve consentire all&#8217;azienda di ispezionare il prodotto.<br \/>\nSe il cliente reclama il prodotto entro i primi sei (6) mesi dalla presa in consegna del prodotto, l&#8217;azienda dovr\u00e0 dimostrare che il reclamo del cliente \u00e8 ingiustificato, cio\u00e8 che il prodotto non \u00e8 difettoso. Se l&#8217;acquirente presenta reclamo dopo che sono trascorsi sei (6) mesi dalla presa in consegna del prodotto, l&#8217;esistenza del difetto dovr\u00e0 essere provata dall&#8217;acquirente stesso.<br \/>\nL&#8217;acquirente, che ha correttamente informato la societ\u00e0 dell&#8217;errore, ha il diritto di esigere dal venditore che:<br \/>\n&#8211; correggere un difetto della merce o<br \/>\n&#8211; restituisce parte dell&#8217;importo pagato in proporzione all&#8217;errore oppure<br \/>\n&#8211; sostituire la merce difettosa con merce nuova e priva di difetti oppure<br \/>\n&#8211; restituisce l&#8217;importo pagato.<br \/>\nLa decisione su quale dei diritti di garanzia far valere spetta esclusivamente al consumatore e non \u00e8 vincolata ad alcun ordine di esecuzione.<br \/>\nSe l&#8217;esistenza di un difetto della merce non viene contestata, la societ\u00e0 \u00e8 tenuta a soddisfare la richiesta dell&#8217;acquirente nel pi\u00f9 breve tempo possibile e comunque entro otto (8) giorni.<br \/>\nL&#8217;azienda dovr\u00e0 rispondere alla richiesta del cliente per iscritto entro otto (8) giorni dal ricevimento della stessa, qualora si contesti l&#8217;esistenza di un difetto della merce o di un&#8217;irregolarit\u00e0 nel servizio fornito.<\/p>\n<p>2.9. Consegna<br \/>\nLa consegna della merce ordinata nel negozio online \u00e8 possibile anche nella maggior parte dei paesi del mondo. Il prezzo di spedizione per i diversi paesi si basa sul peso e viene calcolato al momento del pagamento del negozio online. I tempi di consegna internazionale per gli articoli in magazzino sono generalmente di 5-14 giorni. I tempi di consegna potrebbero essere pi\u00f9 lunghi nei paesi con amministrazione doganale. Nel caso in cui la merce ordinata non sia disponibile in magazzino, la societ\u00e0 e l&#8217;acquirente concorderanno di comune accordo la data di consegna.<\/p>\n<p>2.10. Reclami, controversie e applicazione della legge<br \/>\nL\u2019azienda rispetta le normative vigenti in materia di tutela dei consumatori. L&#8217;azienda dispone di un efficace sistema di gestione dei reclami e dispone di una persona designata con la quale il cliente pu\u00f2 contattare via e-mail in caso di problemi. In caso di problemi o voglia sporgere un reclamo, il cliente pu\u00f2 contattare l&#8217;azienda tramite l&#8217;indirizzo di posta elettronica EMAIL. Il processo di appello \u00e8 confidenziale.<br \/>\nL&#8217;azienda confermer\u00e0 entro otto (8) giorni lavorativi di aver ricevuto il reclamo e risolver\u00e0 la garanzia o il reclamo in garanzia entro il termine legale. Il com<\/p>\n<p>L&#8217;azienda far\u00e0 del suo meglio per risolvere amichevolmente eventuali controversie. Se non si raggiunge una soluzione amichevole alla controversia, il tribunale competente a livello locale \u00e8 responsabile della risoluzione di tutte le controversie tra l&#8217;azienda e il cliente ai sensi dell&#8217;articolo 51 della ZPP, nell&#8217;ambito del quale si applica l&#8217;obbligo oggetto della la controversia dovrebbe essere soddisfatta.<br \/>\nLa legge slovena si applica e si applica alle presenti Condizioni Generali e a tutte le controversie tra l&#8217;azienda e il cliente.<br \/>\nLe disposizioni del Codice delle obbligazioni, della Legge sul commercio elettronico sul mercato, della Legge sulla protezione dei dati personali e della Legge sulla tutela dei consumatori si applicano mutatis mutandis a tutti i rapporti, diritti e obblighi non regolati dalle presenti Condizioni generali.<\/p>\n<p>2.11. Risoluzione extragiudiziale delle controversie in materia di consumo<br \/>\nIn conformit\u00e0 con le norme legali, la societ\u00e0 non riconosce alcun fornitore di servizi di risoluzione extragiudiziale delle controversie dei consumatori come competente per la risoluzione di una controversia dei consumatori che il consumatore potrebbe avviare in conformit\u00e0 con la legge sulla risoluzione extragiudiziale dei consumatori. Controversie dei consumatori (di seguito: ZlsRPS).<br \/>\nNel caso in cui l&#8217;acquirente\/consumatore non sia soddisfatto della risoluzione del reclamo, ai sensi della ZlsRPS, pu\u00f2 presentare un&#8217;iniziativa per avviare la procedura di risoluzione extragiudiziale di una specifica controversia di consumo attraverso la piattaforma europea per la risoluzione online delle controversie dei consumatori (SRPS). In conformit\u00e0 con ZlsRPS, l&#8217;azienda pubblica anche un collegamento elettronico all&#8217;SRPS europeo: https:\/\/ec.europa.eu\/consumers\/odr\/main\/index.cfm?event=main.home2.show&amp;lng=SL<br \/>\nL&#8217;acquirente pu\u00f2 anche decidere di adire il tribunale competente della sua residenza permanente.<\/p>\n<p>III. Sicurezza<br \/>\nLa societ\u00e0 utilizza mezzi tecnologici e organizzativi adeguati per proteggere il trasferimento e l&#8217;archiviazione dei dati personali e dei pagamenti. I sistemi online autorizzati garantiscono autorizzazioni e transazioni con carta di credito sicure. Le autorizzazioni delle carte di credito vengono effettuate in tempo reale con verifica immediata dei dati provenienti dalle banche. Le informazioni sulla carta non vengono archiviate sul server dell&#8217;azienda.<br \/>\nL&#8217;utente stesso \u00e8 anche responsabile della sicurezza, cio\u00e8 garantendo la sicurezza del suo nome utente e password, nonch\u00e9 della protezione software e antivirus adeguata del suo computer.<\/p>\n<p>IV. politica sulla riservatezza<br \/>\nAnche la Privacy Policy, accessibile qui, fa parte delle presenti Condizioni Generali.<\/p>\n<p>V. Responsabilit\u00e0<br \/>\nL&#8217;azienda fa ogni sforzo per garantire che le informazioni pubblicate nel proprio negozio online e sulla piattaforma di prenotazione siano aggiornate e corrette, ma le caratteristiche dei prodotti e dei servizi, i tempi di consegna o il prezzo potrebbero cambiare cos\u00ec rapidamente che il l&#8217;azienda non \u00e8 in grado di correggere tempestivamente le informazioni pubblicate nel negozio online.<br \/>\nSebbene l&#8217;azienda cerchi di fornire foto accurate dei prodotti venduti nel negozio online e foto di alloggi e altri fornitori di servizi, tutte le foto devono essere considerate simboliche. Le foto non garantiscono le caratteristiche del prodotto o del servizio.<\/p>\n<p>VI. Modifiche alle Condizioni Generali<br \/>\nL&#8217;azienda pu\u00f2, in caso di modifiche delle norme che regolano il funzionamento dei negozi online, della protezione dei dati e di altri ambiti legati all&#8217;esercizio del negozio online dell&#8217;azienda, nonch\u00e9 in caso di modifiche alla propria politica commerciale, modificare e\/o integrano le presenti Condizioni Generali, che verranno discusse di volta in volta informate in modo adeguato agli utenti, laddove contano in particolare le informazioni attraverso il sito web. Ogni volta modifiche e\/o integrazioni alle Condizioni Generali entrano in vigore e trovano applicazione decorso il termine di otto giorni dalla pubblicazione delle modifiche e\/o integrazioni. Qualora la modifica e\/o l&#8217;integrazione delle Condizioni Generali sia necessaria per conformarsi alla normativa, tali modifiche e\/o integrazioni potranno, eccezionalmente, entrare in vigore ed essere utilizzate in un periodo di tempo pi\u00f9 breve.<br \/>\nL&#8217;utente che non sia d&#8217;accordo con le modifiche e\/o integrazioni delle presenti Condizioni Generali di Contratto dovr\u00e0 cancellare la propria registrazione entro otto giorni dalla pubblicazione dell&#8217;avviso di variazione e\/o integrazione delle Condizioni Generali, diversamente, dopo Decorso tale termine, si considerer\u00e0, senza prova contraria, che l&#8217;utente accetta modifiche e\/o integrazioni alle Condizioni Generali. La cancellazione della registrazione viene effettuata dall&#8217;utente comunicando la cancellazione per iscritto alla societ\u00e0.<\/p>\n<p>Dru\u0161tvo osebne rasti Vega<\/p>\n<p>Lucia 2023<\/p>\n<\/div>\n","protected":false},"excerpt":{"rendered":"<p>Termini generali e condizioni I. Generale Le Condizioni Generali di Contratto sono redatte in conformit\u00e0 alla Legge sulla Tutela dei<\/p>\n","protected":false},"author":1,"featured_media":0,"parent":0,"menu_order":0,"comment_status":"closed","ping_status":"closed","template":"","meta":{"_monsterinsights_skip_tracking":false,"_monsterinsights_sitenote_active":false,"_monsterinsights_sitenote_note":"","_monsterinsights_sitenote_category":0,"footnotes":""},"class_list":["post-2038","page","type-page","status-publish","hentry"],"_links":{"self":[{"href":"https:\/\/www.kimstones.com\/it\/wp-json\/wp\/v2\/pages\/2038","targetHints":{"allow":["GET"]}}],"collection":[{"href":"https:\/\/www.kimstones.com\/it\/wp-json\/wp\/v2\/pages"}],"about":[{"href":"https:\/\/www.kimstones.com\/it\/wp-json\/wp\/v2\/types\/page"}],"author":[{"embeddable":true,"href":"https:\/\/www.kimstones.com\/it\/wp-json\/wp\/v2\/users\/1"}],"replies":[{"embeddable":true,"href":"https:\/\/www.kimstones.com\/it\/wp-json\/wp\/v2\/comments?post=2038"}],"version-history":[{"count":4,"href":"https:\/\/www.kimstones.com\/it\/wp-json\/wp\/v2\/pages\/2038\/revisions"}],"predecessor-version":[{"id":6481,"href":"https:\/\/www.kimstones.com\/it\/wp-json\/wp\/v2\/pages\/2038\/revisions\/6481"}],"wp:attachment":[{"href":"https:\/\/www.kimstones.com\/it\/wp-json\/wp\/v2\/media?parent=2038"}],"curies":[{"name":"wp","href":"https:\/\/api.w.org\/{rel}","templated":true}]}}