{"id":4639,"date":"2021-03-14T19:10:45","date_gmt":"2021-03-14T19:10:45","guid":{"rendered":"https:\/\/www.kimstones.com\/?page_id=4639"},"modified":"2021-03-14T22:16:21","modified_gmt":"2021-03-14T22:16:21","slug":"hipnoza-in-regresija","status":"publish","type":"page","link":"https:\/\/www.kimstones.com\/en\/hipnoza-in-regresija\/","title":{"rendered":"Hipnoza in regresija"},"content":{"rendered":"<div class=\"wpb-content-wrapper\"><p>[vc_row][vc_column]<div class=\"title-wrapper  basel-title-color-primary basel-title-style-bordered basel-title-size-large text-center \"><div class=\"liner-continer\"> <span class=\"left-line\"><\/span> <h5 class=\"title\" >Hipnoza<span class=\"title-separator\"><span><\/span><\/span><\/h5> <span class=\"right-line\"><\/span> <\/div><\/div>[vc_empty_space height=&#8221;50px&#8221;][vc_row_inner][vc_column_inner width=&#8221;2\/3&#8243;][vc_column_text]<\/p>\n<h2>Kaj je hipnoza?<\/h2>\n<p>Hipnoza je naravno stanje usmerjene umske sprostitve.<\/p>\n<p>Ponudi vam varno, u\u010dinkovito in hitro orodje za pozitivno spremembo in opu\u0161\u010danje navad.<\/p>\n<h2>Kako hipnoza deluje?<\/h2>\n<p>Med hipnozo se vzpostavi stanje transa, kjer klienta ne\u017eno vodim k sprostitvi njegovega zavestnega uma. Trans je naravno stanje zavesti, ko um postane osredoto\u010den navznoter. Ob\u010dutek je podoben, kot kadar sanjarimo, saj se v tem stanju sprostimo, odplavamo in uporabljamo na\u0161 podzavestni um.<\/p>\n<p>Gre za spremenjeno stanje zavesti, kamor si dovolite vstopiti sami, pod vodstvom terapevta. Ves \u010das imate nadzor v svojih rokah, vsak trenutek veste, kaj se dogaja, vsak trenutek se lahko prebudite iz spremenjenega stanja. Hipnoterapija je naraven in varen proces, ki je najve\u010dkrat zelo prijeten<\/p>\n<p>Med hipnoterapijo se telo spro\u0161\u010da skupaj z umom, kar prinese ob\u010dutek miru in dobre volje.<\/p>\n<p>Moj na\u010din hipnoze se razlikuje v tem, da jaz uporabljam za terapijo tudi kristalno mre\u017eo, ki jo postavim na posameznika, zato vse skupaj deluje \u0161e bolj intenzivno in konstruktivno.[\/vc_column_text][\/vc_column_inner][vc_column_inner width=&#8221;1\/3&#8243;][vc_single_image image=&#8221;4705&#8243; img_size=&#8221;500&#215;600&#8243; alignment=&#8221;center&#8221;][\/vc_column_inner][\/vc_row_inner][\/vc_column][\/vc_row][vc_row css=&#8221;.vc_custom_1615749003595{padding-top: 50px !important;}&#8221;][vc_column]<div class=\"title-wrapper  basel-title-color-primary basel-title-style-bordered basel-title-size-large text-center \"><div class=\"liner-continer\"> <span class=\"left-line\"><\/span> <h5 class=\"title\" >Regresija<span class=\"title-separator\"><span><\/span><\/span><\/h5> <span class=\"right-line\"><\/span> <\/div><\/div>[vc_empty_space height=&#8221;50px&#8221;][vc_row_inner][vc_column_inner][vc_column_text]Regresija v prej\u0161nja \u017eivljenja je klju\u010d do razkrivanja na\u0161ih najstarej\u0161ih spominov.<\/p>\n<p>Seansa regresije vklju\u010duje dostop do prej\u0161njih \u017eivljenj, obi\u010dajno preko hipnoze, do spominov, vzorcev in dogodkov, ki lahko \u0161e vedno negativno vplivajo na na\u0161a \u017eivljenja.<\/p>\n<p>Preko te regresije lahko vidite korenine sedanje situacije, razre\u0161ite in razumete karmi\u010dne vzorce, dokon\u010date stare nedokon\u010dane stvari, razumete trenutne odnose, odpravite stare omejitve in ovire za zdravljenje ter pridobite duhovni vpogled v va\u0161o \u017eivljenjsko situacijo.<\/p>\n<p>Vrnete se lahko v prej\u0161nja \u017eivljenja, da bi jih lahko bolje razumeli in se u\u010dili, iz radovednosti, ali pa zato, da bi odkrili talente, vrednote, \u010dustva in darove, ki ste jih imeli v prej\u0161njih \u017eivljenjih.[\/vc_column_text][\/vc_column_inner][\/vc_row_inner][\/vc_column][\/vc_row][vc_row full_width=&#8221;stretch_row&#8221; row_type=&#8221;row&#8221; use_row_as_full_screen_section=&#8221;no&#8221; type=&#8221;grid&#8221; anchor=&#8221;shop&#8221; angled_section=&#8221;no&#8221; text_align=&#8221;left&#8221; background_image_as_pattern=&#8221;without_pattern&#8221; background_color=&#8221;#ffffff&#8221; padding_top=&#8221;60&#8243; padding_bottom=&#8221;50&#8243; el_id=&#8221;nakit&#8221;][vc_column][vc_empty_space height=&#8221;30px&#8221;]<div class=\"title-wrapper  basel-title-color-primary basel-title-style-bordered basel-title-size-large text-center \"><div class=\"liner-continer\"> <span class=\"left-line\"><\/span> <h5 class=\"title\" >Naro\u010di se na hipnozo ali regresijo<span class=\"title-separator\"><span><\/span><\/span><\/h5> <span class=\"right-line\"><\/span> <\/div><\/div>[vc_empty_space height=&#8221;50px&#8221;]<div class=\"woocommerce columns-2 \"><\/div>[\/vc_column][\/vc_row]<\/p>\n<\/div>","protected":false},"excerpt":{"rendered":"<p>[vc_row][vc_column][vc_empty_space height=&#8221;50px&#8221;][vc_row_inner][vc_column_inner width=&#8221;2\/3&#8243;][vc_column_text] Kaj je hipnoza? Hipnoza je naravno stanje usmerjene umske sprostitve. Ponudi vam varno, u\u010dinkovito in hitro orodje<\/p>\n","protected":false},"author":1,"featured_media":0,"parent":0,"menu_order":0,"comment_status":"closed","ping_status":"closed","template":"","meta":{"_monsterinsights_skip_tracking":false,"_monsterinsights_sitenote_active":false,"_monsterinsights_sitenote_note":"","_monsterinsights_sitenote_category":0,"footnotes":""},"class_list":["post-4639","page","type-page","status-publish","hentry"],"_links":{"self":[{"href":"https:\/\/www.kimstones.com\/en\/wp-json\/wp\/v2\/pages\/4639","targetHints":{"allow":["GET"]}}],"collection":[{"href":"https:\/\/www.kimstones.com\/en\/wp-json\/wp\/v2\/pages"}],"about":[{"href":"https:\/\/www.kimstones.com\/en\/wp-json\/wp\/v2\/types\/page"}],"author":[{"embeddable":true,"href":"https:\/\/www.kimstones.com\/en\/wp-json\/wp\/v2\/users\/1"}],"replies":[{"embeddable":true,"href":"https:\/\/www.kimstones.com\/en\/wp-json\/wp\/v2\/comments?post=4639"}],"version-history":[{"count":7,"href":"https:\/\/www.kimstones.com\/en\/wp-json\/wp\/v2\/pages\/4639\/revisions"}],"predecessor-version":[{"id":4733,"href":"https:\/\/www.kimstones.com\/en\/wp-json\/wp\/v2\/pages\/4639\/revisions\/4733"}],"wp:attachment":[{"href":"https:\/\/www.kimstones.com\/en\/wp-json\/wp\/v2\/media?parent=4639"}],"curies":[{"name":"wp","href":"https:\/\/api.w.org\/{rel}","templated":true}]}}