{"id":4595,"date":"2021-03-11T18:54:00","date_gmt":"2021-03-11T18:54:00","guid":{"rendered":"https:\/\/www.kimstones.com\/?page_id=4595"},"modified":"2021-03-14T23:31:43","modified_gmt":"2021-03-14T23:31:43","slug":"orgoniti","status":"publish","type":"page","link":"https:\/\/www.kimstones.com\/en\/orgoniti\/","title":{"rendered":"Orgoniti"},"content":{"rendered":"<div class=\"wpb-content-wrapper\"><p>[vc_row][vc_column]<div class=\"title-wrapper  basel-title-color-primary basel-title-style-bordered basel-title-size-large text-center \"><div class=\"liner-continer\"> <span class=\"left-line\"><\/span> <h5 class=\"title\" >O orgonitih<span class=\"title-separator\"><span><\/span><\/span><\/h5> <span class=\"right-line\"><\/span> <\/div><\/div>[vc_empty_space height=&#8221;50px&#8221;][vc_row_inner][vc_column_inner width=&#8221;2\/3&#8243;][vc_column_text]Orgon je po definiciji drugo ime za na\u0161o energijo \u017eivljenjske mo\u010di, znano kot chi, prana ali eter. Orgonske piramide so mo\u010dne in v \u010dudovitih oblikah, znane po svoji sposobnosti pretvorbe negativne energije v pozitivno energijo, ki uravnote\u017ei duhovno, \u010dustveno in fizi\u010dno telo. Orgonit je snov iz smole, kovin, zdravilnih kristalov in kremena, ki uravnava in usklajuje na\u0161o bioenergijo.<\/p>\n<p>Orgonit je material, narejen posebej za zajemanje, \u010di\u0161\u010denje in spro\u0161\u010danje orgonske energije. Je kombinacija \u010distega kremena in drobnih kovinskih delcev, ki jih skupaj povezuje smola. Orgonit se lahko oblikuje v katerokoli obliko. Nosimo jih lahko tudi na sebi v obliki ogrlic ali obeskov. Je namenjen osebni uporabi in za uporabo v bivalnih prostorih (dom, pisarna, itd.).<\/p>\n<h2>U\u010dinki orgonitov:<\/h2>\n<ul>\n<li>pomagajo bolj\u0161emu po\u010dutju, tako fizi\u010dno kot duhovno<\/li>\n<li>telo \u0161\u010ditijo pred \u0161kodljivimi u\u010dinki elektromagnetnega sevanja elektri\u010dnih naprav (TV, mobilni telefon, ra\u010dunalnik,\u2026)<\/li>\n<li>pomagajo pri odstranjevanju energetskih blokad<\/li>\n<li>izbolj\u0161ujejo medsebojne odnose tako doma z dru\u017eino, kot tudi v slu\u017ebi s sodelavci<\/li>\n<li>spodbujajo bolj\u0161i spanec in lucidne sanje<\/li>\n<li>pomagajo tudi ljudem s kroni\u010dno nespe\u010dnostjo<\/li>\n<li>pomagajo pri duhovni rasti z vi\u0161anjem energijskih vibracij<\/li>\n<li>pospe\u0161ujejo rast rastlin in pre\u010di\u0161\u010dujejo vodo<\/li>\n<\/ul>\n<p>Orgonit vam lahko sprogramiram \u0161e za kak\u0161no drugo lastnost po va\u0161i \u017eelji.[\/vc_column_text][\/vc_column_inner][vc_column_inner width=&#8221;1\/3&#8243;][vc_single_image image=&#8221;4739&#8243; img_size=&#8221;full&#8221; alignment=&#8221;center&#8221;][\/vc_column_inner][\/vc_row_inner][\/vc_column][\/vc_row][vc_row full_width=&#8221;stretch_row&#8221; row_type=&#8221;row&#8221; use_row_as_full_screen_section=&#8221;no&#8221; type=&#8221;grid&#8221; anchor=&#8221;shop&#8221; angled_section=&#8221;no&#8221; text_align=&#8221;left&#8221; background_image_as_pattern=&#8221;without_pattern&#8221; background_color=&#8221;#ffffff&#8221; padding_top=&#8221;60&#8243; padding_bottom=&#8221;50&#8243; el_id=&#8221;nakit&#8221;][vc_column][vc_empty_space height=&#8221;30px&#8221;]<div class=\"title-wrapper  basel-title-color-primary basel-title-style-bordered basel-title-size-large text-center \"><div class=\"liner-continer\"> <span class=\"left-line\"><\/span> <h5 class=\"title\" >Izberi svoj orgonit<span class=\"title-separator\"><span><\/span><\/span><\/h5> <span class=\"right-line\"><\/span> <\/div><\/div>[vc_empty_space height=&#8221;50px&#8221;]<div class=\"woocommerce row categories-style-masonry categories-masonry categories-space-20 columns-2\"><div class=\" col-xs-6 first  category-grid-item cat-design-default product-category product first\" data-loop=\"1\">\n\t\n\t<div class=\"category-content\">\n\t\t<a href=\"https:\/\/www.kimstones.com\/en\/kategorija-izdelka\/orgonites\/orgonite-pendant\/\" class=\"category-link\">\n\t\t\t\t\t\t<div class=\"product-category-thumbnail\">\n\t\t\t\t<img loading=\"lazy\" decoding=\"async\" width=\"600\" height=\"477\" src=\"https:\/\/www.kimstones.com\/wp-content\/uploads\/2021\/03\/orgoniti-obeski-1-600x477.jpg\" class=\"attachment-woocommerce_thumbnail size-woocommerce_thumbnail\" alt=\"Orgonite pendant\" srcset=\"https:\/\/www.kimstones.com\/wp-content\/uploads\/2021\/03\/orgoniti-obeski-1-600x477.jpg 600w, https:\/\/www.kimstones.com\/wp-content\/uploads\/2021\/03\/orgoniti-obeski-1-1200x953.jpg 1200w, https:\/\/www.kimstones.com\/wp-content\/uploads\/2021\/03\/orgoniti-obeski-1-300x238.jpg 300w, https:\/\/www.kimstones.com\/wp-content\/uploads\/2021\/03\/orgoniti-obeski-1-1024x813.jpg 1024w, https:\/\/www.kimstones.com\/wp-content\/uploads\/2021\/03\/orgoniti-obeski-1-768x610.jpg 768w, https:\/\/www.kimstones.com\/wp-content\/uploads\/2021\/03\/orgoniti-obeski-1-1536x1220.jpg 1536w, https:\/\/www.kimstones.com\/wp-content\/uploads\/2021\/03\/orgoniti-obeski-1.jpg 1920w\" sizes=\"auto, (max-width: 600px) 100vw, 600px\" \/>\t\t\t<\/div>\n\t\t\t\n\t\t\t\t\t\t\t<span class=\"products-cat-number\">\n\t\t\t\t\t22 products\t\t\t\t<\/span>\n\t\t\t\t\t<\/a>\n\t\t<div class=\"hover-mask\">\n\t\t\t\t\t\t<a href=\"https:\/\/www.kimstones.com\/en\/kategorija-izdelka\/orgonites\/orgonite-pendant\/\" class=\"category-link-overlay\" aria-label=\"Product category orgonite-pendant\"><\/a>\n\t\t\t<h3>\n\t\t\t\tOrgonite pendant\t\t\t<\/h3>\n\n\t\t\t<a href=\"https:\/\/www.kimstones.com\/en\/kategorija-izdelka\/orgonites\/orgonite-pendant\/\">View products<\/a>\n\n\t\t\t\t\t<\/div>\n\n\t\t\t<\/div>\n<\/div>\n\n<div class=\" col-xs-6 last  category-grid-item cat-design-default product-category product\" data-loop=\"2\">\n\t\n\t<div class=\"category-content\">\n\t\t<a href=\"https:\/\/www.kimstones.com\/en\/kategorija-izdelka\/orgonites\/orgonite-pyramids\/\" class=\"category-link\">\n\t\t\t\t\t\t<div class=\"product-category-thumbnail\">\n\t\t\t\t<img loading=\"lazy\" decoding=\"async\" width=\"600\" height=\"476\" src=\"https:\/\/www.kimstones.com\/wp-content\/uploads\/2021\/03\/orgoniti-kat-600x476.jpg\" class=\"attachment-woocommerce_thumbnail size-woocommerce_thumbnail\" alt=\"Orgonite pyramids\" srcset=\"https:\/\/www.kimstones.com\/wp-content\/uploads\/2021\/03\/orgoniti-kat-600x476.jpg 600w, https:\/\/www.kimstones.com\/wp-content\/uploads\/2021\/03\/orgoniti-kat-1200x953.jpg 1200w, https:\/\/www.kimstones.com\/wp-content\/uploads\/2021\/03\/orgoniti-kat-300x238.jpg 300w, https:\/\/www.kimstones.com\/wp-content\/uploads\/2021\/03\/orgoniti-kat-1024x813.jpg 1024w, https:\/\/www.kimstones.com\/wp-content\/uploads\/2021\/03\/orgoniti-kat-768x610.jpg 768w, https:\/\/www.kimstones.com\/wp-content\/uploads\/2021\/03\/orgoniti-kat-1536x1220.jpg 1536w, https:\/\/www.kimstones.com\/wp-content\/uploads\/2021\/03\/orgoniti-kat.jpg 1540w\" sizes=\"auto, (max-width: 600px) 100vw, 600px\" \/>\t\t\t<\/div>\n\t\t\t\n\t\t\t\t\t\t\t<span class=\"products-cat-number\">\n\t\t\t\t\t76 products\t\t\t\t<\/span>\n\t\t\t\t\t<\/a>\n\t\t<div class=\"hover-mask\">\n\t\t\t\t\t\t<a href=\"https:\/\/www.kimstones.com\/en\/kategorija-izdelka\/orgonites\/orgonite-pyramids\/\" class=\"category-link-overlay\" aria-label=\"Product category orgonite-pyramids\"><\/a>\n\t\t\t<h3>\n\t\t\t\tOrgonite pyramids\t\t\t<\/h3>\n\n\t\t\t<a href=\"https:\/\/www.kimstones.com\/en\/kategorija-izdelka\/orgonites\/orgonite-pyramids\/\">View products<\/a>\n\n\t\t\t\t\t<\/div>\n\n\t\t\t<\/div>\n<\/div>\n\n<div class=\"clearfix visible-xs-block\"><\/div><div class=\"clearfix visible-sm-block\"><\/div><div class=\"clearfix visible-md-block visible-lg-block\"><\/div><\/div>[\/vc_column][\/vc_row]<\/p>\n<\/div>","protected":false},"excerpt":{"rendered":"<p>[vc_row][vc_column][vc_empty_space height=&#8221;50px&#8221;][vc_row_inner][vc_column_inner width=&#8221;2\/3&#8243;][vc_column_text]Orgon je po definiciji drugo ime za na\u0161o energijo \u017eivljenjske mo\u010di, znano kot chi, prana ali eter. Orgonske<\/p>\n","protected":false},"author":1,"featured_media":0,"parent":0,"menu_order":0,"comment_status":"closed","ping_status":"closed","template":"","meta":{"_monsterinsights_skip_tracking":false,"_monsterinsights_sitenote_active":false,"_monsterinsights_sitenote_note":"","_monsterinsights_sitenote_category":0,"footnotes":""},"class_list":["post-4595","page","type-page","status-publish","hentry"],"_links":{"self":[{"href":"https:\/\/www.kimstones.com\/en\/wp-json\/wp\/v2\/pages\/4595","targetHints":{"allow":["GET"]}}],"collection":[{"href":"https:\/\/www.kimstones.com\/en\/wp-json\/wp\/v2\/pages"}],"about":[{"href":"https:\/\/www.kimstones.com\/en\/wp-json\/wp\/v2\/types\/page"}],"author":[{"embeddable":true,"href":"https:\/\/www.kimstones.com\/en\/wp-json\/wp\/v2\/users\/1"}],"replies":[{"embeddable":true,"href":"https:\/\/www.kimstones.com\/en\/wp-json\/wp\/v2\/comments?post=4595"}],"version-history":[{"count":14,"href":"https:\/\/www.kimstones.com\/en\/wp-json\/wp\/v2\/pages\/4595\/revisions"}],"predecessor-version":[{"id":4744,"href":"https:\/\/www.kimstones.com\/en\/wp-json\/wp\/v2\/pages\/4595\/revisions\/4744"}],"wp:attachment":[{"href":"https:\/\/www.kimstones.com\/en\/wp-json\/wp\/v2\/media?parent=4595"}],"curies":[{"name":"wp","href":"https:\/\/api.w.org\/{rel}","templated":true}]}}