{"id":5863,"date":"2021-11-23T13:45:25","date_gmt":"2021-11-23T13:45:25","guid":{"rendered":"https:\/\/www.kimstones.com\/?post_type=product&#038;p=5863"},"modified":"2021-11-24T14:52:53","modified_gmt":"2021-11-24T14:52:53","slug":"orgone-rastascheibe-mit-kristallen-kopija-2","status":"publish","type":"product","link":"https:\/\/www.kimstones.com\/de\/produkt\/orgone-rastascheibe-mit-kristallen-kopija-2\/","title":{"rendered":"Orgone Rastascheibe mit Kristallen (Kopija)"},"content":{"rendered":"<h1>Kristalle in der Orgonscheibe:<\/h1>\n<ul>\n<li>Calcit ist ein grundlegender Kristall, der negative Energien entfernt und den Raum mit kristalliner Energie f\u00fcllt, die alle Chakren reinigt. Es kommt in allen Orgoniten vor und verst\u00e4rkt stark die Kraft anderer reinigender Kristalle. Es verbindet sich mit h\u00f6herem Bewusstsein und wird in Astralprojektionen und bei der Verbindung von Intellekt mit Emotionen verwendet. Es stimuliert die Funktion des Geistes.<\/li>\n<li>Der Smaragd ist ein Edelstein f\u00fcr Gl\u00fcck in Liebe und Treue. Es bringt Wohlbefinden nach Hause, heilt seelische Wunden und st\u00e4rkt Freundschaften. Es aktiviert das Herzchakra und hilft uns, Wahrheit und Balance zwischen Gedanken und Herz zu finden.<\/li>\n<li>Der Sonnenstein ist der Stein der Identit\u00e4t, Freiheit und des Gl\u00fccks. Es reinigt und aktiviert alle Chakren und hilft uns, F\u00fchrungsaufgaben zu erf\u00fcllen. Es hilft denen, denen es schwerf\u00e4llt, Nein zu sagen oder ein besseres Selbstbild zu wollen. Es ist ein Stein der Selbsterm\u00e4chtigung und Selbstheilung, voller Optimismus und Eifer.<br \/>\nT\u00fcrkis ist ein Schutzstein, der das Herzchakra, den Hals und das dritte Auge aktiviert. Es hat die F\u00e4higkeit, unangenehme Energien zu absorbieren und schafft ein sicheres Biofeld. Es st\u00e4rkt Freundschaft und romantische Liebe.<\/li>\n<\/ul>\n<p><em>Eine Orgonscheibe oder ein Podest reinigt den Raum und f\u00fcllt ihn mit Orgonenergie, einer subtilen Lebensenergie, die wir heutzutage mehr denn je brauchen. Mehrschichtige Orgonit-Basen f\u00fcllen ihre Umgebung mit positiven Hochschwingungen und Lebensenergie. Es kann als Podest f\u00fcr unsere Speisen und Getr\u00e4nke verwendet werden. Sie k\u00f6nnen darauf sitzen, es unter Ihre F\u00fc\u00dfe legen, auf Ihren Schreibtisch legen oder auf den Boden eines Whirlpools stellen.<\/em><\/p>\n<h2>Auswirkungen von Orgonitscheiben:<\/h2>\n<ul>\n<li>Sie harmonisieren die Energie von Objekten und der Umgebung, in der wir sie platzieren,<\/li>\n<li>die sch\u00e4dlichen Auswirkungen von elektrischen Ger\u00e4ten auf die Umwelt blockieren,<\/li>\n<li>verbessert den Schlaf und beseitigt Probleme mit chronischer Schlaflosigkeit,<\/li>\n<li>die Kraft der Meditation steigern,<\/li>\n<li>die Verbindung mit den Leitern verst\u00e4rken,<\/li>\n<li>eine wohltuende Wirkung auf Pflanzen und Tiere haben,<\/li>\n<li>Verbesserung der Produktivit\u00e4t und Konzentration,<\/li>\n<li>versorgen unsere Zellen mit Orgonenergie mit gesunden Zellen.<\/li>\n<li>Verwendung von Orgon-Discs<\/li>\n<\/ul>\n<p>Wir verwenden Orgonbasen im Haushalt und reinigen damit die Schwingungen in unseren Speisen und Getr\u00e4nken. Wir k\u00f6nnen sie am Arbeitsplatz, unter dem Bett, Pflanzen oder dem Ort, an dem sich unsere Tiere ausruhen, platzieren. Mit ihnen k\u00f6nnen wir Kristalle reinigen, Telefone, Schl\u00fcssel oder andere Gegenst\u00e4nde darauf legen, die wir informieren m\u00f6chten.<\/p>\n<h2>Was ist das Besondere an unseren Orgoniten?<\/h2>\n<ul>\n<li>Handgefertigt in Europa<\/li>\n<li>Nur echte Halbedel- und Edelsteine<\/li>\n<li>Hinweise zum Einsatz von Orgoniten<\/li>\n<li>Jedes Produkt wird mit Hilfe von Kristallgittern und gr\u00f6\u00dferen Orgoniten energetisch gereinigt und programmiert.<\/li>\n<li>Kontaktieren Sie uns, wenn Sie nach ma\u00dfgeschneidertem Orgonit nach Ihrem Geburtshoroskop suchen.<\/li>\n<\/ul>\n<h2>Wie verwenden wir Orgonite?<\/h2>\n<ul>\n<li>Gr\u00f6\u00dfere Orgonite k\u00f6nnen in unserem Haus verteilt werden.<\/li>\n<li>Wir k\u00f6nnen einen bestimmten Orgonit im Schlafzimmer, Arbeitszimmer, K\u00fcche oder Kinderzimmer installieren.<\/li>\n<li>Orgonit kann um den Hals, in der Hosentasche, Handtasche oder im Auto getragen werden.<\/li>\n<li>Wenn wir mehr Energie brauchen, k\u00f6nnen wir uns hinsetzen oder auf eine Orgonscheibe oder einen Sockel treten.<\/li>\n<li>Reinigen und informieren Sie Lebensmittel, Wasser und saubere Schmuckst\u00fccke.<\/li>\n<li>Stellen Sie sie in der N\u00e4he von Tieren, Pflanzen oder im Garten auf.<\/li>\n<li>Legen Sie sie neben frisches Obst oder Gem\u00fcse.<\/li>\n<li>Oder platzieren Sie sie zwischen uns und elektronischen Ger\u00e4ten.<\/li>\n<\/ul>\n","protected":false},"excerpt":{"rendered":"<p>Orgonscheibe, um sich mit Vorfahren, F\u00fclle und Liebe zu verbinden. Es wird in Meditationen oder Zeremonien, am Arbeitsplatz und im Bett verwendet. Der Sockel im Raum harmonisiert das Orgonfeld und schafft ein angenehmes Wohngef\u00fchl. Durchmesser: 180mm.<\/p>\n","protected":false},"featured_media":5868,"comment_status":"open","ping_status":"closed","template":"","meta":{"_monsterinsights_skip_tracking":false,"_monsterinsights_sitenote_active":false,"_monsterinsights_sitenote_note":"","_monsterinsights_sitenote_category":0},"product_brand":[],"product_cat":[150,89],"product_tag":[222,219,218],"class_list":{"0":"post-5863","1":"product","2":"type-product","3":"status-publish","4":"has-post-thumbnail","6":"product_cat-orgonitscheiben-orgonitplatten","7":"product_cat-orgoniten","8":"product_tag-personliches-wachstum","9":"product_tag-reinigung","10":"product_tag-schutz","11":"product_shipping_class-lieferung-orgonite","12":"wcpa_has_options","14":"first","15":"instock","16":"sale","17":"shipping-taxable","18":"purchasable","19":"product-type-simple"},"_links":{"self":[{"href":"https:\/\/www.kimstones.com\/de\/wp-json\/wp\/v2\/product\/5863","targetHints":{"allow":["GET"]}}],"collection":[{"href":"https:\/\/www.kimstones.com\/de\/wp-json\/wp\/v2\/product"}],"about":[{"href":"https:\/\/www.kimstones.com\/de\/wp-json\/wp\/v2\/types\/product"}],"replies":[{"embeddable":true,"href":"https:\/\/www.kimstones.com\/de\/wp-json\/wp\/v2\/comments?post=5863"}],"wp:featuredmedia":[{"embeddable":true,"href":"https:\/\/www.kimstones.com\/de\/wp-json\/wp\/v2\/media\/5868"}],"wp:attachment":[{"href":"https:\/\/www.kimstones.com\/de\/wp-json\/wp\/v2\/media?parent=5863"}],"wp:term":[{"taxonomy":"product_brand","embeddable":true,"href":"https:\/\/www.kimstones.com\/de\/wp-json\/wp\/v2\/product_brand?post=5863"},{"taxonomy":"product_cat","embeddable":true,"href":"https:\/\/www.kimstones.com\/de\/wp-json\/wp\/v2\/product_cat?post=5863"},{"taxonomy":"product_tag","embeddable":true,"href":"https:\/\/www.kimstones.com\/de\/wp-json\/wp\/v2\/product_tag?post=5863"}],"curies":[{"name":"wp","href":"https:\/\/api.w.org\/{rel}","templated":true}]}}