{"id":5680,"date":"2021-11-22T15:18:27","date_gmt":"2021-11-22T15:18:27","guid":{"rendered":"https:\/\/www.kimstones.com\/?post_type=product&#038;p=5680"},"modified":"2021-11-23T15:58:39","modified_gmt":"2021-11-23T15:58:39","slug":"orgonanhanger-mit-larimar-10","status":"publish","type":"product","link":"https:\/\/www.kimstones.com\/de\/produkt\/orgonanhanger-mit-larimar-10\/","title":{"rendered":"Orgonanh\u00e4nger mit Larimar"},"content":{"rendered":"<p>Der Orgon-Anh\u00e4nger ist ein ganz besonderes Schmuckst\u00fcck, das unser Biofeld harmonisiert. Hergestellt auf hohen Schwingungen durch die Verschmelzung ausgew\u00e4hlter therapeutischer Kristalle und heiliger Geometrie. Sie sch\u00fctzen uns vor dem Einfluss negativer Gedanken und anderer Energien aus der Umwelt und schaffen frische Lebensenergie. Sie bringen uns Harmonie, Gl\u00fcck und Selbstvertrauen.<br \/>\nOrgonschmuck wird in sorgf\u00e4ltiger Handarbeit aus Harz, Kupferdraht, Metallpartikeln und Quarzkristallen hergestellt.<\/p>\n<p>So verwenden Sie Orgon-Anh\u00e4nger<\/p>\n<ul>\n<li>Trage sie als Schmuck<\/li>\n<li>Wir sind neben elektronischen Ger\u00e4ten \u2013 dem Handy in der Hosen- oder Handtasche<\/li>\n<li>Tragen Sie es an der Stelle des K\u00f6rpers, die Energieunterst\u00fctzung oder Reinigung ben\u00f6tigt<\/li>\n<li>Nehmen Sie es mit zu einem wichtigen Meeting oder Meetings<\/li>\n<li>Vergiss nicht, es hinter das Bett zu nehmen<br \/>\nw\u00e4hrend der Meditation und Befreiung<\/li>\n<li>Anh\u00e4nger mit Hilfe von Kristallen k\u00f6nnen wir nach Ihren W\u00fcnschen programmieren<\/li>\n<\/ul>\n<p>Was ist das Besondere an unseren Orgoniten?<\/p>\n<ul>\n<li>Handgefertigt in Europa<\/li>\n<li>Nur echte Halbedel- und Edelsteine<\/li>\n<li>Hinweise zum Einsatz von Orgoniten<\/li>\n<li>Jedes Produkt wird mit Hilfe von Kristallgittern und gr\u00f6\u00dferen Orgoniten energetisch gereinigt und programmiert.<\/li>\n<li>Kontaktieren Sie uns, wenn Sie nach ma\u00dfgeschneidertem Orgonit nach Ihrem Geburtshoroskop suchen.<\/li>\n<\/ul>\n","protected":false},"excerpt":{"rendered":"<p>Larimar ist ein \u00e4u\u00dferst n\u00fctzlicher spiritueller Stein, der auf die oberen Chakren wirkt. Es verbindet uns mit der g\u00f6ttlichen und der physischen Welt um uns herum. Es bringt innere Weisheit und \u00e4u\u00dfere Manifestation. Es unterst\u00fctzt unser Immunsystem mit Energie und sch\u00fctzt uns vor \u00e4u\u00dferen Energieeinbr\u00fcchen aller Art.<\/p>\n<ul>\n<li>Larimar ist ein spiritueller Stein, der das sechste und das Kronenchakra verbindet und das dritte Auge aktiviert.<\/li>\n<li>Die Schwingung des Kristalls \u00f6ffnet die T\u00fcr zur Energie einer g\u00f6ttlichen Weiblichkeit, mit der Sie Ihre Emotionen und alten Traumata beruhigen und heilen k\u00f6nnen.<\/li>\n<li>Es hilft M\u00e4nnern, ein Gleichgewicht zwischen weiblicher und m\u00e4nnlicher Energie zu finden.<br \/>\nLarimar verbessert die Kommunikation und emotionale Intelligenz.<\/li>\n<li>Es l\u00f6st gefangene Emotionen und Blockaden, die uns am Wachsen und Entwickeln hindern.<\/li>\n<li>Energetisch behandelt Stein das gesamte Immunsystem, insbesondere Entz\u00fcndungen und Schmerzen.<\/li>\n<li>Es unterst\u00fctzt energetisch Lunge, Herz, Rachen, Rachen, Augen und Gehirn.<\/li>\n<li>F\u00fcr Menschen, denen Blutdruck, Erk\u00e4ltungen, Infektionen aller Art und psychische Herausforderungen am Herzen liegen.<\/li>\n<li>Es kann direkt an einer Stelle platziert werden, die zus\u00e4tzliche Energieunterst\u00fctzung ben\u00f6tigt.<\/li>\n<li>Es wird Ihnen helfen, Ihre Mission und den Weg Ihrer Seele zu finden.<\/li>\n<\/ul>\n","protected":false},"featured_media":5685,"comment_status":"open","ping_status":"closed","template":"","meta":{"_monsterinsights_skip_tracking":false,"_monsterinsights_sitenote_active":false,"_monsterinsights_sitenote_note":"","_monsterinsights_sitenote_category":0},"product_brand":[],"product_cat":[210],"product_tag":[],"class_list":{"0":"post-5680","1":"product","2":"type-product","3":"status-publish","4":"has-post-thumbnail","6":"product_cat-larimar-orgonit-de","8":"first","9":"instock","10":"sale","11":"shipping-taxable","12":"purchasable","13":"product-type-simple"},"_links":{"self":[{"href":"https:\/\/www.kimstones.com\/de\/wp-json\/wp\/v2\/product\/5680","targetHints":{"allow":["GET"]}}],"collection":[{"href":"https:\/\/www.kimstones.com\/de\/wp-json\/wp\/v2\/product"}],"about":[{"href":"https:\/\/www.kimstones.com\/de\/wp-json\/wp\/v2\/types\/product"}],"replies":[{"embeddable":true,"href":"https:\/\/www.kimstones.com\/de\/wp-json\/wp\/v2\/comments?post=5680"}],"wp:featuredmedia":[{"embeddable":true,"href":"https:\/\/www.kimstones.com\/de\/wp-json\/wp\/v2\/media\/5685"}],"wp:attachment":[{"href":"https:\/\/www.kimstones.com\/de\/wp-json\/wp\/v2\/media?parent=5680"}],"wp:term":[{"taxonomy":"product_brand","embeddable":true,"href":"https:\/\/www.kimstones.com\/de\/wp-json\/wp\/v2\/product_brand?post=5680"},{"taxonomy":"product_cat","embeddable":true,"href":"https:\/\/www.kimstones.com\/de\/wp-json\/wp\/v2\/product_cat?post=5680"},{"taxonomy":"product_tag","embeddable":true,"href":"https:\/\/www.kimstones.com\/de\/wp-json\/wp\/v2\/product_tag?post=5680"}],"curies":[{"name":"wp","href":"https:\/\/api.w.org\/{rel}","templated":true}]}}