{"id":5557,"date":"2021-11-17T11:15:27","date_gmt":"2021-11-17T11:15:27","guid":{"rendered":"https:\/\/www.kimstones.com\/?post_type=product&#038;p=5557"},"modified":"2021-11-17T13:41:27","modified_gmt":"2021-11-17T13:41:27","slug":"orgonscheibe-fur-schutz-und-personliches-wachstum","status":"publish","type":"product","link":"https:\/\/www.kimstones.com\/de\/produkt\/orgonscheibe-fur-schutz-und-personliches-wachstum\/","title":{"rendered":"Orgonscheibe f\u00fcr Schutz und pers\u00f6nliches Wachstum"},"content":{"rendered":"<h1>Kristalle in der Orgonscheibe:<\/h1>\n<ul>\n<li>Amethyst ist ein m\u00e4chtiger Schutzstein auf allen Ebenen und verbindet uns mit h\u00f6heren Ebenen. Es sch\u00e4rft das Bewusstsein f\u00fcr uns selbst und unseren Adel. Es f\u00f6rdert die Intuition, das dritte Auge und die spirituelle Verbindung. Es hilft bei der Heilung von K\u00f6rper, Geist und Seele und bei der pers\u00f6nlichen Transformation. Es reguliert<\/li>\n<li>Lebensprozesse und unterst\u00fctzt uns in der Kommunikation Gr\u00fcner Aventurin bringt Wohlstand und F\u00fclle und st\u00e4rkt F\u00fchrungsqualit\u00e4ten und Empathie. Es bringt Gl\u00fcck, steigert Kreativit\u00e4t und Konzentration. Es unterst\u00fctzt das Nervensystem und gleicht das Immunsystem aus.<\/li>\n<li>Rubin ist ein Kristall des Schutzes, der Integrit\u00e4t, des Gl\u00fccks, der Heilung, des Mutes, der F\u00fclle, der St\u00e4rke und der Gro\u00dfz\u00fcgigkeit. Durch die Aktivierung des ersten<\/li>\n<li>Chakras und des Herzchakras stimuliert es die Leidenschaft und steigert den Lebenswillen. Es unterst\u00fctzt die Aktivierung des dritten Auges und das L\u00f6sen von Blockaden auf dem spirituellen Weg. Es hilft bei der Reinigung des K\u00f6rpers, der Zellatmung und hilft beim hormonellen Gleichgewicht.<\/li>\n<li>Das Tigerauge sch\u00fctzt unseren energetischen und physischen K\u00f6rper und bringt reine Gedanken. Es ist ein Stein des Schutzes, des Gl\u00fccks, der Konzentration, der Manifestation. Es ist geerdet, f\u00f6rdert Einfallsreichtum und bringt eine objektive Sicht auf Herausforderungen. Sch\u00fctzt vor psychosomatischen Ausbr\u00fcchen und schweren Gedanken.<\/li>\n<li>T\u00fcrkis ist ein Schutzstein, der das Herzchakra, den Hals und das dritte Auge aktiviert. Es hat die F\u00e4higkeit, unangenehme Energien zu absorbieren und schafft ein sicheres Biofeld. Es st\u00e4rkt Freundschaft und romantische Liebe.<\/li>\n<li>Der Gr\u00fcne Amazonas ist ein Stein des Friedens, der Verst\u00e4ndigung, des Vertrauens, der Hellsichtigkeit und der Prophetie. Es \u00f6ffnet das Herz- und Halschakra, zeigt beide Seiten der Medaille und hilft, die schwierigsten Herausforderungen des Lebens zu l\u00f6sen. Es hilft bei Blockaden im Nervensystem.<\/li>\n<li>Granat ist der Stein der Weisen und Manifestationen. Es reinigt und aktiviert alle Chakren und hilft, die sexuelle Energie zu lenken. Es st\u00e4rkt das Selbstbewusstsein und beschleunigt den pers\u00f6nlichen Fortschritt.<\/li>\n<li>Flussjaspis ist ein Schutzstein, der vor \u00c4ngsten und Albtr\u00e4umen sch\u00fctzt. Es verbindet sich mit der Erde und erf\u00fcllt sie mit Mut. Wie ein Fluss der Liebe verwandelt und reinigt es die Wunden der Vergangenheit.<\/li>\n<li>Dalmatinischer Jaspis wird verwendet, um Illusionen zu erden und zu zerst\u00f6ren. Es hilft uns, die Fehler und Tugenden zu erkennen. Es weckt Mitgef\u00fchl, Loyalit\u00e4t, st\u00e4rkt Loyalit\u00e4t und Liebesbeziehungen.<\/li>\n<li>Achat ist ein Stein der F\u00fclle, der Liebe, des Gl\u00fccks und der Langlebigkeit. Es harmonisiert K\u00f6rper, Geist und Seele und verbessert so Konzentration, Pr\u00e4senz und Analysef\u00e4higkeit. Empfohlen f\u00fcr schwangere Frauen. Es beruhigt innere Wut und Aggression und beruhigt. Es gibt verschiedene Arten von Achaten, die verschiedene Chakren ausgleichen. Es verbessert nur das Image, gleicht unsere Emotionen aus und sch\u00fctzt uns vor Energieangriffen.<\/li>\n<li>Landschaftsjaspis verbindet uns mit der Erde und erm\u00f6glicht es uns, unsere Emotionen zu reinigen. Es beseitigt \u00c4ngste, Blockaden und f\u00f6rdert die Kreativit\u00e4t.<\/li>\n<li>Gr\u00fcner Jaspis erweckt Frieden, Weisheit und Mitgef\u00fchl zum Leben. Es balanciert auf dem ersten und Herzchakra, ist voll und heilt mit Liebe. Es verbindet unsere beiden Pole und st\u00e4rkt das Gef\u00fchl der bedingungslosen Liebe.<\/li>\n<li>Calcit entfernt negative Energien und f\u00fcllt den Raum mit Kristallenergie, die alle Chakren reinigt. Calcit verst\u00e4rkt die Kraft anderer reinigender Kristalle. Es verbindet sich mit h\u00f6herem Bewusstsein, wir verwenden es in Astralprojektionen und in der Verbindung von Intellekt mit Emotionen. Es stimuliert die Funktion des Geistes.<\/li>\n<li>Karneol versch\u00f6nert das Leben mit Kreativit\u00e4t und aktiviert das erste und zweite Chakra. Es ist ein Stein der Vitalit\u00e4t, Kreativit\u00e4t, Harmonie, Liebe, des Selbstwertgef\u00fchls, der Fruchtbarkeit und des Mutes. Es hilft, Wunden zu heilen und in fr\u00fchere Leben zu reisen.<\/li>\n<li>Quarz ist der grundlegende Heilkristall aller Orgoniten und verst\u00e4rkt die Wirkung aller anderen Kristalle. Es wirkt ganzheitlich und vor allem auf das siebte Chakra.<\/li>\n<li>Erdbeerquarz ist ein Stein der reinen Liebe und Heilung. Es r\u00fcckt uns ins Herzzentrum und gleicht die Euphorie der Verliebtheit aus. St\u00e4rkt Energieverbindungen und nonverbale Kommunikation.<\/li>\n<li>Chrysopras sch\u00fctzt die Guides, \u00f6ffnet und reinigt das Herzchakra, bringt unser m\u00e4nnlich-weibliches Geschlecht ins Gleichgewicht und erf\u00fcllt uns mit Lebenswillen. Es verbindet uns mit unserem inneren Kind und erh\u00f6ht das Mitgef\u00fchl f\u00fcr das gesamte Universum. Heilt Herzwunden und n\u00e4hrt sich mit Optimismus. Es \u00f6ffnet die T\u00fcr zu einer Verbindung mit dem universellen Bewusstsein und in F\u00fclle mit der Jugend.<\/li>\n<li>Der Mondstein bringt Freude, Gl\u00fcck, F\u00fcrsorge, Mutterliebe, Humanit\u00e4t, Selbstlosigkeit und die M\u00f6glichkeit des Neuanfangs. Es gibt ein Gef\u00fchl von F\u00fclle, beruhigt, steigert die Intuition und reinigt die Gehirndr\u00fcsen. Mit all seiner Z\u00e4rtlichkeit gleicht er das dritte Chakra aus, beruhigt turbulente Gedanken und unsere inneren Organe.<\/li>\n<li>Feuriger Opal ist ein Stein der Sinne und Emotionen. Es befreit, f\u00f6rdert die Unabh\u00e4ngigkeit und befreit Gedanken und \u00f6ffnet das Herz. Es f\u00f6rdert die Kreativit\u00e4t, st\u00e4rkt das Ged\u00e4chtnis und die Spontaneit\u00e4t. Wir haben es nahe bei der Geburt und w\u00e4hrend PMS. Es ist ein Kristall der Liebe, Loyalit\u00e4t und des Friedens.<\/li>\n<li>Der Smaragd ist ein Edelstein f\u00fcr Gl\u00fcck in Liebe und Treue. Es bringt Wohlbefinden nach Hause, heilt seelische Wunden und st\u00e4rkt Freundschaften. Es aktiviert das Herzchakra und hilft uns, Wahrheit und Balance zwischen Gedanken und Herz zu finden.<\/li>\n<li>Unakit reguliert Emotionen und ist ein Stein der Visionen. Es sch\u00fctzt und ermutigt bei der Gr\u00fcndung einer Familie. Es bringt eine gl\u00fcckliche Schwangerschaft. Es belebt das Herz und \u00f6ffnet es, um sich selbst, Ihre Vergangenheit und Vorfahren zu akzeptieren, und erm\u00f6glicht es Ihnen, sich auf spirituellen Reisen zu erden.<\/li>\n<li>Onyx gibt Kraft, Ausdauer, Selbstvertrauen. Es erh\u00f6ht unsere Ausdauer, Best\u00e4ndigkeit und Festigkeit in schwierigen Momenten. Es beseitigt Kummer und Trauer. Es hilft zu haltenunsere Entscheidungen und erleichtert Lebensver\u00e4nderungen.<\/li>\n<li>Der Sonnenstein ist der Stein der Identit\u00e4t, Freiheit und des Gl\u00fccks. Es reinigt und aktiviert alle Chakren und hilft uns, F\u00fchrungsaufgaben zu erf\u00fcllen. Es hilft denen, denen es schwerf\u00e4llt, Nein zu sagen oder ein besseres Selbstbild zu wollen. Es ist ein Stein der Selbsterm\u00e4chtigung und Selbstheilung, voller Optimismus und Eifer.<\/li>\n<li>Gelber Jaspis landet und aktiviert das dritte Chakra. Es beruhigt die Emotionen und Organe in der Bauchh\u00f6hle. Es regeneriert den K\u00f6rper und erf\u00fcllt uns mit dem Willen, in den anspruchsvollsten Situationen zu leben.<\/li>\n<li>Gelber Calcit blockiert unangenehme Energien und reinigt die Chakren. Es wirkt sich positiv auf das Selbstwertgef\u00fchl aus, st\u00e4rkt das Selbstbewusstsein und verleiht uns Willenskraft. Unterst\u00fctzt die Magen-Darm-Funktion, reduziert M\u00fcdigkeit.<\/li>\n<li>Labradorit verwandelt und sch\u00fctzt die Aura. Es \u00f6ffnet das dritte Auge, verbindet uns mit dem G\u00f6ttlichen, W\u00e4chter und F\u00fchrer. Es hilft bei gro\u00dfen Lebensver\u00e4nderungen an sich selbst oder in Ihrer Karriere. Es l\u00f6st bisher Unl\u00f6sbares und beseitigt Blockaden. Es st\u00e4rkt die Intuition und aktiviert den Fokus. Es entspannt das Nervensystem und erh\u00e4lt die hormonelle und metabolische Harmonie.<\/li>\n<li>Charoit ist ein Kristall der Transformation. Es \u00f6ffnet das Herz und verbindet uns mit bedingungsloser Liebe. Es \u00f6ffnet sich dem Empfang des G\u00f6ttlichen. Es aktiviert das dritte Auge und erleichtert die Selbstreflexion, da es beruhigt und Sorgen abbaut. Es unterst\u00fctzt Herz, Nerven, Leber und Bauchspeicheldr\u00fcse.<\/li>\n<\/ul>\n<p><em>Eine Orgonscheibe oder ein Podest reinigt den Raum und f\u00fcllt ihn mit Orgonenergie, einer subtilen Lebensenergie, die wir heutzutage mehr denn je brauchen. Mehrschichtige Orgonit-Basen f\u00fcllen ihre Umgebung mit positiven Hochschwingungen und Lebensenergie. Es kann als Podest f\u00fcr unsere Speisen und Getr\u00e4nke verwendet werden. Sie k\u00f6nnen darauf sitzen, es unter Ihre F\u00fc\u00dfe legen, auf Ihren Schreibtisch legen oder auf den Boden eines Whirlpools stellen.<\/em><\/p>\n<h2>Auswirkungen von Orgonitscheiben:<\/h2>\n<ul>\n<li>Sie harmonisieren die Energie von Objekten und der Umgebung, in der wir sie platzieren,<\/li>\n<li>die sch\u00e4dlichen Auswirkungen von elektrischen Ger\u00e4ten auf die Umwelt blockieren,<\/li>\n<li>verbessert den Schlaf und beseitigt Probleme mit chronischer Schlaflosigkeit,<\/li>\n<li>die Kraft der Meditation steigern,<\/li>\n<li>die Verbindung mit den Leitern verst\u00e4rken,<\/li>\n<li>eine wohltuende Wirkung auf Pflanzen und Tiere haben,<\/li>\n<li>Verbesserung der Produktivit\u00e4t und Konzentration,<\/li>\n<li>versorgen unsere Zellen mit Orgonenergie mit gesunden Zellen.<\/li>\n<li>Verwendung von Orgon-Discs<\/li>\n<\/ul>\n<p>Wir verwenden Orgonbasen im Haushalt und reinigen damit die Schwingungen in unseren Speisen und Getr\u00e4nken. Wir k\u00f6nnen sie am Arbeitsplatz, unter dem Bett, Pflanzen oder dem Ort, an dem sich unsere Tiere ausruhen, platzieren. Mit ihnen k\u00f6nnen wir Kristalle reinigen, Telefone, Schl\u00fcssel oder andere Gegenst\u00e4nde darauf legen, die wir informieren m\u00f6chten.<\/p>\n<h2>Was ist das Besondere an unseren Orgoniten?<\/h2>\n<ul>\n<li>Handgefertigt in Europa<\/li>\n<li>Nur echte Halbedel- und Edelsteine<\/li>\n<li>Hinweise zum Einsatz von Orgoniten<\/li>\n<li>Jedes Produkt wird mit Hilfe von Kristallgittern und gr\u00f6\u00dferen Orgoniten energetisch gereinigt und programmiert.<\/li>\n<li>Kontaktieren Sie uns, wenn Sie nach ma\u00dfgeschneidertem Orgonit nach Ihrem Geburtshoroskop suchen.<\/li>\n<\/ul>\n<h2>Wie verwenden wir Orgonite?<\/h2>\n<ul>\n<li>Gr\u00f6\u00dfere Orgonite k\u00f6nnen in unserem Haus verteilt werden.<\/li>\n<li>Wir k\u00f6nnen einen bestimmten Orgonit im Schlafzimmer, Arbeitszimmer, K\u00fcche oder Kinderzimmer installieren.<\/li>\n<li>Orgonit kann um den Hals, in der Hosentasche, Handtasche oder im Auto getragen werden.<\/li>\n<li>Wenn wir mehr Energie brauchen, k\u00f6nnen wir uns hinsetzen oder auf eine Orgonscheibe oder einen Sockel treten.<\/li>\n<li>Reinigen und informieren Sie Lebensmittel, Wasser und saubere Schmuckst\u00fccke.<\/li>\n<li>Stellen Sie sie in der N\u00e4he von Tieren, Pflanzen oder im Garten auf.<\/li>\n<li>Legen Sie sie neben frisches Obst oder Gem\u00fcse.<\/li>\n<li>Oder platzieren Sie sie zwischen uns und elektronischen Ger\u00e4ten.<\/li>\n<\/ul>\n","protected":false},"excerpt":{"rendered":"<p>Die extrem leistungsstarke Orgonscheibe zum Schutz des Biofelds enth\u00e4lt verschiedene Kristallgitter zum Schutz, zur Beseitigung von Blockaden und zur Verbindung mit spirituellen F\u00fchrern. Orgonit wird es uns erm\u00f6glichen, auf allen Ebenen des Lebens schnell zu wachsen und Fortschritte zu machen und uns von unerw\u00fcnschten Energien fernzuhalten. Wir k\u00f6nnen darauf sitzen, stehen, Essen oder andere Gegenst\u00e4nde darauf legen. Durchmesser: 180mm.<\/p>\n","protected":false},"featured_media":5562,"comment_status":"open","ping_status":"closed","template":"","meta":{"_monsterinsights_skip_tracking":false,"_monsterinsights_sitenote_active":false,"_monsterinsights_sitenote_note":"","_monsterinsights_sitenote_category":0},"product_brand":[],"product_cat":[150,89],"product_tag":[222,219,218,221,220],"class_list":{"0":"post-5557","1":"product","2":"type-product","3":"status-publish","4":"has-post-thumbnail","6":"product_cat-orgonitscheiben-orgonitplatten","7":"product_cat-orgoniten","8":"product_tag-personliches-wachstum","9":"product_tag-reinigung","10":"product_tag-schutz","11":"product_tag-third-eye-de","12":"product_tag-verbindung-mit-fuhrern","13":"product_shipping_class-lieferung-orgonite","14":"wcpa_has_options","16":"first","17":"instock","18":"sale","19":"shipping-taxable","20":"purchasable","21":"product-type-simple"},"_links":{"self":[{"href":"https:\/\/www.kimstones.com\/de\/wp-json\/wp\/v2\/product\/5557","targetHints":{"allow":["GET"]}}],"collection":[{"href":"https:\/\/www.kimstones.com\/de\/wp-json\/wp\/v2\/product"}],"about":[{"href":"https:\/\/www.kimstones.com\/de\/wp-json\/wp\/v2\/types\/product"}],"replies":[{"embeddable":true,"href":"https:\/\/www.kimstones.com\/de\/wp-json\/wp\/v2\/comments?post=5557"}],"wp:featuredmedia":[{"embeddable":true,"href":"https:\/\/www.kimstones.com\/de\/wp-json\/wp\/v2\/media\/5562"}],"wp:attachment":[{"href":"https:\/\/www.kimstones.com\/de\/wp-json\/wp\/v2\/media?parent=5557"}],"wp:term":[{"taxonomy":"product_brand","embeddable":true,"href":"https:\/\/www.kimstones.com\/de\/wp-json\/wp\/v2\/product_brand?post=5557"},{"taxonomy":"product_cat","embeddable":true,"href":"https:\/\/www.kimstones.com\/de\/wp-json\/wp\/v2\/product_cat?post=5557"},{"taxonomy":"product_tag","embeddable":true,"href":"https:\/\/www.kimstones.com\/de\/wp-json\/wp\/v2\/product_tag?post=5557"}],"curies":[{"name":"wp","href":"https:\/\/api.w.org\/{rel}","templated":true}]}}