{"id":5499,"date":"2021-11-09T12:57:24","date_gmt":"2021-11-09T12:57:24","guid":{"rendered":"https:\/\/www.kimstones.com\/?post_type=product&#038;p=5499"},"modified":"2021-11-17T11:03:14","modified_gmt":"2021-11-17T11:03:14","slug":"orgonitscheibe-mit-einer-blume-des-lebens-und-kristallen-zur-aktivierung-der-chakren-kopija","status":"publish","type":"product","link":"https:\/\/www.kimstones.com\/de\/produkt\/orgonitscheibe-mit-einer-blume-des-lebens-und-kristallen-zur-aktivierung-der-chakren-kopija\/","title":{"rendered":"Orgonitscheibe mit einer Blume des Lebens und Kristallen zur Aktivierung der Chakren"},"content":{"rendered":"<h1>Kristalle in der Orgonscheibe:<\/h1>\n<ul>\n<li>Amethyst ist auf allen Ebenen ein m\u00e4chtiger Schutzstein, der uns mit dem G\u00f6ttlichen verbindet. Es sch\u00e4rft das Bewusstsein f\u00fcr uns selbst und unseren Adel. Es f\u00f6rdert die Intuition, das dritte Auge und die spirituelle Verbindung. Es hilft bei der Heilung von K\u00f6rper, Geist und Seele und bei der pers\u00f6nlichen Transformation. Es regelt Lebensprozesse und unterst\u00fctzt uns in der Kommunikation<\/li>\n<li>Sodalith ist der Stein der Wahrheitssucher, Logiker, Denker, S\u00e4nger und Redner. Es aktiviert das dritte Auge und das Halschakra und stimuliert und verbindet Intuition mit rationalem Denken. Es bringt Frieden, Objektivit\u00e4t und emotionale Unterst\u00fctzung in den Geist. Es wandelt Elektrosmog um, baut Stress ab und f\u00f6rdert die Fl\u00fcssigkeitsaufnahme.<\/li>\n<li>Blauer Apatit ist ein Stein der Manifestation, der uns beim Ausdruck hilft, vor allem wollen wir verstanden werden. Heilt Herzwunden und beseitigt Blockaden bei der Aktivierung des Halschakras. Es verbindet uns mit unseren Guides.<\/li>\n<li>Gr\u00fcnes Aventurin bringt Wohlstand und F\u00fclle und st\u00e4rkt F\u00fchrungsqualit\u00e4ten und aufgeschlossenes Einf\u00fchlungsverm\u00f6gen. Es bringt Gl\u00fcck, steigert Kreativit\u00e4t und Konzentration. Es unterst\u00fctzt das Nervensystem und gleicht das Immunsystem aus.<\/li>\n<li>Gelber Calcit blockiert unangenehme Energien und reinigt die Chakren. Es wirkt sich positiv auf das Selbstwertgef\u00fchl aus, st\u00e4rkt das Selbstbewusstsein und verleiht uns Willenskraft. Unterst\u00fctzt die Magen-Darm-Funktion, reduziert M\u00fcdigkeit.<\/li>\n<li>Karneol versch\u00f6nert das Leben mit Kreativit\u00e4t und aktiviert das erste und zweite Chakra. Es ist ein Stein der Vitalit\u00e4t, Kreativit\u00e4t, Harmonie, Liebe, des Selbstwertgef\u00fchls, der Fruchtbarkeit und des Mutes. Es hilft, Wunden zu heilen und in fr\u00fchere Leben zu reisen.<\/li>\n<li>Roter Achat ist ein Stein der F\u00fclle, Liebe, Gl\u00fcck und Langlebigkeit. Es harmonisiert K\u00f6rper, Geist und Seele und verbessert so Konzentration, Pr\u00e4senz und Analysef\u00e4higkeit. Empfohlen f\u00fcr schwangere Frauen. Es beruhigt innere Wut und Aggression und beruhigt.<\/li>\n<\/ul>\n<p><em>Eine Orgonscheibe oder ein Podest reinigt den Raum und f\u00fcllt ihn mit Orgonenergie, einer subtilen Lebensenergie, die wir heutzutage mehr denn je brauchen. Mehrschichtige Orgonit-Basen f\u00fcllen ihre Umgebung mit positiven Hochschwingungen und Lebensenergie. Es kann als Podest f\u00fcr unsere Speisen und Getr\u00e4nke verwendet werden. Sie k\u00f6nnen darauf sitzen, es unter Ihre F\u00fc\u00dfe legen, auf Ihren Schreibtisch legen oder auf den Boden eines Whirlpools stellen.<\/em><\/p>\n<h2>Auswirkungen von Orgonitscheiben:<\/h2>\n<ul>\n<li>Sie harmonisieren die Energie von Objekten und der Umgebung, in der wir sie platzieren,<\/li>\n<li>die sch\u00e4dlichen Auswirkungen von elektrischen Ger\u00e4ten auf die Umwelt blockieren,<\/li>\n<li>verbessert den Schlaf und beseitigt Probleme mit chronischer Schlaflosigkeit,<\/li>\n<li>die Kraft der Meditation steigern,<\/li>\n<li>die Verbindung mit den Leitern verst\u00e4rken,<\/li>\n<li>eine wohltuende Wirkung auf Pflanzen und Tiere haben,<\/li>\n<li>Verbesserung der Produktivit\u00e4t und Konzentration,<\/li>\n<li>versorgen unsere Zellen mit Orgonenergie mit gesunden Zellen.<\/li>\n<li>Verwendung von Orgon-Discs<\/li>\n<\/ul>\n<p>Wir verwenden Orgonbasen im Haushalt und reinigen damit die Schwingungen in unseren Speisen und Getr\u00e4nken. Wir k\u00f6nnen sie am Arbeitsplatz, unter dem Bett, Pflanzen oder dem Ort, an dem sich unsere Tiere ausruhen, platzieren. Mit ihnen k\u00f6nnen wir Kristalle reinigen, Telefone, Schl\u00fcssel oder andere Gegenst\u00e4nde darauf legen, die wir informieren m\u00f6chten.<\/p>\n<h2>Was ist das Besondere an unseren Orgoniten?<\/h2>\n<ul>\n<li>Handgefertigt in Europa<\/li>\n<li>Nur echte Halbedel- und Edelsteine<\/li>\n<li>Hinweise zum Einsatz von Orgoniten<\/li>\n<li>Jedes Produkt wird mit Hilfe von Kristallgittern und gr\u00f6\u00dferen Orgoniten energetisch gereinigt und programmiert.<\/li>\n<li>Kontaktieren Sie uns, wenn Sie nach ma\u00dfgeschneidertem Orgonit nach Ihrem Geburtshoroskop suchen.<\/li>\n<\/ul>\n<h2>Wie verwenden wir Orgonite?<\/h2>\n<ul>\n<li>Gr\u00f6\u00dfere Orgonite k\u00f6nnen in unserem Haus verteilt werden.<\/li>\n<li>Wir k\u00f6nnen einen bestimmten Orgonit im Schlafzimmer, Arbeitszimmer, K\u00fcche oder Kinderzimmer installieren.<\/li>\n<li>Orgonit kann um den Hals, in der Hosentasche, Handtasche oder im Auto getragen werden.<\/li>\n<li>Wenn wir mehr Energie brauchen, k\u00f6nnen wir uns hinsetzen oder auf eine Orgonscheibe oder einen Sockel treten.<\/li>\n<li>Reinigen und informieren Sie Lebensmittel, Wasser und saubere Schmuckst\u00fccke.<\/li>\n<li>Stellen Sie sie in der N\u00e4he von Tieren, Pflanzen oder im Garten auf.<\/li>\n<li>Legen Sie sie neben frisches Obst oder Gem\u00fcse.<\/li>\n<li>Oder platzieren Sie sie zwischen uns und elektronischen Ger\u00e4ten.<\/li>\n<\/ul>\n","protected":false},"excerpt":{"rendered":"<p>Die Orgonscheibe verbessert durch die Harmonisierung des Biofeldes das Wohlbefinden von Menschen, Tieren und Pflanzen in ihrer Umgebung. Es f\u00fcllt den Raum mit Lebensenergie und reinigt dank des Kristallwirbels aktiv alle unsere Chakren. Wir k\u00f6nnen darauf sitzen, es unter unsere F\u00fc\u00dfe legen oder uns in den Energiezentren bewegen, die wir revitalisieren m\u00f6chten. Durchmesser: 180mm.<\/p>\n","protected":false},"featured_media":5504,"comment_status":"open","ping_status":"closed","template":"","meta":{"_monsterinsights_skip_tracking":false,"_monsterinsights_sitenote_active":false,"_monsterinsights_sitenote_note":"","_monsterinsights_sitenote_category":0},"product_brand":[],"product_cat":[150,89],"product_tag":[219,218],"class_list":{"0":"post-5499","1":"product","2":"type-product","3":"status-publish","4":"has-post-thumbnail","6":"product_cat-orgonitscheiben-orgonitplatten","7":"product_cat-orgoniten","8":"product_tag-reinigung","9":"product_tag-schutz","10":"product_shipping_class-lieferung-orgonite","11":"wcpa_has_options","13":"first","14":"instock","15":"sale","16":"shipping-taxable","17":"purchasable","18":"product-type-simple"},"_links":{"self":[{"href":"https:\/\/www.kimstones.com\/de\/wp-json\/wp\/v2\/product\/5499","targetHints":{"allow":["GET"]}}],"collection":[{"href":"https:\/\/www.kimstones.com\/de\/wp-json\/wp\/v2\/product"}],"about":[{"href":"https:\/\/www.kimstones.com\/de\/wp-json\/wp\/v2\/types\/product"}],"replies":[{"embeddable":true,"href":"https:\/\/www.kimstones.com\/de\/wp-json\/wp\/v2\/comments?post=5499"}],"wp:featuredmedia":[{"embeddable":true,"href":"https:\/\/www.kimstones.com\/de\/wp-json\/wp\/v2\/media\/5504"}],"wp:attachment":[{"href":"https:\/\/www.kimstones.com\/de\/wp-json\/wp\/v2\/media?parent=5499"}],"wp:term":[{"taxonomy":"product_brand","embeddable":true,"href":"https:\/\/www.kimstones.com\/de\/wp-json\/wp\/v2\/product_brand?post=5499"},{"taxonomy":"product_cat","embeddable":true,"href":"https:\/\/www.kimstones.com\/de\/wp-json\/wp\/v2\/product_cat?post=5499"},{"taxonomy":"product_tag","embeddable":true,"href":"https:\/\/www.kimstones.com\/de\/wp-json\/wp\/v2\/product_tag?post=5499"}],"curies":[{"name":"wp","href":"https:\/\/api.w.org\/{rel}","templated":true}]}}