{"id":5479,"date":"2021-10-21T15:48:05","date_gmt":"2021-10-21T15:48:05","guid":{"rendered":"https:\/\/www.kimstones.com\/izdelek\/orgonit-sockel-mit-einer-blume-des-lebens-und-einer-kristallkette\/"},"modified":"2021-10-28T20:07:59","modified_gmt":"2021-10-28T20:07:59","slug":"orgonitscheibe-zum-schutz-und-zur-reinigung-der-chakren","status":"publish","type":"product","link":"https:\/\/www.kimstones.com\/de\/produkt\/orgonitscheibe-zum-schutz-und-zur-reinigung-der-chakren\/","title":{"rendered":"Orgonscheibe mit Kristallspange und Blume des Lebens"},"content":{"rendered":"<h2><span style=\"font-weight: 400;\">Kristalle in einer Orgonscheibe:<\/span><\/h2>\n<ul>\n<li style=\"font-weight: 400;\" aria-level=\"1\"><span style=\"font-weight: 400;\">Flussjaspis ist ein Schutzstein, der vor \u00c4ngsten und Albtr\u00e4umen sch\u00fctzt. Es verbindet sich mit der Erde und erf\u00fcllt sie mit Mut. Wie ein Fluss der Liebe verwandelt und reinigt er die Wunden der Vergangenheit<\/span><\/li>\n<li style=\"font-weight: 400;\" aria-level=\"1\"><span style=\"font-weight: 400;\">Karneol versch\u00f6nert das Leben mit Kreativit\u00e4t und aktiviert das erste und zweite Chakra. Es ist ein Stein der Vitalit\u00e4t, Kreativit\u00e4t, Harmonie, Liebe, des Selbstwertgef\u00fchls, der Fruchtbarkeit und des Mutes. Es hilft, Wunden zu heilen und in fr\u00fchere Leben zu reisen.<\/span><\/li>\n<li style=\"font-weight: 400;\" aria-level=\"1\"><span style=\"font-weight: 400;\">Gelber Calcit blockiert unangenehme Energien und reinigt die Chakren. Es wirkt sich positiv auf das Selbstwertgef\u00fchl aus, st\u00e4rkt das Selbstbewusstsein und verleiht uns Willenskraft. Unterst\u00fctzt die Magen-Darm-Funktion, reduziert M\u00fcdigkeit.<\/span><\/li>\n<li style=\"font-weight: 400;\" aria-level=\"1\"><span style=\"font-weight: 400;\">Gr\u00fcner Jaspis erweckt Frieden, Weisheit und Mitgef\u00fchl zum Leben. Es balanciert auf dem ersten und Herzchakra, ist voll und heilt mit Liebe. Es verbindet unsere beiden Pole und st\u00e4rkt das Gef\u00fchl der bedingungslosen Liebe.<\/span><\/li>\n<li style=\"font-weight: 400;\" aria-level=\"1\"><span style=\"font-weight: 400;\">Angelite verbindet sich mit h\u00f6heren Schwingungen, erweitert das Bewusstsein, f\u00f6rdert die Kreativit\u00e4t, bringt Einsichten, Kl\u00e4rungen. Es aktiviert die oberen drei Chakren und \u00f6ffnet die T\u00fcr zu astralen und spirituellen Reisen. Es hat die F\u00e4higkeit, Energie zu kanalisieren und ist bei Heilern, K\u00fcnstlern, Architekten, Ingenieuren und Erfindern beliebt.<\/span><\/li>\n<li style=\"font-weight: 400;\" aria-level=\"1\"><span style=\"font-weight: 400;\">Sodalith ist der Stein der Wahrheitssucher, Logiker, Denker, S\u00e4nger und Redner. Es aktiviert das dritte Auge und das Halschakra und stimuliert und verbindet Intuition mit rationalem Denken. Es bringt Frieden, Objektivit\u00e4t und emotionale Unterst\u00fctzung in den Geist. Es wandelt Elektrosmog um, baut Stress ab und f\u00f6rdert die Fl\u00fcssigkeitsaufnahme.<\/span><\/li>\n<li style=\"font-weight: 400;\" aria-level=\"1\"><span style=\"font-weight: 400;\">Amethyst ist ein m\u00e4chtiger Schutzstein auf allen Ebenen. Es sch\u00e4rft das Bewusstsein f\u00fcr uns selbst und unseren Adel. Es f\u00f6rdert die Intuition, das dritte Auge und die spirituelle Verbindung. Es hilft bei der Heilung von K\u00f6rper, Geist und Seele und bei der pers\u00f6nlichen Transformation. Es regelt Lebensprozesse und unterst\u00fctzt uns in der Kommunikation.<\/span><\/li>\n<li style=\"font-weight: 400;\" aria-level=\"1\"><span style=\"font-weight: 400;\">Verwendung von Orgonplatten<\/span><\/li>\n<\/ul>\n<h2><\/h2>\n<p><span style=\"font-weight: 400;\">Wir verwenden Orgonscheiben im Haushalt oder B\u00fcro, um schlechte Energien zu entfernen und gezielt die Schwingungen in unseren Speisen und Getr\u00e4nken zu reinigen. Wir k\u00f6nnen die Scheibe unter den B\u00fcrotisch, unter das Bett, Pflanzen oder den Platz legen, wo unsere Tiere ruhen. Mit ihnen k\u00f6nnen wir Kristalle reinigen, Telefone, Schl\u00fcssel oder andere Gegenst\u00e4nde darauf legen. Wir k\u00f6nnen auf der Platte sitzen, wenn wir um F\u00fchrung oder schnelle Verj\u00fcngung bitten.<\/span><\/p>\n<h2><\/h2>\n<p><span style=\"font-weight: 400;\">Die Orgonscheibe reinigt den Raum und f\u00fcllt ihn mit Orgonenergie, die uns unsere Lebenskraft gibt. Mehrschichtige Orgonitscheiben enthalten Schichten, die negative Energie absorbieren, umwandeln und den Raum mit hohen Schwingungen f\u00fcllen. Eine Orgonscheibe ist ein Orgonenergieharmonisierer, der \u00e4hnlich wie eine Orgonpyramide funktioniert.<\/span><\/p>\n<h2><\/h2>\n<h2><span style=\"font-weight: 400;\">Orgon-Disk-Effekte:<\/span><\/h2>\n<ul>\n<li style=\"font-weight: 400;\" aria-level=\"1\"><span style=\"font-weight: 400;\">harmonisiert die Lebensenergie von Wesen, Objekten und der Umgebung, wo wir sie platzieren<\/span><\/li>\n<li style=\"font-weight: 400;\" aria-level=\"1\"><span style=\"font-weight: 400;\">blockiert die sch\u00e4dlichen Auswirkungen von Elektroger\u00e4ten auf die Umwelt<\/span><\/li>\n<li style=\"font-weight: 400;\" aria-level=\"1\"><span style=\"font-weight: 400;\">steigert die Ausdruckskraft und das Verst\u00e4ndnis<\/span><\/li>\n<li style=\"font-weight: 400;\" aria-level=\"1\"><span style=\"font-weight: 400;\">die Verbindung mit den Guides und die Pr\u00e4senz verbessern<\/span><\/li>\n<li style=\"font-weight: 400;\" aria-level=\"1\"><span style=\"font-weight: 400;\">beschleunigen das Pflanzenwachstum und reinigen das Wasser<\/span><\/li>\n<li style=\"font-weight: 400;\" aria-level=\"1\"><span style=\"font-weight: 400;\">Produktivit\u00e4t und Konzentration steigern<\/span><\/li>\n<li style=\"font-weight: 400;\" aria-level=\"1\"><span style=\"font-weight: 400;\">f\u00f6rdern die Vitalit\u00e4t auf zellul\u00e4rer Ebene<\/span><\/li>\n<\/ul>\n","protected":false},"excerpt":{"rendered":"<p>Orgonscheibe f\u00fcr Schutz auf allen Ebenen, Chakra-Reinigung und Energiearbeit. Es steigert Ausdruck, Kommunikation, sch\u00fctzt vor b\u00f6sen Gedanken und erh\u00f6ht die Schwingung in jeder Zelle unseres K\u00f6rpers. Durchmesser: 180mm.<\/p>\n","protected":false},"featured_media":5475,"comment_status":"open","ping_status":"closed","template":"","meta":{"_monsterinsights_skip_tracking":false,"_monsterinsights_sitenote_active":false,"_monsterinsights_sitenote_note":"","_monsterinsights_sitenote_category":0},"product_brand":[],"product_cat":[150,89],"product_tag":[219,218],"class_list":{"0":"post-5479","1":"product","2":"type-product","3":"status-publish","4":"has-post-thumbnail","6":"product_cat-orgonitscheiben-orgonitplatten","7":"product_cat-orgoniten","8":"product_tag-reinigung","9":"product_tag-schutz","10":"product_shipping_class-lieferung-orgonite","11":"wcpa_has_options","13":"first","14":"instock","15":"sale","16":"shipping-taxable","17":"purchasable","18":"product-type-simple"},"_links":{"self":[{"href":"https:\/\/www.kimstones.com\/de\/wp-json\/wp\/v2\/product\/5479","targetHints":{"allow":["GET"]}}],"collection":[{"href":"https:\/\/www.kimstones.com\/de\/wp-json\/wp\/v2\/product"}],"about":[{"href":"https:\/\/www.kimstones.com\/de\/wp-json\/wp\/v2\/types\/product"}],"replies":[{"embeddable":true,"href":"https:\/\/www.kimstones.com\/de\/wp-json\/wp\/v2\/comments?post=5479"}],"wp:featuredmedia":[{"embeddable":true,"href":"https:\/\/www.kimstones.com\/de\/wp-json\/wp\/v2\/media\/5475"}],"wp:attachment":[{"href":"https:\/\/www.kimstones.com\/de\/wp-json\/wp\/v2\/media?parent=5479"}],"wp:term":[{"taxonomy":"product_brand","embeddable":true,"href":"https:\/\/www.kimstones.com\/de\/wp-json\/wp\/v2\/product_brand?post=5479"},{"taxonomy":"product_cat","embeddable":true,"href":"https:\/\/www.kimstones.com\/de\/wp-json\/wp\/v2\/product_cat?post=5479"},{"taxonomy":"product_tag","embeddable":true,"href":"https:\/\/www.kimstones.com\/de\/wp-json\/wp\/v2\/product_tag?post=5479"}],"curies":[{"name":"wp","href":"https:\/\/api.w.org\/{rel}","templated":true}]}}