{"id":5377,"date":"2021-01-18T10:38:07","date_gmt":"2021-01-18T10:38:07","guid":{"rendered":"https:\/\/www.kimstones.com\/izdelek\/atlantis-kraftstab-mit-edelsteinen-und-halbedelsteinen\/"},"modified":"2025-07-26T09:01:16","modified_gmt":"2025-07-26T09:01:16","slug":"atlantis-kraftstab-mit-edelsteinen-und-halbedelsteinen","status":"publish","type":"product","link":"https:\/\/www.kimstones.com\/de\/produkt\/atlantis-kraftstab-mit-edelsteinen-und-halbedelsteinen\/","title":{"rendered":"Atlantis Kraftstab mit Edelsteinen und Halbedelsteinen"},"content":{"rendered":"","protected":false},"excerpt":{"rendered":"<p>Der atlantische Kraftstab enth\u00e4lt nur die Essenz der alten fortgeschrittenen Wissenschaft. Das einzige, was sich durch den Energiestab bewegt, ist Energie. Es arbeitet mit der genauen Leistung und Effizienz, die dem Benutzer bekannt ist. Sobald die Herstellung des Stabes abgeschlossen ist, beginnt er im passiven Modus zu arbeiten und strahlt Energie in alle Richtungen vom Kristall ab. Wenn der Bediener es durch Zeigen und Denken \/ Visualisieren lenkt, reflektiert der blau-wei\u00dfe Energiestrahl vom Punkt des Kristalls am Ende in diese Richtung. Der Gedanke schaltet den Stab von passiver Strahlungsenergie auf aktive Strahlenergie um. Die Intensit\u00e4t und Entfernung des Strahls werden durch eine Kombination von Gedanken bestimmt, die die Emotionen des einzelnen Bedieners verst\u00e4rken. Diese Werkzeuge mit Kristallenergie in den H\u00e4nden eines erfahrenen Bedieners k\u00f6nnen Raum und Zeit erreichen und sowohl Energie als auch Materie auf subatomarer Ebene umwandeln. Die Umwandlung radioaktiver Substanzen in harmlose Elemente ist jetzt m\u00f6glich, ebenso wie die Entfernung anderer sch\u00e4dlicher Substanzen wie giftiger Chemikalien, schmutziger Luft, verschmutzter Lebensmittel und Wasser, sogar der Erde selbst. Diese Transmutationen sind v\u00f6llig nat\u00fcrliche Prozesse. Die Erde wird sich im Laufe der Zeit zerstreuen, verwandeln und reinigen. Diese Kraftst\u00e4be beschleunigen lediglich normale Prozesse. Der Kristallkraftstab ist eigentlich ein Miniatur-Linearbeschleuniger. Seine Energie wandert auch durch alle Materialien: Erde, Holz, Metall, Beton und Weltraum. F\u00fcr alle 7 Chakren befinden sich 7 Steine auf dem Stock. Ich w\u00e4hle diese Steine f\u00fcr Sie basierend auf Ihrer Geburtsurkunde. Zus\u00e4tzlich zum Stock erhalten Sie ein Video dar\u00fcber, wie der Stick verwendet wird und was damit gemacht werden kann. Auf dem Stick befinden sich 3 Edelsteine und 4 Halbedelsteine.<\/p>\n","protected":false},"featured_media":4059,"comment_status":"open","ping_status":"closed","template":"","meta":{"_monsterinsights_skip_tracking":false,"_monsterinsights_sitenote_active":false,"_monsterinsights_sitenote_note":"","_monsterinsights_sitenote_category":0},"product_brand":[],"product_cat":[100],"product_tag":[],"class_list":{"0":"post-5377","1":"product","2":"type-product","3":"status-publish","4":"has-post-thumbnail","6":"product_cat-atlantis-orgonit-zauberstab","7":"wcpa_has_options","9":"first","10":"instock","11":"sale","12":"shipping-taxable","13":"purchasable","14":"product-type-simple"},"_links":{"self":[{"href":"https:\/\/www.kimstones.com\/de\/wp-json\/wp\/v2\/product\/5377","targetHints":{"allow":["GET"]}}],"collection":[{"href":"https:\/\/www.kimstones.com\/de\/wp-json\/wp\/v2\/product"}],"about":[{"href":"https:\/\/www.kimstones.com\/de\/wp-json\/wp\/v2\/types\/product"}],"replies":[{"embeddable":true,"href":"https:\/\/www.kimstones.com\/de\/wp-json\/wp\/v2\/comments?post=5377"}],"wp:featuredmedia":[{"embeddable":true,"href":"https:\/\/www.kimstones.com\/de\/wp-json\/wp\/v2\/media\/4059"}],"wp:attachment":[{"href":"https:\/\/www.kimstones.com\/de\/wp-json\/wp\/v2\/media?parent=5377"}],"wp:term":[{"taxonomy":"product_brand","embeddable":true,"href":"https:\/\/www.kimstones.com\/de\/wp-json\/wp\/v2\/product_brand?post=5377"},{"taxonomy":"product_cat","embeddable":true,"href":"https:\/\/www.kimstones.com\/de\/wp-json\/wp\/v2\/product_cat?post=5377"},{"taxonomy":"product_tag","embeddable":true,"href":"https:\/\/www.kimstones.com\/de\/wp-json\/wp\/v2\/product_tag?post=5377"}],"curies":[{"name":"wp","href":"https:\/\/api.w.org\/{rel}","templated":true}]}}