{"id":5374,"date":"2021-01-21T20:40:00","date_gmt":"2021-01-21T20:40:00","guid":{"rendered":"https:\/\/www.kimstones.com\/izdelek\/armband-gegen-angste-und-depressionen\/"},"modified":"2025-07-26T09:01:16","modified_gmt":"2025-07-26T09:01:16","slug":"armband-gegen-angste-und-depressionen","status":"publish","type":"product","link":"https:\/\/www.kimstones.com\/de\/produkt\/armband-gegen-angste-und-depressionen\/","title":{"rendered":"Armband gegen \u00c4ngste und Depressionen"},"content":{"rendered":"","protected":false},"excerpt":{"rendered":"<p>Dieses Armband ist nach den pers\u00f6nlichen \u00c4ngsten aus Ihrem Geburtshoroskop und nach den Lebensbereichen, die Sie zu depressiven Zust\u00e4nden f\u00fchren, personalisiert.\u00a0Es deckt alle Aspekte Ihres Geburtshoroskops ab, was zu \u00c4ngsten und Depressionen f\u00fchrt.\u00a0Das Armband besteht gem\u00e4\u00df Ihrer Geburtsurkunde aus personalisierten Steinen, die Ihnen helfen, sich Ihren \u00c4ngsten zu stellen, Sie in eine bessere Stimmung zu versetzen und letztendlich Ihre eigenen \u00c4ngste zu \u00fcberwinden.<\/p>\n","protected":false},"featured_media":4274,"comment_status":"open","ping_status":"closed","template":"","meta":{"_monsterinsights_skip_tracking":false,"_monsterinsights_sitenote_active":false,"_monsterinsights_sitenote_note":"","_monsterinsights_sitenote_category":0},"product_brand":[],"product_cat":[88],"product_tag":[],"class_list":{"0":"post-5374","1":"product","2":"type-product","3":"status-publish","4":"has-post-thumbnail","6":"product_cat-armbaender-mit-edelsteinen-und-halbedelsteinen","7":"wcpa_has_options","9":"first","10":"instock","11":"sale","12":"shipping-taxable","13":"purchasable","14":"product-type-simple"},"_links":{"self":[{"href":"https:\/\/www.kimstones.com\/de\/wp-json\/wp\/v2\/product\/5374","targetHints":{"allow":["GET"]}}],"collection":[{"href":"https:\/\/www.kimstones.com\/de\/wp-json\/wp\/v2\/product"}],"about":[{"href":"https:\/\/www.kimstones.com\/de\/wp-json\/wp\/v2\/types\/product"}],"replies":[{"embeddable":true,"href":"https:\/\/www.kimstones.com\/de\/wp-json\/wp\/v2\/comments?post=5374"}],"wp:featuredmedia":[{"embeddable":true,"href":"https:\/\/www.kimstones.com\/de\/wp-json\/wp\/v2\/media\/4274"}],"wp:attachment":[{"href":"https:\/\/www.kimstones.com\/de\/wp-json\/wp\/v2\/media?parent=5374"}],"wp:term":[{"taxonomy":"product_brand","embeddable":true,"href":"https:\/\/www.kimstones.com\/de\/wp-json\/wp\/v2\/product_brand?post=5374"},{"taxonomy":"product_cat","embeddable":true,"href":"https:\/\/www.kimstones.com\/de\/wp-json\/wp\/v2\/product_cat?post=5374"},{"taxonomy":"product_tag","embeddable":true,"href":"https:\/\/www.kimstones.com\/de\/wp-json\/wp\/v2\/product_tag?post=5374"}],"curies":[{"name":"wp","href":"https:\/\/api.w.org\/{rel}","templated":true}]}}