{"id":4219,"date":"2020-11-11T08:31:11","date_gmt":"2020-11-11T08:31:11","guid":{"rendered":"https:\/\/www.kimstones.com\/izdelek\/turkisfarbener-anhanger\/"},"modified":"2020-11-11T08:31:11","modified_gmt":"2020-11-11T08:31:11","slug":"turkisfarbener-anhanger","status":"publish","type":"product","link":"https:\/\/www.kimstones.com\/de\/produkt\/turkisfarbener-anhanger\/","title":{"rendered":"T\u00fcrkisfarbener Anh\u00e4nger"},"content":{"rendered":"","protected":false},"excerpt":{"rendered":"<p>\ud83c\udf38T\u00fcrkis gilt als Stein der spirituellen Orientierung und hilft, sehr effektiv zu kommunizieren. Es hilft auch, m\u00e4nnliche und weibliche Aspekte in Einklang zu bringen.<\/p>\n<p>\ud83c\udf38Diese blauen Steine werden seit tausend Jahren verwendet und sind die ersten, aus denen Schmuck hergestellt wurde. Die nat\u00fcrliche Energie dieser Steine hilft, ohne L\u00fcgen und Wendungen zu kommunizieren. Sie erm\u00f6glichen Gespr\u00e4che mit Offenheit und Einf\u00fchlungsverm\u00f6gen.<\/p>\n<p>\ud83c\udf38Sie haben einen starken Einfluss auf das Hals-Chakra und k\u00f6nnen dazu beitragen, hellseherische F\u00e4higkeiten auszudr\u00fccken. T\u00fcrkise geben Zugang zu Wissen aus der Vergangenheit.<\/p>\n<p>\ud83c\udf38Ihre Energie hilft und hilft Ihnen, sich ruhig und entspannt zu f\u00fchlen, wenn Sie in der \u00d6ffentlichkeit auftreten.<\/p>\n<p>\ud83c\udf38Die Energie dieses Steins wirkt auf unterschiedliche Weise, in unterschiedlichen Chakren und f\u00fchrt ein reales und ganzes Leben.<\/p>\n<p>\ud83c\udf38Wenn Sie eine sch\u00fcchterne Person sind, kann dies Ihnen helfen, ein aktiveres Gespr\u00e4ch zu f\u00fchren und sich dar\u00fcber im Klaren zu sein, wann es hilfreich ist, eine bestimmte Sache zu sagen.<\/p>\n<p>\ud83c\udf38W\u00e4hrend der Meditation ist es gut, es auf das 6. Chakra zu legen, da es bei hellseherischen F\u00e4higkeiten hilft.<\/p>\n<p>\ud83c\udf38Die Energie von t\u00fcrkisfarbenen Steinen erm\u00f6glicht es Ihnen auch, Ihre Intuition auf einer viel st\u00e4rkeren Ebene zu entwickeln.<\/p>\n<p>\ud83c\udf38Im Gegensatz zu vielen Steinen, die im Chakra des dritten Auges verwendet werden k\u00f6nnen, bleiben Sie w\u00e4hrend der Verwendung ziemlich geerdet. Sie verbergen wohltuende Energie f\u00fcr die spirituelle Erdung.<\/p>\n<p>\ud83c\udf38Es vermittelt ein Gef\u00fchl der tiefen Ruhe am ganzen K\u00f6rper und kann helfen, emotionale Probleme, Stress und Stimmungsschwankungen zu behandeln.<\/p>\n<p>Seit der Antike sind sie als starke Schutzsteine bekannt, und ihre psychischen Schutzschwingungen sind sehr beruhigend.<\/p>\n<p>\ud83c\udf38Es erm\u00f6glicht ein tieferes Bewusstsein f\u00fcr den Fluss von Leben zu Leben. Es hilft zu bestimmen, was Ihr aktueller Zweck in einer bestimmten Situation ist.<\/p>\n<p>\ud83c\udf38W\u00e4hrend der Meditation hilft es positiv, vergangene Leben zu erkunden und mehr Klarheit im Geist zu schaffen.<\/p>\n<p>\ud83c\udf38Die Schwingung dieses Steins ist im Herzchakra stark, da sie sicherstellt, dass die Liebesenergie durch alles flie\u00dft, was Sie tun.<\/p>\n<p>\ud83c\udf38Mehr gr\u00fcn gef\u00e4rbte t\u00fcrkisfarbene Kristalle k\u00f6nnen die Energie auf Herzbasis verbessern.<\/p>\n<p>In der Antike stellten M\u00e4nner Schutzamulette aus Stein her, da sie bekannterma\u00dfen starke Schutzeigenschaften hatten.<\/p>\n<p>\ud83c\udf38Shamaner haben sie in allen Altersgruppen verwendet, da ihre ausgepr\u00e4gten Schwingungen als sehr sch\u00fctzend und sehr stark bekannt waren.<\/p>\n<p>\ud83c\udf38T\u00fcrkisfarbene Steine sind ausgezeichnete Heilkristalle, die seit der Antike f\u00fcr diesen Zweck verwendet werden. Es ist bekannt, dass sie es dem K\u00f6rper erm\u00f6glichen, viele verschiedene Krankheiten zu behandeln.<\/p>\n","protected":false},"featured_media":3982,"comment_status":"open","ping_status":"closed","template":"","meta":{"_monsterinsights_skip_tracking":false,"_monsterinsights_sitenote_active":false,"_monsterinsights_sitenote_note":"","_monsterinsights_sitenote_category":0},"product_brand":[],"product_cat":[42],"product_tag":[],"class_list":{"0":"post-4219","1":"product","2":"type-product","3":"status-publish","4":"has-post-thumbnail","6":"product_cat-nekategorizirano","8":"first","9":"instock","10":"sale","11":"shipping-taxable","12":"purchasable","13":"product-type-simple"},"_links":{"self":[{"href":"https:\/\/www.kimstones.com\/de\/wp-json\/wp\/v2\/product\/4219","targetHints":{"allow":["GET"]}}],"collection":[{"href":"https:\/\/www.kimstones.com\/de\/wp-json\/wp\/v2\/product"}],"about":[{"href":"https:\/\/www.kimstones.com\/de\/wp-json\/wp\/v2\/types\/product"}],"replies":[{"embeddable":true,"href":"https:\/\/www.kimstones.com\/de\/wp-json\/wp\/v2\/comments?post=4219"}],"wp:featuredmedia":[{"embeddable":true,"href":"https:\/\/www.kimstones.com\/de\/wp-json\/wp\/v2\/media\/3982"}],"wp:attachment":[{"href":"https:\/\/www.kimstones.com\/de\/wp-json\/wp\/v2\/media?parent=4219"}],"wp:term":[{"taxonomy":"product_brand","embeddable":true,"href":"https:\/\/www.kimstones.com\/de\/wp-json\/wp\/v2\/product_brand?post=4219"},{"taxonomy":"product_cat","embeddable":true,"href":"https:\/\/www.kimstones.com\/de\/wp-json\/wp\/v2\/product_cat?post=4219"},{"taxonomy":"product_tag","embeddable":true,"href":"https:\/\/www.kimstones.com\/de\/wp-json\/wp\/v2\/product_tag?post=4219"}],"curies":[{"name":"wp","href":"https:\/\/api.w.org\/{rel}","templated":true}]}}