{"id":4215,"date":"2020-11-11T13:43:16","date_gmt":"2020-11-11T13:43:16","guid":{"rendered":"https:\/\/www.kimstones.com\/izdelek\/blauer-topasanhanger-4\/"},"modified":"2020-11-11T13:43:16","modified_gmt":"2020-11-11T13:43:16","slug":"blauer-topasanhanger-4","status":"publish","type":"product","link":"https:\/\/www.kimstones.com\/de\/produkt\/blauer-topasanhanger-4\/","title":{"rendered":"blauer Topasanh\u00e4nger"},"content":{"rendered":"","protected":false},"excerpt":{"rendered":"<p>\ud83c\udf38Blauer Topas verbessert Ihre F\u00e4higkeit, besser zu kommunizieren und sich sowohl beim Sprechen als auch beim Schreiben sinnvoll auszudr\u00fccken.<br \/>\n\u201eEs wird dir helfen, klar zu sprechen und zu kommunizieren, was vom Geist kommt, auf eine Weise, die andere klar verstehen k\u00f6nnen.<br \/>\n\ud83c\udf38Dies ist ein n\u00fctzlicher Stein bei Problemen mit dem \u00f6ffentlichen Sprechen. Es kann Ihnen auch helfen, besser zu denken und sich auf die Aufgabe zu konzentrieren, die Sie gerade erledigen.<br \/>\n\ud83c\udf38Es ist ein sehr n\u00fctzlicher Stein, besonders wenn Sie Schreibbl\u00f6cke haben oder Ihre Inspiration wiederbeleben oder Ihre Kreativit\u00e4t steigern m\u00fcssen.<br \/>\nBoIt hilft Ihnen auch bei der Entscheidung, welche Art von Job f\u00fcr Sie am besten geeignet ist.<br \/>\n\ud83c\udf38 Hilft Ihnen, Ihren Lebensweg mit Ihren Lieben zu besprechen, da er Ihnen hilft, Ihre Hoffnungen und W\u00fcnsche klar auszudr\u00fccken und von Herzen kommende W\u00fcnsche zu entdecken.<br \/>\n\u201eEs erm\u00f6glicht Ihnen, alle Ihre Handlungen zum h\u00f6chsten Wohl zu machen. Dies schlie\u00dft einen schriftlichen Ausdruck ein.<br \/>\n\ud83c\udf38Es wird von Kristalltherapeuten in K\u00f6rperhaltungen verwendet, da es starke heilende Eigenschaften hat, die bei der Regeneration des physischen K\u00f6rpers helfen.<br \/>\n\ud83c\udf38Wenn Probleme im Hals-Chakra gelindert werden, lindert Blautopas seine \u00fcberaktive Wirkung. Es hilft bei der Wiederherstellung von Halsschmerzen und tr\u00e4gt zur allgemeinen Gesundheit von Hals und Rachen bei.<br \/>\n\ud83c\udf38 Hilft bei einem h\u00f6heren Verst\u00e4ndnis des Lebens und des spirituellen Wachstums<br \/>\nHilft bei der Kommunikation mit den Seelen<\/p>\n","protected":false},"featured_media":4194,"comment_status":"open","ping_status":"closed","template":"","meta":{"_monsterinsights_skip_tracking":false,"_monsterinsights_sitenote_active":false,"_monsterinsights_sitenote_note":"","_monsterinsights_sitenote_category":0},"product_brand":[],"product_cat":[42],"product_tag":[],"class_list":{"0":"post-4215","1":"product","2":"type-product","3":"status-publish","4":"has-post-thumbnail","6":"product_cat-nekategorizirano","8":"first","9":"instock","10":"sale","11":"shipping-taxable","12":"purchasable","13":"product-type-simple"},"_links":{"self":[{"href":"https:\/\/www.kimstones.com\/de\/wp-json\/wp\/v2\/product\/4215","targetHints":{"allow":["GET"]}}],"collection":[{"href":"https:\/\/www.kimstones.com\/de\/wp-json\/wp\/v2\/product"}],"about":[{"href":"https:\/\/www.kimstones.com\/de\/wp-json\/wp\/v2\/types\/product"}],"replies":[{"embeddable":true,"href":"https:\/\/www.kimstones.com\/de\/wp-json\/wp\/v2\/comments?post=4215"}],"wp:featuredmedia":[{"embeddable":true,"href":"https:\/\/www.kimstones.com\/de\/wp-json\/wp\/v2\/media\/4194"}],"wp:attachment":[{"href":"https:\/\/www.kimstones.com\/de\/wp-json\/wp\/v2\/media?parent=4215"}],"wp:term":[{"taxonomy":"product_brand","embeddable":true,"href":"https:\/\/www.kimstones.com\/de\/wp-json\/wp\/v2\/product_brand?post=4215"},{"taxonomy":"product_cat","embeddable":true,"href":"https:\/\/www.kimstones.com\/de\/wp-json\/wp\/v2\/product_cat?post=4215"},{"taxonomy":"product_tag","embeddable":true,"href":"https:\/\/www.kimstones.com\/de\/wp-json\/wp\/v2\/product_tag?post=4215"}],"curies":[{"name":"wp","href":"https:\/\/api.w.org\/{rel}","templated":true}]}}