{"id":4209,"date":"2020-11-11T21:19:02","date_gmt":"2020-11-11T21:19:02","guid":{"rendered":"https:\/\/www.kimstones.com\/izdelek\/larimar-anhanger\/"},"modified":"2020-11-11T21:19:02","modified_gmt":"2020-11-11T21:19:02","slug":"larimar-anhanger","status":"publish","type":"product","link":"https:\/\/www.kimstones.com\/de\/produkt\/larimar-anhanger\/","title":{"rendered":"Larimar  Anh\u00e4nger"},"content":{"rendered":"","protected":false},"excerpt":{"rendered":"<p>Larimar<br \/>\n\ud83d\udc49Diese Schwingung \u00f6ffnet die T\u00fcr zur Energie einer g\u00f6ttlichen Frau, mit der Sie Ihre Gef\u00fchle beruhigen und heilen und Stress abbauen k\u00f6nnen.<br \/>\n\ud83d\udc49Es hat eine ausgepr\u00e4gte Schwingung, die es Ihnen erm\u00f6glicht, klarer zu kommunizieren, und aufgrund seiner herzbasierten Energie hilft es Ihnen, \u00fcber Ihre Emotionen zu sprechen.<br \/>\n\ud83d\udc49Es ist ein sehr spiritueller Stein, der effektiv wirkt, vom Herzchakra bis zum Kronenchakra, einschlie\u00dflich des h\u00f6heren Herzens, was dem Mitgef\u00fchl hilft.<br \/>\n\ud83d\udc49 Hilft bei der Freisetzung gespeicherter negativer Emotionen wie zorniger Gedanken, Schmerzged\u00e4chtnisse und anderer sch\u00e4dlicher Emotionen, die Ihnen nicht zugute kommen.<br \/>\n\ud83d\udc49 Sie sind ausgezeichnete Heilkristalle, da sie viele vorteilhafte heilende Eigenschaften haben, unter anderem durch die Behandlung von Fieber, Infektionen und Entz\u00fcndungen<br \/>\n\ud83d\udc49Es ist bekannt, dass es hilft, Energieblockaden zu beseitigen, insbesondere in Hals, Brust, Nacken und Kopf.<br \/>\n\ud83d\udc49 Hilft bei Blutdruckproblemen und lindert Infektionen in Brust, Rachen und Kopf.<br \/>\nJeIt ist sehr gut, um es auf den entz\u00fcndeten Bereich zu legen, um Ihnen zu helfen, zu heilen.<br \/>\nVielleicht hilft es Ihnen, kreative Wege zu finden, um Ihren spirituellen Zweck in dieser Inkarnation zu verwirklichen, da es die spirituelle Wahrnehmung f\u00f6rdert.<\/p>\n","protected":false},"featured_media":4165,"comment_status":"open","ping_status":"closed","template":"","meta":{"_monsterinsights_skip_tracking":false,"_monsterinsights_sitenote_active":false,"_monsterinsights_sitenote_note":"","_monsterinsights_sitenote_category":0},"product_brand":[],"product_cat":[42],"product_tag":[],"class_list":{"0":"post-4209","1":"product","2":"type-product","3":"status-publish","4":"has-post-thumbnail","6":"product_cat-nekategorizirano","8":"first","9":"instock","10":"sale","11":"shipping-taxable","12":"purchasable","13":"product-type-simple"},"_links":{"self":[{"href":"https:\/\/www.kimstones.com\/de\/wp-json\/wp\/v2\/product\/4209","targetHints":{"allow":["GET"]}}],"collection":[{"href":"https:\/\/www.kimstones.com\/de\/wp-json\/wp\/v2\/product"}],"about":[{"href":"https:\/\/www.kimstones.com\/de\/wp-json\/wp\/v2\/types\/product"}],"replies":[{"embeddable":true,"href":"https:\/\/www.kimstones.com\/de\/wp-json\/wp\/v2\/comments?post=4209"}],"wp:featuredmedia":[{"embeddable":true,"href":"https:\/\/www.kimstones.com\/de\/wp-json\/wp\/v2\/media\/4165"}],"wp:attachment":[{"href":"https:\/\/www.kimstones.com\/de\/wp-json\/wp\/v2\/media?parent=4209"}],"wp:term":[{"taxonomy":"product_brand","embeddable":true,"href":"https:\/\/www.kimstones.com\/de\/wp-json\/wp\/v2\/product_brand?post=4209"},{"taxonomy":"product_cat","embeddable":true,"href":"https:\/\/www.kimstones.com\/de\/wp-json\/wp\/v2\/product_cat?post=4209"},{"taxonomy":"product_tag","embeddable":true,"href":"https:\/\/www.kimstones.com\/de\/wp-json\/wp\/v2\/product_tag?post=4209"}],"curies":[{"name":"wp","href":"https:\/\/api.w.org\/{rel}","templated":true}]}}