{"id":4205,"date":"2020-06-22T13:10:03","date_gmt":"2020-06-22T13:10:03","guid":{"rendered":"https:\/\/www.kimstones.com\/izdelek\/tansanit-anhanger-3\/"},"modified":"2020-06-22T13:10:03","modified_gmt":"2020-06-22T13:10:03","slug":"tansanit-anhanger-3","status":"publish","type":"product","link":"https:\/\/www.kimstones.com\/de\/produkt\/tansanit-anhanger-3\/","title":{"rendered":"Tansanit Anh\u00e4nger"},"content":{"rendered":"","protected":false},"excerpt":{"rendered":"<p>Tansanit<\/p>\n<p>Tansanitkristalle sind an ihrer tiefblauen und violetten Farbe zu erkennen. Sie sind Zoisit-Mineralien, haben eine ziemlich hohe Schwingung und werden als Transformationssteine bezeichnet.<\/p>\n<p>\ud83c\udf38Es ist ein Stein, der verwendet werden kann, um das spirituelle Wachstum zu beschleunigen, da er Ihren Geist in direkte Harmonie mit der Energie des Herzchakras bringt.<\/p>\n<p>OmenDie Bedeutung des Namens des tansanitischen Edelsteins bezieht sich auf den Ort des einzigen Ortes auf der Welt, an dem er gefunden wird, n\u00e4mlich im afrikanischen Tansania.<\/p>\n<p>\ud83c\udf38Tanzanit geh\u00f6rt zur Familie der Zoisit-Kristalle und ist auch eine Art Epidot.<\/p>\n<p>\ud83c\udf38Diese sch\u00f6nen lila-blauen Steine aktivieren haupts\u00e4chlich das Herzchakra, das \u00fcber das Hals-Chakra mit dem sechsten Chakra verbunden ist.<br \/>\nDiese Verbindung der drei Chakren ist eine starke Schwingung, die Ihnen eine v\u00f6llig neue Sichtweise auf die Welt er\u00f6ffnet.<\/p>\n<p>\ud83c\udf38Tanzanitkristalle stellen in dir eine Verbindung zum h\u00f6heren Herzchakra her. Es ist bekannt, dass es bei vielen Menschen ein unglaubliches Gef\u00fchl g\u00f6ttlicher Liebe hervorruft.<\/p>\n<p>Da das Hals-Chakra ebenfalls an dem Prozess beteiligt ist, werden Ihre Kommunikationsf\u00e4higkeiten verbessert.<\/p>\n<p>\ud83c\udf38Wenn Sie diesen lila Stein in der Meditation verwenden, k\u00f6nnen Sie eine lila Flamme verwenden, um Ihre Heilung zu verbessern.<\/p>\n<p>Diese wunderbare und kraftvolle Energie bringt die Kraft des g\u00f6ttlichen Geistes und den Prozess der spirituellen Erleuchtung. Diese spirituellen Eigenschaften geben dem lila Kristall einen starken Vorteil f\u00fcr das spirituelle Wachstum.<\/p>\n<p>\ud83c\udf38Es ist ein starker Stein, der hilft, Kontakt mit Ihrem F\u00fchrer aufzunehmen.<\/p>\n<p>\ud83c\udf38Diese Energie wirkt sich positiv auf die Steigerung verschiedener Gehirnf\u00e4higkeiten aus, die auf Sprache oder Mathematik basieren.<\/p>\n<p>\ud83c\udf38 Wenn Sie es w\u00e4hrend der Meditation als Hilfsmittel w\u00e4hlen, wird empfohlen, es den ganzen Tag zu tragen. Es ist auch hilfreich, es im Schlaf in Ihrer N\u00e4he zu halten.<\/p>\n<p>\u201eSeine kraftvolle Energie wird helfen, das dritte Auge zu \u00f6ffnen und dein spirituelles Erwachen zu unterst\u00fctzen. Es geh\u00f6rt zur Gruppe der starken Steine mit Kristallenergie und kann mit anderen aus dieser Gruppe verwendet werden.<\/p>\n<p>\ud83c\udf38Dieser Stein ist ein m\u00e4chtiges Werkzeug der Transformation, das Ihnen hilft, karmische Probleme zu heilen, die Sie m\u00f6glicherweise nicht kennen. Tansanit ist ein so starker Stein, dass Sie immer Erdsteine verwenden sollten, wenn Sie damit arbeiten.<\/p>\n<p>\ud83c\udf38Wenn Sie eine gro\u00dfe Ver\u00e4nderung in Ihrem Leben erleben m\u00f6chten, m\u00fcssen Sie irgendwann beginnen. Alles kann mit der Verwendung dieses sch\u00f6nen Kristalls beginnen<\/p>\n","protected":false},"featured_media":4206,"comment_status":"open","ping_status":"closed","template":"","meta":{"_monsterinsights_skip_tracking":false,"_monsterinsights_sitenote_active":false,"_monsterinsights_sitenote_note":"","_monsterinsights_sitenote_category":0},"product_brand":[],"product_cat":[42],"product_tag":[],"class_list":{"0":"post-4205","1":"product","2":"type-product","3":"status-publish","4":"has-post-thumbnail","6":"product_cat-nekategorizirano","8":"first","9":"instock","10":"sale","11":"shipping-taxable","12":"purchasable","13":"product-type-simple"},"_links":{"self":[{"href":"https:\/\/www.kimstones.com\/de\/wp-json\/wp\/v2\/product\/4205","targetHints":{"allow":["GET"]}}],"collection":[{"href":"https:\/\/www.kimstones.com\/de\/wp-json\/wp\/v2\/product"}],"about":[{"href":"https:\/\/www.kimstones.com\/de\/wp-json\/wp\/v2\/types\/product"}],"replies":[{"embeddable":true,"href":"https:\/\/www.kimstones.com\/de\/wp-json\/wp\/v2\/comments?post=4205"}],"wp:featuredmedia":[{"embeddable":true,"href":"https:\/\/www.kimstones.com\/de\/wp-json\/wp\/v2\/media\/4206"}],"wp:attachment":[{"href":"https:\/\/www.kimstones.com\/de\/wp-json\/wp\/v2\/media?parent=4205"}],"wp:term":[{"taxonomy":"product_brand","embeddable":true,"href":"https:\/\/www.kimstones.com\/de\/wp-json\/wp\/v2\/product_brand?post=4205"},{"taxonomy":"product_cat","embeddable":true,"href":"https:\/\/www.kimstones.com\/de\/wp-json\/wp\/v2\/product_cat?post=4205"},{"taxonomy":"product_tag","embeddable":true,"href":"https:\/\/www.kimstones.com\/de\/wp-json\/wp\/v2\/product_tag?post=4205"}],"curies":[{"name":"wp","href":"https:\/\/api.w.org\/{rel}","templated":true}]}}