{"id":4157,"date":"2020-11-11T21:14:05","date_gmt":"2020-11-11T21:14:05","guid":{"rendered":"https:\/\/www.kimstones.com\/izdelek\/silberner-rubinanhanger-3\/"},"modified":"2020-11-11T21:14:05","modified_gmt":"2020-11-11T21:14:05","slug":"silberner-rubinanhanger-3","status":"publish","type":"product","link":"https:\/\/www.kimstones.com\/de\/produkt\/silberner-rubinanhanger-3\/","title":{"rendered":"Silberner Rubinanh\u00e4nger"},"content":{"rendered":"","protected":false},"excerpt":{"rendered":"<p>EINIGE EIGENSCHAFTEN \u00dcBER RUBIN:<\/p>\n<p>Das Wort Rubin kommt vom lateinischen Wort Ruber &#8211; was rot bedeutet. Es ist ein seltener Edelstein, der nur in bestimmten Teilen der Welt gefunden wird. Rubin ist ein Schutzstein \/ Juwel des Hauses, des Eigentums, der Kinder und des psychologischen Besch\u00fctzers. Es soll auch vor Unf\u00e4llen und Blitzen sch\u00fctzen. Es hilft uns, uns leichter an unsere Tr\u00e4ume zu erinnern. Rubin war lange Zeit auch ein Stein, der Leidenschaften und Romantik in der Liebe und im Leben steigerte. Es ist im Allgemeinen ein Stein mit positiven Einfl\u00fcssen, ein m\u00e4chtiges Werkzeug, das Albtr\u00e4ume, \u00c4ngste und Zweifel reduziert, wenn es Sie auf den richtigen Weg bringt.<\/p>\n<p>Rubin ist ein ausgezeichneter Stein f\u00fcr Energie, erh\u00f6ht die Vitalit\u00e4t des Lebens, beseitigt Ersch\u00f6pfung und Lethargie und lindert Hyperaktivit\u00e4t. Es ist ein sozialer Stein, der das andere Geschlecht anzieht. Ruby f\u00f6rdert eine Leidenschaft f\u00fcr das Leben, aber niemals auf destruktive Weise. Es verbessert die Motivation und setzt realistische Ziele. Es stimuliert das Herzchakra und reguliert das Herz. Der Stein ist ein starker Schutzschild gegen psychische Angriffe und Vampirismus der Herzensenergie. Die sch\u00fctzende Wirkung dieses Steins besteht darin, dass Sie in Streitigkeiten oder Kontroversen verbal st\u00e4rker sind. Ruby f\u00f6rdert positive Tr\u00e4ume und eine klare Visualisierung, stimuliert die Zirbeldr\u00fcse.<\/p>\n<p>Dieser rote Stein ist ein Symbol des Lebens. Es reduziert auch Wechseljahrsprobleme und niedrigen Blutdruck, beseitigt M\u00fcdigkeit, st\u00e4rkt das Immunsystem, &#8230; hilft bei An\u00e4mie. Es heilt Infektionen, Milz, Leuk\u00e4mie, regt den Stoffwechsel an und reguliert die Verdauung. Es lindert Blutungen und schmerzhafte Menstruation. Rubin st\u00e4rkt auch die Sinne, gibt Kraft und gibt dem Leben jedes Einzelnen Energie zur\u00fcck. Es wirkt sich auch positiv auf Liebesbeziehungen aus.<\/p>\n<p>Die wichtigsten Rubinvorkommen sind Myanmar, Sri Lanka und Thailand.<\/p>\n","protected":false},"featured_media":4158,"comment_status":"open","ping_status":"closed","template":"","meta":{"_monsterinsights_skip_tracking":false,"_monsterinsights_sitenote_active":false,"_monsterinsights_sitenote_note":"","_monsterinsights_sitenote_category":0},"product_brand":[],"product_cat":[42],"product_tag":[],"class_list":{"0":"post-4157","1":"product","2":"type-product","3":"status-publish","4":"has-post-thumbnail","6":"product_cat-nekategorizirano","8":"first","9":"instock","10":"sale","11":"shipping-taxable","12":"purchasable","13":"product-type-simple"},"_links":{"self":[{"href":"https:\/\/www.kimstones.com\/de\/wp-json\/wp\/v2\/product\/4157","targetHints":{"allow":["GET"]}}],"collection":[{"href":"https:\/\/www.kimstones.com\/de\/wp-json\/wp\/v2\/product"}],"about":[{"href":"https:\/\/www.kimstones.com\/de\/wp-json\/wp\/v2\/types\/product"}],"replies":[{"embeddable":true,"href":"https:\/\/www.kimstones.com\/de\/wp-json\/wp\/v2\/comments?post=4157"}],"wp:featuredmedia":[{"embeddable":true,"href":"https:\/\/www.kimstones.com\/de\/wp-json\/wp\/v2\/media\/4158"}],"wp:attachment":[{"href":"https:\/\/www.kimstones.com\/de\/wp-json\/wp\/v2\/media?parent=4157"}],"wp:term":[{"taxonomy":"product_brand","embeddable":true,"href":"https:\/\/www.kimstones.com\/de\/wp-json\/wp\/v2\/product_brand?post=4157"},{"taxonomy":"product_cat","embeddable":true,"href":"https:\/\/www.kimstones.com\/de\/wp-json\/wp\/v2\/product_cat?post=4157"},{"taxonomy":"product_tag","embeddable":true,"href":"https:\/\/www.kimstones.com\/de\/wp-json\/wp\/v2\/product_tag?post=4157"}],"curies":[{"name":"wp","href":"https:\/\/api.w.org\/{rel}","templated":true}]}}