{"id":4149,"date":"2017-12-11T12:11:48","date_gmt":"2017-12-11T12:11:48","guid":{"rendered":"https:\/\/www.kimstones.com\/izdelek\/silber-smaragd-anhanger\/"},"modified":"2025-11-27T11:40:30","modified_gmt":"2025-11-27T11:40:30","slug":"silber-smaragd-anhanger","status":"publish","type":"product","link":"https:\/\/www.kimstones.com\/de\/produkt\/silber-smaragd-anhanger\/","title":{"rendered":"Silber Smaragd Anh\u00e4nger"},"content":{"rendered":"","protected":false},"excerpt":{"rendered":"<p>Der Smaragd ist der Stein des Herzens, weil er Barmherzigkeit, Mitgef\u00fchl und universelle Liebe symbolisiert. Es repr\u00e4sentiert all die wunderbaren Dinge auf dieser Welt und wie sie alle mit Liebe zusammenh\u00e4ngen.<\/p>\n<p>\ud83c\udf38Es wird dir zeigen, wie du gl\u00fccklich und erf\u00fcllt bleiben kannst, wenn du allein bist!<\/p>\n<p>\ud83c\udf38Gr\u00fcn in Smaragd verk\u00f6rpert den Respekt, den wir f\u00fcr das Leben und die Sch\u00f6pfung haben sollten.<\/p>\n<p>\ud83c\udf38Dies gibt Ihnen ein st\u00e4rkeres Verantwortungsbewusstsein, nur das zu bekommen, was Sie brauchen, und das zur\u00fcckzugeben, was Sie genommen haben, damit das Gleichgewicht nicht gest\u00f6rt wird.<\/p>\n<p>\ud83c\udf38Die Energien dieses Steins werden Sie dazu inspirieren, ein harmonischeres, gro\u00dfz\u00fcgigeres, r\u00fccksichtsvolleres und liebevolleres Leben zu f\u00fchren.<\/p>\n<p>\ud83c\udf38Smaragd beruhigt starke oder aufgeregte Emotionen und erzeugt positive Energien, die Ihnen helfen, Blockaden zu beseitigen. Diese Blockaden hindern Sie daran, Ihr Potenzial auszusch\u00f6pfen!<\/p>\n<p>\u201eSmaragd ist nicht nur eine gro\u00dfartige Form des Stressabbaus, es verbessert auch Ihr Ged\u00e4chtnis und gibt Ihnen geistige Klarheit.<\/p>\n<p>\ud83c\udf38Dieser Stein gibt Ihnen ein besseres Verst\u00e4ndnis daf\u00fcr, wie das Leben funktioniert und wie Sie Ihr Leben leben.<\/p>\n<p>\ud83c\udf38Dieser Stein hilft Ihnen, sich auf die Dinge zu konzentrieren, die Sie wirklich im Leben wollen, und hilft Ihnen, sie wahr werden zu lassen!<\/p>\n<p>\ud83c\udf38Dieser Stein symbolisiert auch Jugend und Verj\u00fcngung.<\/p>\n<p>Smaragd ist auch ein Stein, der Sie vor Negativit\u00e4t sch\u00fctzt.<\/p>\n<p>\u201eSelbst die positivsten Menschen sind nicht resistent gegen negative Energien, aber dieser Stein kann Negativit\u00e4t zur\u00fcckhalten!<\/p>\n<p>\ud83c\udf38Die heilenden Eigenschaften von Smaragden k\u00f6nnen helfen, den Augeninnendruck zu regulieren und Verdauungsprobleme zu behandeln. Es ist auch bekannt, dass es bei Epilepsie und Multipler Sklerose wirksam ist.<\/p>\n<p>Es kann bei Parkinson, Depressionen und Paranoia helfen.<\/p>\n<p>\ud83c\udf38Smaragd-Energien k\u00f6nnen auch das Herz sch\u00fctzen, den Blutdruck regulieren, Entz\u00fcndungen reduzieren und Infektionen verhindern.<\/p>\n<p>\ud83c\udf38Es ist auch ein ausgezeichneter Stein, der bei Fruchtbarkeitsproblemen helfen kann.<\/p>\n<p>\ud83c\udf38Dieser Stein f\u00f6rdert das physische, emotionale, mentale und spirituelle Gleichgewicht. Wenn alles koordiniert und harmonisch ist, k\u00f6nnen Sie eine einfachere und aufschlussreichere Existenz genie\u00dfen.<\/p>\n<p>\u201eEin Smaragd ist ein Liebessucher. Er ist auch als Offenbarer der Wahrheit bekannt.<\/p>\n<p>\u201eAufgrund dieser smaragdgr\u00fcnen Eigenschaften ist dieser Edelstein seit langem ein Geschenk eines Liebhabers an einen anderen als Geste unsterblicher Loyalit\u00e4t und Hingabe.<\/p>\n<p>\ud83c\udf38Wenn Sie smaragdgr\u00fcne Energien haben, werden Sie inspiriert sein, alles mit Liebe und Ehrlichkeit zu tun.<\/p>\n<p>\ud83c\udf38Wenn Sie diesen sch\u00f6nen gr\u00fcnen Stein in Ihrem Leben haben, werden Sie mehr Liebe, Leidenschaft und Bedeutung in einer romantischen Beziehung genie\u00dfen.<\/p>\n<p>\ud83c\udf38Emerald erh\u00f6ht das Energieniveau im K\u00f6rper und erh\u00f6ht den Energiefluss zwischen den unteren und oberen Chakren.<\/p>\n","protected":false},"featured_media":3784,"comment_status":"open","ping_status":"closed","template":"","meta":{"_monsterinsights_skip_tracking":false,"_monsterinsights_sitenote_active":false,"_monsterinsights_sitenote_note":"","_monsterinsights_sitenote_category":0},"product_brand":[],"product_cat":[42],"product_tag":[],"class_list":{"0":"post-4149","1":"product","2":"type-product","3":"status-publish","4":"has-post-thumbnail","6":"product_cat-nekategorizirano","7":"wcpa_has_options","9":"first","10":"instock","11":"sold-individually","12":"shipping-taxable","13":"product-type-variable"},"_links":{"self":[{"href":"https:\/\/www.kimstones.com\/de\/wp-json\/wp\/v2\/product\/4149","targetHints":{"allow":["GET"]}}],"collection":[{"href":"https:\/\/www.kimstones.com\/de\/wp-json\/wp\/v2\/product"}],"about":[{"href":"https:\/\/www.kimstones.com\/de\/wp-json\/wp\/v2\/types\/product"}],"replies":[{"embeddable":true,"href":"https:\/\/www.kimstones.com\/de\/wp-json\/wp\/v2\/comments?post=4149"}],"wp:featuredmedia":[{"embeddable":true,"href":"https:\/\/www.kimstones.com\/de\/wp-json\/wp\/v2\/media\/3784"}],"wp:attachment":[{"href":"https:\/\/www.kimstones.com\/de\/wp-json\/wp\/v2\/media?parent=4149"}],"wp:term":[{"taxonomy":"product_brand","embeddable":true,"href":"https:\/\/www.kimstones.com\/de\/wp-json\/wp\/v2\/product_brand?post=4149"},{"taxonomy":"product_cat","embeddable":true,"href":"https:\/\/www.kimstones.com\/de\/wp-json\/wp\/v2\/product_cat?post=4149"},{"taxonomy":"product_tag","embeddable":true,"href":"https:\/\/www.kimstones.com\/de\/wp-json\/wp\/v2\/product_tag?post=4149"}],"curies":[{"name":"wp","href":"https:\/\/api.w.org\/{rel}","templated":true}]}}