{"id":4138,"date":"2017-03-24T21:29:29","date_gmt":"2017-03-24T21:29:29","guid":{"rendered":"https:\/\/www.kimstones.com\/izdelek\/abnehmen-armband\/"},"modified":"2017-03-24T21:29:29","modified_gmt":"2017-03-24T21:29:29","slug":"abnehmen-armband","status":"publish","type":"product","link":"https:\/\/www.kimstones.com\/de\/produkt\/abnehmen-armband\/","title":{"rendered":"Abnehmen Armband"},"content":{"rendered":"","protected":false},"excerpt":{"rendered":"<p>Es gibt unz\u00e4hlige Gr\u00fcnde f\u00fcr \u00dcbergewicht. Einige hatten ihr ganzes Leben lang Probleme damit, andere nur zu bestimmten Zeiten. In der Geburtsurkunde ist dies an den sekund\u00e4ren Fortschritten und Transiten zu erkennen, die in diesem Armband behandelt werden. Das Armband wird durch Steine erg\u00e4nzt, um den Appetit zu reduzieren, eine bessere Verdauung, eine gesunde Ern\u00e4hrung und Steine, um sich in Ihrer Haut und Ihrem Gl\u00fcck besser zu f\u00fchlen. <\/p>\n<p>Hinweis: Die Armb\u00e4nder sind gem\u00e4\u00df Ihrer Geburtsurkunde personalisiert, sodass sie von den Armb\u00e4ndern auf dem Foto abweichen k\u00f6nnen.<\/p>\n","protected":false},"featured_media":4297,"comment_status":"open","ping_status":"closed","template":"","meta":{"_monsterinsights_skip_tracking":false,"_monsterinsights_sitenote_active":false,"_monsterinsights_sitenote_note":"","_monsterinsights_sitenote_category":0},"product_brand":[],"product_cat":[90],"product_tag":[],"class_list":{"0":"post-4138","1":"product","2":"type-product","3":"status-publish","4":"has-post-thumbnail","6":"product_cat-armbaender","7":"wcpa_has_options","9":"first","10":"instock","11":"sale","12":"shipping-taxable","13":"purchasable","14":"product-type-simple"},"_links":{"self":[{"href":"https:\/\/www.kimstones.com\/de\/wp-json\/wp\/v2\/product\/4138","targetHints":{"allow":["GET"]}}],"collection":[{"href":"https:\/\/www.kimstones.com\/de\/wp-json\/wp\/v2\/product"}],"about":[{"href":"https:\/\/www.kimstones.com\/de\/wp-json\/wp\/v2\/types\/product"}],"replies":[{"embeddable":true,"href":"https:\/\/www.kimstones.com\/de\/wp-json\/wp\/v2\/comments?post=4138"}],"wp:featuredmedia":[{"embeddable":true,"href":"https:\/\/www.kimstones.com\/de\/wp-json\/wp\/v2\/media\/4297"}],"wp:attachment":[{"href":"https:\/\/www.kimstones.com\/de\/wp-json\/wp\/v2\/media?parent=4138"}],"wp:term":[{"taxonomy":"product_brand","embeddable":true,"href":"https:\/\/www.kimstones.com\/de\/wp-json\/wp\/v2\/product_brand?post=4138"},{"taxonomy":"product_cat","embeddable":true,"href":"https:\/\/www.kimstones.com\/de\/wp-json\/wp\/v2\/product_cat?post=4138"},{"taxonomy":"product_tag","embeddable":true,"href":"https:\/\/www.kimstones.com\/de\/wp-json\/wp\/v2\/product_tag?post=4138"}],"curies":[{"name":"wp","href":"https:\/\/api.w.org\/{rel}","templated":true}]}}