{"id":4136,"date":"2017-03-24T21:27:16","date_gmt":"2017-03-24T21:27:16","guid":{"rendered":"https:\/\/www.kimstones.com\/izdelek\/armband-fur-geld-selbstvertrauen-und-karriere\/"},"modified":"2017-03-24T21:27:16","modified_gmt":"2017-03-24T21:27:16","slug":"armband-fur-geld-selbstvertrauen-und-karriere","status":"publish","type":"product","link":"https:\/\/www.kimstones.com\/de\/produkt\/armband-fur-geld-selbstvertrauen-und-karriere\/","title":{"rendered":"Armband f\u00fcr Geld, Selbstvertrauen und Karriere"},"content":{"rendered":"","protected":false},"excerpt":{"rendered":"<p>Dieses Armband deckt verschiedene Aspekte Ihres Geburtshoroskops ab: Finanzen, Karriere und Ihre Sonne &#8211; die Quelle Ihres Selbstbewusstseins. Das Armband wird erg\u00e4nzt durch Steine f\u00fcr Kreativit\u00e4t, Ausdauer, Selbstvertrauen und leichteres Erreichen von Zielen sowie Steine, die Geld anziehen. <\/p>\n<p>Hinweis: Die Armb\u00e4nder werden gem\u00e4\u00df Ihrer Geburtsurkunde personalisiert, sodass sie von den Armb\u00e4ndern auf dem Foto abweichen k\u00f6nnen.<\/p>\n","protected":false},"featured_media":4270,"comment_status":"open","ping_status":"closed","template":"","meta":{"_monsterinsights_skip_tracking":false,"_monsterinsights_sitenote_active":false,"_monsterinsights_sitenote_note":"","_monsterinsights_sitenote_category":0},"product_brand":[],"product_cat":[90],"product_tag":[],"class_list":{"0":"post-4136","1":"product","2":"type-product","3":"status-publish","4":"has-post-thumbnail","6":"product_cat-armbaender","7":"wcpa_has_options","9":"first","10":"instock","11":"sale","12":"shipping-taxable","13":"purchasable","14":"product-type-simple"},"_links":{"self":[{"href":"https:\/\/www.kimstones.com\/de\/wp-json\/wp\/v2\/product\/4136","targetHints":{"allow":["GET"]}}],"collection":[{"href":"https:\/\/www.kimstones.com\/de\/wp-json\/wp\/v2\/product"}],"about":[{"href":"https:\/\/www.kimstones.com\/de\/wp-json\/wp\/v2\/types\/product"}],"replies":[{"embeddable":true,"href":"https:\/\/www.kimstones.com\/de\/wp-json\/wp\/v2\/comments?post=4136"}],"wp:featuredmedia":[{"embeddable":true,"href":"https:\/\/www.kimstones.com\/de\/wp-json\/wp\/v2\/media\/4270"}],"wp:attachment":[{"href":"https:\/\/www.kimstones.com\/de\/wp-json\/wp\/v2\/media?parent=4136"}],"wp:term":[{"taxonomy":"product_brand","embeddable":true,"href":"https:\/\/www.kimstones.com\/de\/wp-json\/wp\/v2\/product_brand?post=4136"},{"taxonomy":"product_cat","embeddable":true,"href":"https:\/\/www.kimstones.com\/de\/wp-json\/wp\/v2\/product_cat?post=4136"},{"taxonomy":"product_tag","embeddable":true,"href":"https:\/\/www.kimstones.com\/de\/wp-json\/wp\/v2\/product_tag?post=4136"}],"curies":[{"name":"wp","href":"https:\/\/api.w.org\/{rel}","templated":true}]}}