{"id":4134,"date":"2017-03-24T21:26:19","date_gmt":"2017-03-24T21:26:19","guid":{"rendered":"https:\/\/www.kimstones.com\/izdelek\/ein-armband-fur-die-liebe\/"},"modified":"2025-08-25T10:21:59","modified_gmt":"2025-08-25T10:21:59","slug":"ein-armband-fur-die-liebe","status":"publish","type":"product","link":"https:\/\/www.kimstones.com\/de\/produkt\/ein-armband-fur-die-liebe\/","title":{"rendered":"Ein Armband f\u00fcr die Liebe"},"content":{"rendered":"","protected":false},"excerpt":{"rendered":"<p>Das Armband f\u00f6rdert in erster Linie die Liebe zu sich selbst, da dies eine Voraussetzung daf\u00fcr ist, dass wir beginnen, die Liebe anderer auch in unser Leben zu ziehen. Das Armband deckt Aspekte von Emotionen und Beziehungen aus Ihrem Geburtshoroskop ab. Es wird erg\u00e4nzt durch Steine f\u00fcr Selbstakzeptanz, Frieden und Harmonie mit sich selbst und Steine, die einen Seelenverwandten in Ihr Leben ziehen. <\/p>\n<p>Hinweis: Die Armb\u00e4nder werden gem\u00e4\u00df Ihrer Geburtsurkunde personalisiert, sodass sie von den Armb\u00e4ndern auf dem Foto abweichen k\u00f6nnen.<\/p>\n","protected":false},"featured_media":4278,"comment_status":"open","ping_status":"closed","template":"","meta":{"_monsterinsights_skip_tracking":false,"_monsterinsights_sitenote_active":false,"_monsterinsights_sitenote_note":"","_monsterinsights_sitenote_category":0},"product_brand":[],"product_cat":[90],"product_tag":[],"class_list":{"0":"post-4134","1":"product","2":"type-product","3":"status-publish","4":"has-post-thumbnail","6":"product_cat-armbaender","7":"wcpa_has_options","9":"first","10":"instock","11":"sale","12":"shipping-taxable","13":"purchasable","14":"product-type-simple"},"_links":{"self":[{"href":"https:\/\/www.kimstones.com\/de\/wp-json\/wp\/v2\/product\/4134","targetHints":{"allow":["GET"]}}],"collection":[{"href":"https:\/\/www.kimstones.com\/de\/wp-json\/wp\/v2\/product"}],"about":[{"href":"https:\/\/www.kimstones.com\/de\/wp-json\/wp\/v2\/types\/product"}],"replies":[{"embeddable":true,"href":"https:\/\/www.kimstones.com\/de\/wp-json\/wp\/v2\/comments?post=4134"}],"wp:featuredmedia":[{"embeddable":true,"href":"https:\/\/www.kimstones.com\/de\/wp-json\/wp\/v2\/media\/4278"}],"wp:attachment":[{"href":"https:\/\/www.kimstones.com\/de\/wp-json\/wp\/v2\/media?parent=4134"}],"wp:term":[{"taxonomy":"product_brand","embeddable":true,"href":"https:\/\/www.kimstones.com\/de\/wp-json\/wp\/v2\/product_brand?post=4134"},{"taxonomy":"product_cat","embeddable":true,"href":"https:\/\/www.kimstones.com\/de\/wp-json\/wp\/v2\/product_cat?post=4134"},{"taxonomy":"product_tag","embeddable":true,"href":"https:\/\/www.kimstones.com\/de\/wp-json\/wp\/v2\/product_tag?post=4134"}],"curies":[{"name":"wp","href":"https:\/\/api.w.org\/{rel}","templated":true}]}}