{"id":4132,"date":"2017-03-24T21:22:23","date_gmt":"2017-03-24T21:22:23","guid":{"rendered":"https:\/\/www.kimstones.com\/izdelek\/gesundheitsarmband\/"},"modified":"2017-03-24T21:22:23","modified_gmt":"2017-03-24T21:22:23","slug":"gesundheitsarmband","status":"publish","type":"product","link":"https:\/\/www.kimstones.com\/de\/produkt\/gesundheitsarmband\/","title":{"rendered":"Gesundheitsarmband"},"content":{"rendered":"","protected":false},"excerpt":{"rendered":"<p>Dieses Armband ist auf die Krankheit und die Gesundheitsprobleme des Einzelnen zugeschnitten. Es besteht aus Steinen, die die Gesundheitsaspekte Ihres Geburtshoroskops abdecken, und Steinen, die sich positiv auf die L\u00f6sung des Krankheitsursprungs und der Gesundheitsprobleme auswirken. <\/p>\n<p>Ein Armband kann Steine f\u00fcr bis zu vier Gesundheitsprobleme enthalten, die bei der Bestellung aufgef\u00fchrt werden m\u00fcssen. <\/p>\n<p>Hinweis: Die Armb\u00e4nder werden gem\u00e4\u00df Ihrer Geburtsurkunde personalisiert, sodass sie von den Armb\u00e4ndern auf dem Foto abweichen k\u00f6nnen.<\/p>\n","protected":false},"featured_media":4290,"comment_status":"open","ping_status":"closed","template":"","meta":{"_monsterinsights_skip_tracking":false,"_monsterinsights_sitenote_active":false,"_monsterinsights_sitenote_note":"","_monsterinsights_sitenote_category":0},"product_brand":[],"product_cat":[90],"product_tag":[],"class_list":{"0":"post-4132","1":"product","2":"type-product","3":"status-publish","4":"has-post-thumbnail","6":"product_cat-armbaender","7":"wcpa_has_options","9":"first","10":"instock","11":"sale","12":"shipping-taxable","13":"purchasable","14":"product-type-simple"},"_links":{"self":[{"href":"https:\/\/www.kimstones.com\/de\/wp-json\/wp\/v2\/product\/4132","targetHints":{"allow":["GET"]}}],"collection":[{"href":"https:\/\/www.kimstones.com\/de\/wp-json\/wp\/v2\/product"}],"about":[{"href":"https:\/\/www.kimstones.com\/de\/wp-json\/wp\/v2\/types\/product"}],"replies":[{"embeddable":true,"href":"https:\/\/www.kimstones.com\/de\/wp-json\/wp\/v2\/comments?post=4132"}],"wp:featuredmedia":[{"embeddable":true,"href":"https:\/\/www.kimstones.com\/de\/wp-json\/wp\/v2\/media\/4290"}],"wp:attachment":[{"href":"https:\/\/www.kimstones.com\/de\/wp-json\/wp\/v2\/media?parent=4132"}],"wp:term":[{"taxonomy":"product_brand","embeddable":true,"href":"https:\/\/www.kimstones.com\/de\/wp-json\/wp\/v2\/product_brand?post=4132"},{"taxonomy":"product_cat","embeddable":true,"href":"https:\/\/www.kimstones.com\/de\/wp-json\/wp\/v2\/product_cat?post=4132"},{"taxonomy":"product_tag","embeddable":true,"href":"https:\/\/www.kimstones.com\/de\/wp-json\/wp\/v2\/product_tag?post=4132"}],"curies":[{"name":"wp","href":"https:\/\/api.w.org\/{rel}","templated":true}]}}