{"id":4130,"date":"2017-03-20T22:25:48","date_gmt":"2017-03-20T22:25:48","guid":{"rendered":"https:\/\/www.kimstones.com\/izdelek\/chakra-ausgleichsarmband\/"},"modified":"2017-03-20T22:25:48","modified_gmt":"2017-03-20T22:25:48","slug":"chakra-ausgleichsarmband","status":"publish","type":"product","link":"https:\/\/www.kimstones.com\/de\/produkt\/chakra-ausgleichsarmband\/","title":{"rendered":"Chakra Ausgleichsarmband"},"content":{"rendered":"","protected":false},"excerpt":{"rendered":"<p>Chakren sind wichtige Energiezentren, aus denen unser K\u00f6rper besteht und die es ihm erm\u00f6glichen, sich mit h\u00f6herem Bewusstsein und kosmischer Energie zu verbinden. Jedes Chakra ist mit bestimmten Organen in unserem K\u00f6rper verbunden und f\u00fcr den Energiefluss des K\u00f6rpers sehr wichtig. Verschiedene Faktoren verursachen Blockaden in den Chakren, wobei eines der blockierten Chakren den Energiefluss bereits stark behindert. Wenn wir spirituell wachsen und unsere W\u00fcnsche erf\u00fcllen wollen, ist es notwendig, dass die Chakren ausgeglichen sind. <\/p>\n<p>Das Chakra-Ausgleichsset besteht aus zwei Armb\u00e4ndern, die das gesamte Geburtshoroskop abdecken und die Funktion Ihrer Chakren regulieren. <\/p>\n<p>Hinweis: Die Armb\u00e4nder werden gem\u00e4\u00df Ihrer Geburtsurkunde personalisiert, sodass sie von den Armb\u00e4ndern auf dem Foto abweichen k\u00f6nnen.<\/p>\n","protected":false},"featured_media":4131,"comment_status":"open","ping_status":"closed","template":"","meta":{"_monsterinsights_skip_tracking":false,"_monsterinsights_sitenote_active":false,"_monsterinsights_sitenote_note":"","_monsterinsights_sitenote_category":0},"product_brand":[],"product_cat":[90],"product_tag":[],"class_list":{"0":"post-4130","1":"product","2":"type-product","3":"status-publish","4":"has-post-thumbnail","6":"product_cat-armbaender","7":"wcpa_has_options","9":"first","10":"instock","11":"sale","12":"shipping-taxable","13":"purchasable","14":"product-type-simple"},"_links":{"self":[{"href":"https:\/\/www.kimstones.com\/de\/wp-json\/wp\/v2\/product\/4130","targetHints":{"allow":["GET"]}}],"collection":[{"href":"https:\/\/www.kimstones.com\/de\/wp-json\/wp\/v2\/product"}],"about":[{"href":"https:\/\/www.kimstones.com\/de\/wp-json\/wp\/v2\/types\/product"}],"replies":[{"embeddable":true,"href":"https:\/\/www.kimstones.com\/de\/wp-json\/wp\/v2\/comments?post=4130"}],"wp:featuredmedia":[{"embeddable":true,"href":"https:\/\/www.kimstones.com\/de\/wp-json\/wp\/v2\/media\/4131"}],"wp:attachment":[{"href":"https:\/\/www.kimstones.com\/de\/wp-json\/wp\/v2\/media?parent=4130"}],"wp:term":[{"taxonomy":"product_brand","embeddable":true,"href":"https:\/\/www.kimstones.com\/de\/wp-json\/wp\/v2\/product_brand?post=4130"},{"taxonomy":"product_cat","embeddable":true,"href":"https:\/\/www.kimstones.com\/de\/wp-json\/wp\/v2\/product_cat?post=4130"},{"taxonomy":"product_tag","embeddable":true,"href":"https:\/\/www.kimstones.com\/de\/wp-json\/wp\/v2\/product_tag?post=4130"}],"curies":[{"name":"wp","href":"https:\/\/api.w.org\/{rel}","templated":true}]}}