{"id":4119,"date":"2017-12-11T19:41:37","date_gmt":"2017-12-11T19:41:37","guid":{"rendered":"https:\/\/www.kimstones.com\/izdelek\/liebesarmband-mit-edelsteinen-und-halbedelsteinen\/"},"modified":"2017-12-11T19:41:37","modified_gmt":"2017-12-11T19:41:37","slug":"liebesarmband-mit-edelsteinen-und-halbedelsteinen","status":"publish","type":"product","link":"https:\/\/www.kimstones.com\/de\/produkt\/liebesarmband-mit-edelsteinen-und-halbedelsteinen\/","title":{"rendered":"Liebesarmband mit Edelsteinen und Halbedelsteinen"},"content":{"rendered":"","protected":false},"excerpt":{"rendered":"<p>Das Armband f\u00f6rdert in erster Linie die Liebe zu sich selbst, da dies eine Voraussetzung daf\u00fcr ist, dass wir beginnen, die Liebe anderer auch in unser Leben zu ziehen. Das Armband deckt Aspekte von Emotionen und Beziehungen aus Ihrem Geburtshoroskop ab. Es wird erg\u00e4nzt durch Steine f\u00fcr Selbstakzeptanz, Frieden und Harmonie mit sich selbst und Steine, die einen Seelenverwandten in Ihr Leben ziehen.<\/p>\n<p>Je kostbarer der gew\u00e4hlte Stein ist, desto st\u00e4rker soll das Energiefeld sein und desto eigent\u00fcmlicher sollen die Auswirkungen seiner wohltuenden Strahlung auf die menschliche Aura sein. Nach der Tradition gibt es f\u00fcr jedes Problem einen speziellen Stein, daher haben wir nur die hochwertigsten Steine in dem Armband kombiniert, das wir Ihnen pr\u00e4sentieren.<\/p>\n<p>Das Besondere an Kim Stones-Armb\u00e4ndern ist nach wie vor, dass Ihr Armband einzigartig ist &#8211; es gilt nur f\u00fcr Sie, da es auf der Grundlage Ihrer astrologischen Geburt \/ nat\u00fcrlichen Zeichen (Tag, Monat, Jahr, Stunde, Minute und Geburtsort) hergestellt wird. Anhand der Beschreibungen der Platzierung von Planeten, Sternzeichen, H\u00e4usern und Aspekten k\u00f6nnen Sie herausfinden, welche Ihrer Eigenschaften zu Ihren Gunsten sind und welche besser zu transformieren sind, da Sie Schw\u00e4chen mithilfe von Steinen in Ihre gr\u00f6\u00dften Vorteile verwandeln k\u00f6nnen.<\/p>\n<p>Hinweis: Die Armb\u00e4nder sind gem\u00e4\u00df Ihrer Geburtsurkunde personalisiert, sodass sie von den Armb\u00e4ndern auf dem Foto abweichen k\u00f6nnen.<\/p>\n","protected":false},"featured_media":4112,"comment_status":"open","ping_status":"closed","template":"","meta":{"_monsterinsights_skip_tracking":false,"_monsterinsights_sitenote_active":false,"_monsterinsights_sitenote_note":"","_monsterinsights_sitenote_category":0},"product_brand":[],"product_cat":[88],"product_tag":[],"class_list":{"0":"post-4119","1":"product","2":"type-product","3":"status-publish","4":"has-post-thumbnail","6":"product_cat-armbaender-mit-edelsteinen-und-halbedelsteinen","7":"wcpa_has_options","9":"first","10":"instock","11":"sale","12":"shipping-taxable","13":"purchasable","14":"product-type-simple"},"_links":{"self":[{"href":"https:\/\/www.kimstones.com\/de\/wp-json\/wp\/v2\/product\/4119","targetHints":{"allow":["GET"]}}],"collection":[{"href":"https:\/\/www.kimstones.com\/de\/wp-json\/wp\/v2\/product"}],"about":[{"href":"https:\/\/www.kimstones.com\/de\/wp-json\/wp\/v2\/types\/product"}],"replies":[{"embeddable":true,"href":"https:\/\/www.kimstones.com\/de\/wp-json\/wp\/v2\/comments?post=4119"}],"wp:featuredmedia":[{"embeddable":true,"href":"https:\/\/www.kimstones.com\/de\/wp-json\/wp\/v2\/media\/4112"}],"wp:attachment":[{"href":"https:\/\/www.kimstones.com\/de\/wp-json\/wp\/v2\/media?parent=4119"}],"wp:term":[{"taxonomy":"product_brand","embeddable":true,"href":"https:\/\/www.kimstones.com\/de\/wp-json\/wp\/v2\/product_brand?post=4119"},{"taxonomy":"product_cat","embeddable":true,"href":"https:\/\/www.kimstones.com\/de\/wp-json\/wp\/v2\/product_cat?post=4119"},{"taxonomy":"product_tag","embeddable":true,"href":"https:\/\/www.kimstones.com\/de\/wp-json\/wp\/v2\/product_tag?post=4119"}],"curies":[{"name":"wp","href":"https:\/\/api.w.org\/{rel}","templated":true}]}}