{"id":4105,"date":"2017-03-24T21:32:32","date_gmt":"2017-03-24T21:32:32","guid":{"rendered":"https:\/\/www.kimstones.com\/izdelek\/armband-fur-kinder\/"},"modified":"2017-03-24T21:32:32","modified_gmt":"2017-03-24T21:32:32","slug":"armband-fur-kinder","status":"publish","type":"product","link":"https:\/\/www.kimstones.com\/de\/produkt\/armband-fur-kinder\/","title":{"rendered":"Armband f\u00fcr Kinder"},"content":{"rendered":"","protected":false},"excerpt":{"rendered":"<p>Das Babyarmband enth\u00e4lt Strasssteine f\u00fcr die von Ihnen ausgew\u00e4hlten Aspekte der Geburtsurkunde. Es kann f\u00fcr zwei der folgenden Bereiche personalisiert werden: Zahnwachstum, Hyperaktivit\u00e4t, Albtr\u00e4ume, emotionale Probleme, Selbstwertgef\u00fchl, Lernen, Ausdruck, Kommunikation, Freude, Schutz und verschiedene Gesundheitsprobleme.<\/p>\n<p>Sie k\u00f6nnen bei der Bestellung auch andere spezielle W\u00fcnsche und Anforderungen angeben.<\/p>\n<p>Hinweis: Die Armb\u00e4nder sind gem\u00e4\u00df Ihrer Geburtsurkunde personalisiert, sodass sie von den Armb\u00e4ndern auf dem Foto abweichen k\u00f6nnen.<\/p>\n","protected":false},"featured_media":4106,"comment_status":"open","ping_status":"closed","template":"","meta":{"_monsterinsights_skip_tracking":false,"_monsterinsights_sitenote_active":false,"_monsterinsights_sitenote_note":"","_monsterinsights_sitenote_category":0},"product_brand":[],"product_cat":[90],"product_tag":[],"class_list":{"0":"post-4105","1":"product","2":"type-product","3":"status-publish","4":"has-post-thumbnail","6":"product_cat-armbaender","7":"wcpa_has_options","9":"first","10":"instock","11":"sale","12":"shipping-taxable","13":"purchasable","14":"product-type-simple"},"_links":{"self":[{"href":"https:\/\/www.kimstones.com\/de\/wp-json\/wp\/v2\/product\/4105","targetHints":{"allow":["GET"]}}],"collection":[{"href":"https:\/\/www.kimstones.com\/de\/wp-json\/wp\/v2\/product"}],"about":[{"href":"https:\/\/www.kimstones.com\/de\/wp-json\/wp\/v2\/types\/product"}],"replies":[{"embeddable":true,"href":"https:\/\/www.kimstones.com\/de\/wp-json\/wp\/v2\/comments?post=4105"}],"wp:featuredmedia":[{"embeddable":true,"href":"https:\/\/www.kimstones.com\/de\/wp-json\/wp\/v2\/media\/4106"}],"wp:attachment":[{"href":"https:\/\/www.kimstones.com\/de\/wp-json\/wp\/v2\/media?parent=4105"}],"wp:term":[{"taxonomy":"product_brand","embeddable":true,"href":"https:\/\/www.kimstones.com\/de\/wp-json\/wp\/v2\/product_brand?post=4105"},{"taxonomy":"product_cat","embeddable":true,"href":"https:\/\/www.kimstones.com\/de\/wp-json\/wp\/v2\/product_cat?post=4105"},{"taxonomy":"product_tag","embeddable":true,"href":"https:\/\/www.kimstones.com\/de\/wp-json\/wp\/v2\/product_tag?post=4105"}],"curies":[{"name":"wp","href":"https:\/\/api.w.org\/{rel}","templated":true}]}}