{"id":4096,"date":"2017-03-24T21:30:32","date_gmt":"2021-01-19T12:39:03","guid":{"rendered":"https:\/\/www.kimstones.com\/?post_type=product&#038;p=4096"},"modified":"2021-01-19T12:39:03","modified_gmt":"2021-01-19T12:39:03","slug":"armband-lernen","status":"publish","type":"product","link":"https:\/\/www.kimstones.com\/de\/produkt\/armband-lernen\/","title":{"rendered":"Armband lernen"},"content":{"rendered":"<p>Dieses Armband deckt Aspekte des Geburtshoroskops ab, die sich auf Lernen, Denken, Ausdruck und Kreativit\u00e4t auswirken. Es wird durch Steine f\u00fcr ein besseres Ged\u00e4chtnis, Motivation, Ausdauer, Konzentration und Vertrauen in Ihr Wissen erg\u00e4nzt. <\/p>\n<p>Hinweis: Die Armb\u00e4nder werden gem\u00e4\u00df Ihrer Geburtsurkunde personalisiert, sodass sie von den Armb\u00e4ndern auf dem Foto abweichen k\u00f6nnen.<\/p>\n","protected":false},"excerpt":{"rendered":"<p>Dieses Armband deckt Aspekte des Geburtshoroskops ab, die sich auf Lernen, Denken, Ausdruck und Kreativit\u00e4t auswirken. Es wird durch Steine f\u00fcr ein besseres Ged\u00e4chtnis, Motivation, Ausdauer, Konzentration und Vertrauen in Ihr Wissen erg\u00e4nzt. <\/p>\n<p>Hinweis: Die Armb\u00e4nder werden gem\u00e4\u00df Ihrer Geburtsurkunde personalisiert, sodass sie von den Armb\u00e4ndern auf dem Foto abweichen k\u00f6nnen.<\/p>\n","protected":false},"featured_media":4301,"comment_status":"open","ping_status":"closed","template":"","meta":{"_monsterinsights_skip_tracking":false,"_monsterinsights_sitenote_active":false,"_monsterinsights_sitenote_note":"","_monsterinsights_sitenote_category":0},"product_brand":[],"product_cat":[90],"product_tag":[],"class_list":{"0":"post-4096","1":"product","2":"type-product","3":"status-publish","4":"has-post-thumbnail","6":"product_cat-armbaender","7":"wcpa_has_options","9":"first","10":"instock","11":"sale","12":"shipping-taxable","13":"purchasable","14":"product-type-simple"},"_links":{"self":[{"href":"https:\/\/www.kimstones.com\/de\/wp-json\/wp\/v2\/product\/4096","targetHints":{"allow":["GET"]}}],"collection":[{"href":"https:\/\/www.kimstones.com\/de\/wp-json\/wp\/v2\/product"}],"about":[{"href":"https:\/\/www.kimstones.com\/de\/wp-json\/wp\/v2\/types\/product"}],"replies":[{"embeddable":true,"href":"https:\/\/www.kimstones.com\/de\/wp-json\/wp\/v2\/comments?post=4096"}],"wp:featuredmedia":[{"embeddable":true,"href":"https:\/\/www.kimstones.com\/de\/wp-json\/wp\/v2\/media\/4301"}],"wp:attachment":[{"href":"https:\/\/www.kimstones.com\/de\/wp-json\/wp\/v2\/media?parent=4096"}],"wp:term":[{"taxonomy":"product_brand","embeddable":true,"href":"https:\/\/www.kimstones.com\/de\/wp-json\/wp\/v2\/product_brand?post=4096"},{"taxonomy":"product_cat","embeddable":true,"href":"https:\/\/www.kimstones.com\/de\/wp-json\/wp\/v2\/product_cat?post=4096"},{"taxonomy":"product_tag","embeddable":true,"href":"https:\/\/www.kimstones.com\/de\/wp-json\/wp\/v2\/product_tag?post=4096"}],"curies":[{"name":"wp","href":"https:\/\/api.w.org\/{rel}","templated":true}]}}