{"id":4020,"date":"2020-11-11T19:17:48","date_gmt":"2020-11-11T19:17:48","guid":{"rendered":"https:\/\/www.kimstones.com\/izdelek\/gelber-und-orange-saphiranhanger\/"},"modified":"2020-11-11T19:17:48","modified_gmt":"2020-11-11T19:17:48","slug":"gelber-und-orange-saphiranhanger","status":"publish","type":"product","link":"https:\/\/www.kimstones.com\/de\/produkt\/gelber-und-orange-saphiranhanger\/","title":{"rendered":"Gelber und orange Saphiranh\u00e4nger"},"content":{"rendered":"","protected":false},"excerpt":{"rendered":"<p>Gelber Saphir<\/p>\n<p>\ud83c\udf3c Sch\u00fctzt den Benutzer vor dem B\u00f6sen und sorgt f\u00fcr Ehegl\u00fcck und Zufriedenheit, insbesondere f\u00fcr Frauen.<\/p>\n<p>\ud83c\udf3cWenn der Benutzer eine Frau ist, bietet er ihm einen liebevollen und erfolgreichen Br\u00e4utigam, Liebe, Zufriedenheit in der Ehe, Erben und Gl\u00fcck im Eheleben.<\/p>\n<p>&#8222;Es ist ein Jupiter-Stein, von dem Anw\u00e4lte, Anw\u00e4lte, Richter, Lehrer, Gelehrte und Schriftsteller enorm profitieren.<\/p>\n<p>\ud83c\udf3cSt\u00e4rkt die F\u00e4higkeit des Einzelnen, mit mehrdeutigen Situationen umzugehen. Es erm\u00f6glicht ihnen, die richtigen Entscheidungen zu treffen, zu disziplinieren, Lebensziele zu setzen und maximalen Erfolg zu erzielen.<\/p>\n<p>\ud83c\udf3cEs ist bekannt f\u00fcr seine Heilkr\u00e4fte bei Erkrankungen der Nieren, des Mundes, bei Rheuma, Husten und Fieber.<\/p>\n<p>\ud83c\udf3cDie Kr\u00e4fte des gelben Saphirs sch\u00fctzen den Benutzer vor einem Unfalltod.<\/p>\n<p>Es bietet Ruhe, Mut und Gl\u00fcck.<\/p>\n<p>\ud83c\udf3cGelber Saphir verringert die Neigung zum \u00c4rger.<\/p>\n<p>\ud83c\udf3cDer Benutzer erlebt seltene Lebensfreuden wie Erfolg, Intelligenz und starke Freundschaften.<\/p>\n<p>\ud83c\udf3cJupiter ist ein Planet der Weisheit und des Urteilsverm\u00f6gens, der sich ideal f\u00fcr Akademiker, Autoren, Kaufleute und K\u00fcnstler eignet<\/p>\n<p>\ud83c\udf3c Reduziert K\u00f6rperfett und heilt Haut- und Rachenerkrankungen.<\/p>\n<p>Es ist bekannt, dass es die Heilung von Stauungen beschleunigt und die Durchblutung reguliert.<\/p>\n","protected":false},"featured_media":4017,"comment_status":"open","ping_status":"closed","template":"","meta":{"_monsterinsights_skip_tracking":false,"_monsterinsights_sitenote_active":false,"_monsterinsights_sitenote_note":"","_monsterinsights_sitenote_category":0},"product_brand":[],"product_cat":[42],"product_tag":[],"class_list":{"0":"post-4020","1":"product","2":"type-product","3":"status-publish","4":"has-post-thumbnail","6":"product_cat-nekategorizirano","8":"first","9":"instock","10":"sale","11":"shipping-taxable","12":"purchasable","13":"product-type-simple"},"_links":{"self":[{"href":"https:\/\/www.kimstones.com\/de\/wp-json\/wp\/v2\/product\/4020","targetHints":{"allow":["GET"]}}],"collection":[{"href":"https:\/\/www.kimstones.com\/de\/wp-json\/wp\/v2\/product"}],"about":[{"href":"https:\/\/www.kimstones.com\/de\/wp-json\/wp\/v2\/types\/product"}],"replies":[{"embeddable":true,"href":"https:\/\/www.kimstones.com\/de\/wp-json\/wp\/v2\/comments?post=4020"}],"wp:featuredmedia":[{"embeddable":true,"href":"https:\/\/www.kimstones.com\/de\/wp-json\/wp\/v2\/media\/4017"}],"wp:attachment":[{"href":"https:\/\/www.kimstones.com\/de\/wp-json\/wp\/v2\/media?parent=4020"}],"wp:term":[{"taxonomy":"product_brand","embeddable":true,"href":"https:\/\/www.kimstones.com\/de\/wp-json\/wp\/v2\/product_brand?post=4020"},{"taxonomy":"product_cat","embeddable":true,"href":"https:\/\/www.kimstones.com\/de\/wp-json\/wp\/v2\/product_cat?post=4020"},{"taxonomy":"product_tag","embeddable":true,"href":"https:\/\/www.kimstones.com\/de\/wp-json\/wp\/v2\/product_tag?post=4020"}],"curies":[{"name":"wp","href":"https:\/\/api.w.org\/{rel}","templated":true}]}}