{"id":4018,"date":"2020-11-11T19:13:13","date_gmt":"2020-11-11T19:13:13","guid":{"rendered":"https:\/\/www.kimstones.com\/izdelek\/mehrfarbiger-saphiranhaenger\/"},"modified":"2020-11-11T19:13:13","modified_gmt":"2020-11-11T19:13:13","slug":"mehrfarbiger-saphiranhaenger","status":"publish","type":"product","link":"https:\/\/www.kimstones.com\/de\/produkt\/mehrfarbiger-saphiranhaenger\/","title":{"rendered":"Mehrfarbiger Saphiranh\u00e4nger"},"content":{"rendered":"","protected":false},"excerpt":{"rendered":"<p>Gelber Saphir<\/p>\n<p>\ud83c\udf3c Sch\u00fctzt den Benutzer vor dem B\u00f6sen und sorgt f\u00fcr Ehegl\u00fcck und Zufriedenheit, insbesondere f\u00fcr Frauen.<\/p>\n<p>\ud83c\udf3cWenn der Benutzer eine Frau ist, bietet er ihm einen liebevollen und erfolgreichen Br\u00e4utigam, Liebe, Zufriedenheit in der Ehe, Erben und Gl\u00fcck im Eheleben.<\/p>\n<p>&#8222;Es ist ein Jupiter-Stein, von dem Anw\u00e4lte, Anw\u00e4lte, Richter, Lehrer, Gelehrte und Schriftsteller enorm profitieren.<\/p>\n<p>\ud83c\udf3cSt\u00e4rkt die F\u00e4higkeit des Einzelnen, mit mehrdeutigen Situationen umzugehen. Es erm\u00f6glicht ihnen, die richtigen Entscheidungen zu treffen, zu disziplinieren, Lebensziele zu setzen und maximalen Erfolg zu erzielen.<\/p>\n<p>\ud83c\udf3cEs ist bekannt f\u00fcr seine Heilkr\u00e4fte bei Erkrankungen der Nieren, des Mundes, bei Rheuma, Husten und Fieber.<\/p>\n<p>\ud83c\udf3cDie Kr\u00e4fte des gelben Saphirs sch\u00fctzen den Benutzer vor einem Unfalltod.<\/p>\n<p>Es bietet Ruhe, Mut und Gl\u00fcck.<\/p>\n<p>\ud83c\udf3cGelber Saphir verringert die Neigung zum \u00c4rger.<\/p>\n<p>\ud83c\udf3cDer Benutzer erlebt seltene Lebensfreuden wie Erfolg, Intelligenz und starke Freundschaften.<\/p>\n<p>\ud83c\udf3cJupiter ist ein Planet der Weisheit und des Urteilsverm\u00f6gens, der sich ideal f\u00fcr Akademiker, Autoren, Kaufleute und K\u00fcnstler eignet<\/p>\n<p>\ud83c\udf3c Reduziert K\u00f6rperfett und heilt Haut- und Rachenerkrankungen.<\/p>\n<p>Es ist bekannt, dass es die Heilung von Stauungen beschleunigt und die Durchblutung reguliert.<\/p>\n<p>Gr\u00fcner Saphir<\/p>\n<p>\ud83c\udf38Gr\u00fcne Saphire sind als Stein des Friedens bekannt und bauen vor allem spirituelle Visionen auf.<\/p>\n<p>\u201eAu\u00dferdem kann dieser Edelstein auch die Weisheit der Integrit\u00e4t und Treue in Ihrem Leben tragen und das Vertrauen und gleichzeitig die Loyalit\u00e4t ehren.<\/p>\n<p>\ud83c\udf38Der Stein kann Ihre G\u00fcte und Ihr Herzchakra stimulieren und die Macht und den Nutzen anderer Menschen besser verstehen. Dies wird Toleranz und Respekt f\u00fcr die \u00dcberzeugungen anderer Menschen f\u00f6rdern.<\/p>\n<p>\ud83c\udf38Ein weiterer guter Grund, warum Sie gr\u00fcne Saphire verwenden sollten, ist, dass es sich um Premiumsteine handelt, insbesondere im Hinblick auf die Fokussierung und Beruhigung des Geistes. In der Tat wird es Ihnen helfen, unerw\u00fcnschte Gedanken und mentale Spannungen zu beseitigen.<\/p>\n<p>Auf der anderen Seite k\u00f6nnen gr\u00fcne Saphire Sie dazu inspirieren, Ihren Geist Ihrer eigenen Intelligenz und Sch\u00f6nheit auszusetzen. Dar\u00fcber hinaus kann es Leichtigkeit und Freude in das Leben der Menschen bringen und gleichzeitig das Gleichgewicht in ihrem K\u00f6rper wiederherstellen.<\/p>\n<p>\ud83c\udf38Dieser Stein kann Sie jedoch besonders sch\u00fctzen, wenn Sie eine sehr lange Reise unternehmen m\u00f6chten.<\/p>\n","protected":false},"featured_media":4014,"comment_status":"open","ping_status":"closed","template":"","meta":{"_monsterinsights_skip_tracking":false,"_monsterinsights_sitenote_active":false,"_monsterinsights_sitenote_note":"","_monsterinsights_sitenote_category":0},"product_brand":[],"product_cat":[42],"product_tag":[],"class_list":{"0":"post-4018","1":"product","2":"type-product","3":"status-publish","4":"has-post-thumbnail","6":"product_cat-nekategorizirano","8":"first","9":"instock","10":"sale","11":"shipping-taxable","12":"purchasable","13":"product-type-simple"},"_links":{"self":[{"href":"https:\/\/www.kimstones.com\/de\/wp-json\/wp\/v2\/product\/4018","targetHints":{"allow":["GET"]}}],"collection":[{"href":"https:\/\/www.kimstones.com\/de\/wp-json\/wp\/v2\/product"}],"about":[{"href":"https:\/\/www.kimstones.com\/de\/wp-json\/wp\/v2\/types\/product"}],"replies":[{"embeddable":true,"href":"https:\/\/www.kimstones.com\/de\/wp-json\/wp\/v2\/comments?post=4018"}],"wp:featuredmedia":[{"embeddable":true,"href":"https:\/\/www.kimstones.com\/de\/wp-json\/wp\/v2\/media\/4014"}],"wp:attachment":[{"href":"https:\/\/www.kimstones.com\/de\/wp-json\/wp\/v2\/media?parent=4018"}],"wp:term":[{"taxonomy":"product_brand","embeddable":true,"href":"https:\/\/www.kimstones.com\/de\/wp-json\/wp\/v2\/product_brand?post=4018"},{"taxonomy":"product_cat","embeddable":true,"href":"https:\/\/www.kimstones.com\/de\/wp-json\/wp\/v2\/product_cat?post=4018"},{"taxonomy":"product_tag","embeddable":true,"href":"https:\/\/www.kimstones.com\/de\/wp-json\/wp\/v2\/product_tag?post=4018"}],"curies":[{"name":"wp","href":"https:\/\/api.w.org\/{rel}","templated":true}]}}