{"id":3962,"date":"2020-11-10T17:43:12","date_gmt":"2020-11-10T17:43:12","guid":{"rendered":"https:\/\/www.kimstones.com\/izdelek\/saphiranhanger-4\/"},"modified":"2020-11-10T17:43:12","modified_gmt":"2020-11-10T17:43:12","slug":"saphiranhanger-4","status":"publish","type":"product","link":"https:\/\/www.kimstones.com\/de\/produkt\/saphiranhanger-4\/","title":{"rendered":"Saphiranh\u00e4nger"},"content":{"rendered":"","protected":false},"excerpt":{"rendered":"<p>\u201eSaphir ist ein Stein der Weisheit. Es st\u00e4rkt das Ged\u00e4chtnis, regt das Verlangen nach Wissen an und gibt Inspiration.<\/p>\n<p>\ud83c\udf38Diese Steine haben eine gute Heilwirkung im Hals-Chakra und sind besonders daf\u00fcr bekannt, bei Schilddr\u00fcsenproblemen zu helfen.<\/p>\n<p>\ud83c\udf38Im Allgemeinen helfen sie dem Dr\u00fcsensystem und beruhigen bei Bedarf \u00fcberaktive K\u00f6rperfunktionen. Sie helfen, Augen und Sehbehinderung zu heilen.<\/p>\n<p>\ud83c\udf38Diese blauen Steine k\u00f6nnen bei Problemen im Zusammenhang mit dem Gehirn, einschlie\u00dflich Legasthenie, helfen.<br \/>\nSie haben auch eine starke Energie, die bei der emotionalen Heilung hilft.<br \/>\nSie helfen beim Lernen mit besserem Ged\u00e4chtnis und Ausdauer.<\/p>\n<p>\ud83c\udf38Sie haben eine beruhigende Energie, die fr\u00f6hliche Gef\u00fchle f\u00f6rdert, Ruhe bringt und hilft, Stress abzubauen.<\/p>\n<p>VajoSie haben eine gute Wirkung bei der Reduzierung von Depressionen, sie sollten n\u00fctzlich sein, um einige Arten von psychischen Erkrankungen zu behandeln.<\/p>\n<p>\ud83c\udf38Wenn wir es nah am Herzen tragen, ist es ein sehr starker Schutz vor schlechten Absichten; Neid, Verleumdung und Verrat.<\/p>\n<p>IthMit Saphir erreichen wir spirituellen Fortschritt, weil er die Leidenschaft des K\u00f6rpers beruhigt, Trost bringt und der Seele hilft, sich von dem Unn\u00f6tigen zu reinigen, das unser K\u00f6rper nicht mag.<\/p>\n<p>\ud83c\udf38Es bringt Mut, Entschlossenheit und Selbstdisziplin in die schwierigsten Momente des Lebens.<\/p>\n<p>AppSapphire zieht Freunde an und wehrt Feinde ab und bringt Loyalit\u00e4t und mehr Liebe in eine Partnerschaft. Daher eignet es sich auch als Verlobungsring.<\/p>\n","protected":false},"featured_media":3963,"comment_status":"open","ping_status":"closed","template":"","meta":{"_monsterinsights_skip_tracking":false,"_monsterinsights_sitenote_active":false,"_monsterinsights_sitenote_note":"","_monsterinsights_sitenote_category":0},"product_brand":[],"product_cat":[42],"product_tag":[],"class_list":{"0":"post-3962","1":"product","2":"type-product","3":"status-publish","4":"has-post-thumbnail","6":"product_cat-nekategorizirano","8":"first","9":"instock","10":"sale","11":"shipping-taxable","12":"purchasable","13":"product-type-simple"},"_links":{"self":[{"href":"https:\/\/www.kimstones.com\/de\/wp-json\/wp\/v2\/product\/3962","targetHints":{"allow":["GET"]}}],"collection":[{"href":"https:\/\/www.kimstones.com\/de\/wp-json\/wp\/v2\/product"}],"about":[{"href":"https:\/\/www.kimstones.com\/de\/wp-json\/wp\/v2\/types\/product"}],"replies":[{"embeddable":true,"href":"https:\/\/www.kimstones.com\/de\/wp-json\/wp\/v2\/comments?post=3962"}],"wp:featuredmedia":[{"embeddable":true,"href":"https:\/\/www.kimstones.com\/de\/wp-json\/wp\/v2\/media\/3963"}],"wp:attachment":[{"href":"https:\/\/www.kimstones.com\/de\/wp-json\/wp\/v2\/media?parent=3962"}],"wp:term":[{"taxonomy":"product_brand","embeddable":true,"href":"https:\/\/www.kimstones.com\/de\/wp-json\/wp\/v2\/product_brand?post=3962"},{"taxonomy":"product_cat","embeddable":true,"href":"https:\/\/www.kimstones.com\/de\/wp-json\/wp\/v2\/product_cat?post=3962"},{"taxonomy":"product_tag","embeddable":true,"href":"https:\/\/www.kimstones.com\/de\/wp-json\/wp\/v2\/product_tag?post=3962"}],"curies":[{"name":"wp","href":"https:\/\/api.w.org\/{rel}","templated":true}]}}